{"id":72338,"date":"2025-07-30T18:43:49","date_gmt":"2025-07-30T16:43:49","guid":{"rendered":"https:\/\/www.beatnikshoes.com\/?post_type=product&p=72338"},"modified":"2025-07-31T21:20:03","modified_gmt":"2025-07-31T19:20:03","slug":"mocassins-ante-castanho","status":"publish","type":"product","link":"https:\/\/www.beatnikshoes.com\/pt-pt\/sapatos-feitos-a-mao\/mocassins-ante-castanho\/","title":{"rendered":"Welch &#8211; Mocassins de camur\u00e7a castanhos com estribo para homens elegantes"},"content":{"rendered":"<h3 data-section-id=\"11s9ht0\" data-start=\"297\" data-end=\"357\"><strong data-start=\"301\" data-end=\"357\">Beatnik Welch &#8211; Mocassins de camur\u00e7a castanhos com estribos<\/strong><\/h3>\n<p data-start=\"359\" data-end=\"768\"><strong data-start=\"359\" data-end=\"404\">Estilo intemporal, eleg\u00e2ncia sem esfor\u00e7o.<\/strong><\/p>\n<p data-start=\"359\" data-end=\"768\"><br data-start=\"404\" data-end=\"407\"\/>O novo <strong data-start=\"418\" data-end=\"435\">Beatnik Welch<\/strong> \u00e9 uma reinterpreta\u00e7\u00e3o refinada do cl\u00e1ssico mocassim para homem. Feitos \u00e0 m\u00e3o em Espanha a partir de materiais de primeira qualidade, estes m<strong data-start=\"570\" data-end=\"610\">ocassins de camur\u00e7a castanha com estribos<\/strong> combinam a est\u00e9tica do estilo tradicional ingl\u00eas com o artesanato espanhol, garantindo conforto, durabilidade e sofistica\u00e7\u00e3o a cada passo. <\/p>\n<p data-start=\"770\" data-end=\"1106\">Desde a sua funda\u00e7\u00e3o em 2014, a Beatnik Shoes aposta num modelo de produ\u00e7\u00e3o 100% nacional, sem intermedi\u00e1rios ou lojas f\u00edsicas. Desenhamos e fabricamos todos os nossos produtos em colabora\u00e7\u00e3o com oficinas locais que partilham a nossa vis\u00e3o: fazer cal\u00e7ado de exce\u00e7\u00e3o, com alma, baseado no respeito pelo artesanato e pelos recursos. <\/p>\n<h4 data-start=\"1108\" data-end=\"1146\"><strong data-start=\"1113\" data-end=\"1146\">Carater\u00edsticas do produto:<\/strong><\/h4>\n<ul data-start=\"1148\" data-end=\"1717\">\n<li data-start=\"1148\" data-end=\"1208\">\n<p data-start=\"1150\" data-end=\"1208\">Mocassim cl\u00e1ssico para homem com design de <strong data-start=\"1194\" data-end=\"1206\">chinelo<\/strong><\/p>\n<\/li>\n<li data-start=\"1209\" data-end=\"1286\">\n<p data-start=\"1211\" data-end=\"1286\">Fabricada em <strong data-start=\"1224\" data-end=\"1255\">camur\u00e7a castanha de alta qualidade<\/strong>, com uma textura flex\u00edvel e macia<\/p>\n<\/li>\n<li data-start=\"1287\" data-end=\"1365\">\n<p data-start=\"1289\" data-end=\"1365\">Aplica\u00e7\u00e3o met\u00e1lica <strong data-start=\"1306\" data-end=\"1318\">prateada<\/strong> no peito do p\u00e9, que confere distin\u00e7\u00e3o e estilo<\/p>\n<\/li>\n<li data-start=\"1366\" data-end=\"1434\">\n<p data-start=\"1368\" data-end=\"1434\">Forrado em <strong data-start=\"1379\" data-end=\"1398\">couro de vitelo<\/strong> macio, respir\u00e1vel e dur\u00e1vel<\/p>\n<\/li>\n<li data-start=\"1435\" data-end=\"1504\">\n<p data-start=\"1437\" data-end=\"1504\"><strong data-start=\"1437\" data-end=\"1463\">Sola de couro genu\u00edno<\/strong>, cosida \u00e0 m\u00e3o por artes\u00e3os espanh\u00f3is<\/p>\n<\/li>\n<li data-start=\"1505\" data-end=\"1583\">\n<p data-start=\"1507\" data-end=\"1583\">Acabamento castanho vers\u00e1til, ideal para looks de ver\u00e3o e de meia esta\u00e7\u00e3o.<\/p>\n<\/li>\n<li data-start=\"1584\" data-end=\"1659\">\n<p data-start=\"1586\" data-end=\"1659\">Pode ser combinado com tons claros, bege, verde, azul-marinho ou mesmo branco.<\/p>\n<\/li>\n<li data-start=\"1660\" data-end=\"1717\">\n<p data-start=\"1662\" data-end=\"1717\">Produ\u00e7\u00e3o limitada e totalmente <strong data-start=\"1698\" data-end=\"1717\">fabricada em Espanha<\/strong><\/p>\n<\/li>\n<\/ul>\n<p data-start=\"1719\" data-end=\"2018\">Este modelo foi concebido para o homem que valoriza o bom gosto, a qualidade tang\u00edvel e os produtos que contam uma hist\u00f3ria. A constru\u00e7\u00e3o sem atacadores e o <strong data-start=\"1883\" data-end=\"1903\">estribo met\u00e1lico<\/strong> conferem-lhe um toque elegante e masculino, perfeito tanto para os trajes descontra\u00eddos como para os mais formais. <\/p>\n<p data-start=\"2020\" data-end=\"2335\">Os sapatos <strong data-start=\"2020\" data-end=\"2041\">Beatnik Welch <\/strong>n\u00e3o seguem tend\u00eancias: enquadram-se num guarda-roupa constru\u00eddo com base na consist\u00eancia, durabilidade e um profundo respeito pela est\u00e9tica cl\u00e1ssica. O seu conforto e acabamento fazem deles a escolha ideal para quem procura mais do que um simples sapato: um investimento em estilo e tradi\u00e7\u00e3o. <\/p>\n<p data-start=\"2337\" data-end=\"2498\">O <strong data-start=\"2337\" data-end=\"2354\">Beatnik Welch<\/strong> \u00e9 a defini\u00e7\u00e3o de um mocassim contempor\u00e2neo com ra\u00edzes aut\u00eanticas.<br data-start=\"2419\" data-end=\"2422\"\/>Uma pe\u00e7a essencial para aqueles que entendem que o cl\u00e1ssico nunca sai de moda.<\/p>\n","protected":false},"excerpt":{"rendered":"<h2>Mocassins de camur\u00e7a castanhos com estribos feitos \u00e0 m\u00e3o em Espanha<\/h2>\n<p>Material exterior: Camur\u00e7a castanha<br \/>\nForro: Pele de vaca roxa<br \/>\nMaterial da sola: Couro natural<br \/>\nFecho: Sem fecho<br \/>\nTipo de salto: Baixo<\/p>\n<p><strong>\u00daltimo tipo: Normal, encomendar o seu tamanho habitual<\/strong><\/p>\n","protected":false},"featured_media":75965,"comment_status":"open","ping_status":"closed","template":"","meta":[],"product_brand":[],"product_cat":[9449,9198],"product_tag":[11953,11954,11952,11955,11948,11951,11949,11950],"woo-feed-brand":[],"class_list":{"0":"post-72338","1":"product","2":"type-product","3":"status-publish","4":"has-post-thumbnail","6":"product_cat-mocassins-pt-pt","7":"product_cat-sapatos-de-homem","8":"product_tag-chinelo-de-camurca-castanho-para-homem","9":"product_tag-chinelo-de-homem-castanho-com-sola-de-couro","10":"product_tag-chinelos-de-camurca-castanhos-para-homem","11":"product_tag-loafer-de-camurca-castanho-para-homem-horsebit","12":"product_tag-mocassins-castanhos-para-homem","13":"product_tag-mocassins-de-camurca-castanha-com-estribos-para-homem","14":"product_tag-mocassins-de-camurca-castanhos-para-homem","15":"product_tag-mocassins-de-camurca-com-estribos-para-homem","16":"pa_talla-zapato-39-pt-pt","17":"pa_talla-zapato-40-pt-pt","18":"pa_talla-zapato-41-pt-pt","19":"pa_talla-zapato-42-pt-pt","20":"pa_talla-zapato-43-pt-pt","21":"pa_talla-zapato-44-pt-pt","22":"pa_talla-zapato-45-pt-pt","23":"pa_talla-zapato-46-pt-pt","25":"first","26":"instock","27":"sale","28":"taxable","29":"shipping-taxable","30":"purchasable","31":"product-type-variable"},"_links":{"self":[{"href":"https:\/\/www.beatnikshoes.com\/pt-pt\/wp-json\/wp\/v2\/product\/72338","targetHints":{"allow":["GET"]}}],"collection":[{"href":"https:\/\/www.beatnikshoes.com\/pt-pt\/wp-json\/wp\/v2\/product"}],"about":[{"href":"https:\/\/www.beatnikshoes.com\/pt-pt\/wp-json\/wp\/v2\/types\/product"}],"replies":[{"embeddable":true,"href":"https:\/\/www.beatnikshoes.com\/pt-pt\/wp-json\/wp\/v2\/comments?post=72338"}],"wp:featuredmedia":[{"embeddable":true,"href":"https:\/\/www.beatnikshoes.com\/pt-pt\/wp-json\/wp\/v2\/media\/75965"}],"wp:attachment":[{"href":"https:\/\/www.beatnikshoes.com\/pt-pt\/wp-json\/wp\/v2\/media?parent=72338"}],"wp:term":[{"taxonomy":"product_brand","embeddable":true,"href":"https:\/\/www.beatnikshoes.com\/pt-pt\/wp-json\/wp\/v2\/product_brand?post=72338"},{"taxonomy":"product_cat","embeddable":true,"href":"https:\/\/www.beatnikshoes.com\/pt-pt\/wp-json\/wp\/v2\/product_cat?post=72338"},{"taxonomy":"product_tag","embeddable":true,"href":"https:\/\/www.beatnikshoes.com\/pt-pt\/wp-json\/wp\/v2\/product_tag?post=72338"},{"taxonomy":"woo-feed-brand","embeddable":true,"href":"https:\/\/www.beatnikshoes.com\/pt-pt\/wp-json\/wp\/v2\/woo-feed-brand?post=72338"}],"curies":[{"name":"wp","href":"https:\/\/api.w.org\/{rel}","templated":true}]}}