{"id":72027,"date":"2025-07-25T01:17:47","date_gmt":"2025-07-24T23:17:47","guid":{"rendered":"https:\/\/www.beatnikshoes.com\/zapatos-hechos-a-mano\/beatnik-lucien-beige\/"},"modified":"2025-07-29T19:56:02","modified_gmt":"2025-07-29T17:56:02","slug":"beatnik-lucien-beige","status":"publish","type":"product","link":"https:\/\/www.beatnikshoes.com\/pt-pt\/sapatos-feitos-a-mao\/beatnik-lucien-beige\/","title":{"rendered":"Beatnik Lucien Beige, Oxford para homem em pele bege"},"content":{"rendered":"<h3 data-start=\"445\" data-end=\"506\"><strong data-start=\"449\" data-end=\"506\">Lucien Beige &#8211; Sapato Oxford para homem em pele bege<\/strong><\/h3>\n<p data-start=\"508\" data-end=\"798\"><strong data-start=\"508\" data-end=\"552\">Design cl\u00e1ssico, artesanato contempor\u00e2neo<\/strong>. O modelo <strong data-start=\"563\" data-end=\"579\">Lucien Beige<\/strong> da Beatnik Shoes \u00e9 um <strong data-start=\"603\" data-end=\"633\">sapato Blucher Oxford para homem de cor creme<\/strong>, 100% fabricado em Espanha, que combina o estilo ingl\u00eas mais tradicional com a excel\u00eancia da pele de vitelo e o conforto do cal\u00e7ado feito \u00e0 m\u00e3o.<\/p>\n<h4 data-start=\"800\" data-end=\"831\"><strong data-start=\"805\" data-end=\"831\">Detalhes do produto:<\/strong><\/h4>\n<ul data-start=\"833\" data-end=\"1373\">\n<li data-start=\"833\" data-end=\"919\">\n<p data-start=\"835\" data-end=\"919\"><strong data-start=\"842\" data-end=\"865\">Sapatos Oxford Blucher <\/strong>cl\u00e1ssicos e intemporais com design <strong data-start=\"877\" data-end=\"896\">Longwing Brogue.<\/strong><\/p>\n<\/li>\n<li data-start=\"920\" data-end=\"1004\">\n<p data-start=\"922\" data-end=\"1004\">Fabricada em <strong data-start=\"939\" data-end=\"974\">pele de vitelo de alta qualidade<\/strong>, macia, flex\u00edvel e duradoura, de cor creme<\/p>\n<\/li>\n<li data-start=\"1005\" data-end=\"1077\">\n<p data-start=\"1007\" data-end=\"1077\"><strong data-start=\"1007\" data-end=\"1044\">Forro interior em pele de vitela<\/strong> para maior frescura e conforto<\/p>\n<\/li>\n<li data-start=\"1078\" data-end=\"1146\">\n<p data-start=\"1080\" data-end=\"1146\"><strong data-start=\"1080\" data-end=\"1106\">Sola de couro genu\u00edno<\/strong>, cosida \u00e0 m\u00e3o por artes\u00e3os especializados<\/p>\n<\/li>\n<li data-start=\"1147\" data-end=\"1215\">\n<p data-start=\"1149\" data-end=\"1215\">Acabamento artesanal em <strong data-start=\"1175\" data-end=\"1192\">bege natural<\/strong>, vers\u00e1til e elegante.<\/p>\n<\/li>\n<li data-start=\"1216\" data-end=\"1309\">\n<p data-start=\"1218\" data-end=\"1309\">Ideal para <strong data-start=\"1229\" data-end=\"1253\">o ver\u00e3o e para a meia esta\u00e7\u00e3o<\/strong>, facilmente combin\u00e1vel com cores neutras, terrosas ou brilhantes<\/p>\n<\/li>\n<li data-start=\"1310\" data-end=\"1373\">\n<p data-start=\"1312\" data-end=\"1373\">Concebida e produzida inteiramente em <strong data-start=\"1349\" data-end=\"1359\">Espanha,<\/strong> desde 2014.<\/p>\n<\/li>\n<\/ul>\n<p data-start=\"1375\" data-end=\"1655\">Este <strong data-start=\"1380\" data-end=\"1422\">sapato Oxford para homem em pele bege<\/strong> foi concebido para aqueles que valorizam a qualidade, o design cl\u00e1ssico e o compromisso com o artesanato local. A sua constru\u00e7\u00e3o cuidada e os materiais nobres garantem um andar confort\u00e1vel e uma presen\u00e7a distinta, esta\u00e7\u00e3o ap\u00f3s esta\u00e7\u00e3o. <\/p>\n","protected":false},"excerpt":{"rendered":"<h2>Blucher de couro bege feito \u00e0 m\u00e3o em Espanha<\/h2>\n<p>Material exterior: Pele de bezerro<br \/>\nForro: Pele de vaca roxa<br \/>\nMaterial da sola: Couro cosido e uma fina camada antiderrapante injectada<br \/>\nFecho: atacadores<br \/>\nTipo de salto: Baixo<\/p>\n<p><strong>\u00daltimo tipo: Grande, encomendar um tamanho mais pequeno do que o habitual.<\/strong><\/p>\n","protected":false},"featured_media":74439,"comment_status":"open","ping_status":"closed","template":"","meta":[],"product_brand":[],"product_cat":[9205,9198,9204],"product_tag":[11898,11901,11897,11900,11899,11902],"woo-feed-brand":[],"class_list":{"0":"post-72027","1":"product","2":"type-product","3":"status-publish","4":"has-post-thumbnail","6":"product_cat-sapatos-blucher-de-homem","7":"product_cat-sapatos-de-homem","8":"product_cat-sapatos-oxford-para-homem","9":"product_tag-blucher-de-couro-bege-para-homem","10":"product_tag-blucher-de-couro-creme-para-homem","11":"product_tag-oxford-de-couro-bege-para-homem","12":"product_tag-oxford-de-couro-creme-para-homem","13":"product_tag-sapatos-de-couro-bege-com-atacadores-para-homem","14":"product_tag-sapatos-de-renda-creme-para-homem","15":"pa_talla-zapato-39-pt-pt","16":"pa_talla-zapato-40-pt-pt","17":"pa_talla-zapato-41-pt-pt","18":"pa_talla-zapato-42-pt-pt","19":"pa_talla-zapato-43-pt-pt","20":"pa_talla-zapato-44-pt-pt","21":"pa_talla-zapato-45-pt-pt","22":"pa_talla-zapato-46-pt-pt","24":"first","25":"instock","26":"sale","27":"taxable","28":"shipping-taxable","29":"purchasable","30":"product-type-variable"},"_links":{"self":[{"href":"https:\/\/www.beatnikshoes.com\/pt-pt\/wp-json\/wp\/v2\/product\/72027","targetHints":{"allow":["GET"]}}],"collection":[{"href":"https:\/\/www.beatnikshoes.com\/pt-pt\/wp-json\/wp\/v2\/product"}],"about":[{"href":"https:\/\/www.beatnikshoes.com\/pt-pt\/wp-json\/wp\/v2\/types\/product"}],"replies":[{"embeddable":true,"href":"https:\/\/www.beatnikshoes.com\/pt-pt\/wp-json\/wp\/v2\/comments?post=72027"}],"wp:featuredmedia":[{"embeddable":true,"href":"https:\/\/www.beatnikshoes.com\/pt-pt\/wp-json\/wp\/v2\/media\/74439"}],"wp:attachment":[{"href":"https:\/\/www.beatnikshoes.com\/pt-pt\/wp-json\/wp\/v2\/media?parent=72027"}],"wp:term":[{"taxonomy":"product_brand","embeddable":true,"href":"https:\/\/www.beatnikshoes.com\/pt-pt\/wp-json\/wp\/v2\/product_brand?post=72027"},{"taxonomy":"product_cat","embeddable":true,"href":"https:\/\/www.beatnikshoes.com\/pt-pt\/wp-json\/wp\/v2\/product_cat?post=72027"},{"taxonomy":"product_tag","embeddable":true,"href":"https:\/\/www.beatnikshoes.com\/pt-pt\/wp-json\/wp\/v2\/product_tag?post=72027"},{"taxonomy":"woo-feed-brand","embeddable":true,"href":"https:\/\/www.beatnikshoes.com\/pt-pt\/wp-json\/wp\/v2\/woo-feed-brand?post=72027"}],"curies":[{"name":"wp","href":"https:\/\/api.w.org\/{rel}","templated":true}]}}