{"id":72008,"date":"2025-07-25T01:22:12","date_gmt":"2025-07-24T23:22:12","guid":{"rendered":"https:\/\/www.beatnikshoes.com\/zapatos-hechos-a-mano\/oxfords-mulher-azul-escuro-azul\/"},"modified":"2025-07-29T19:08:16","modified_gmt":"2025-07-29T17:08:16","slug":"oxfords-mulher-azul-escuro-azul","status":"publish","type":"product","link":"https:\/\/www.beatnikshoes.com\/pt-pt\/sapatos-feitos-a-mao\/oxfords-mulher-azul-escuro-azul\/","title":{"rendered":"Ethel Blue Volare, o Oxford azul celeste para mulher"},"content":{"rendered":"<h3 data-start=\"350\" data-end=\"419\"><strong data-start=\"354\" data-end=\"419\">Ethel Blue Volare &#8211; Sapatos oxford de couro azul claro para mulher<\/strong><\/h3>\n<p data-start=\"421\" data-end=\"466\"><strong data-start=\"421\" data-end=\"466\">Edi\u00e7\u00e3o limitada &#8211; Cole\u00e7\u00e3o c\u00e1psula 2025<\/strong><\/p>\n<p data-start=\"468\" data-end=\"784\">O modelo <strong data-start=\"478\" data-end=\"499\">Ethel Blue Volare<\/strong> \u00e9 muito mais do que um sapato: \u00e9 uma express\u00e3o de estilo, personalidade e compromisso. \u00c9 um elegante <strong data-start=\"607\" data-end=\"633\">sapato Oxford para mulher<\/strong>, fabricado \u00e0 m\u00e3o em Espanha, com uma cuidadosa sele\u00e7\u00e3o de materiais e uma est\u00e9tica que combina o cl\u00e1ssico com um ar fresco e contempor\u00e2neo. <\/p>\n<p data-start=\"786\" data-end=\"1130\">Este Oxford \u00e9 fabricado em <strong data-start=\"820\" data-end=\"851\">pele de vitela ultra-suave<\/strong>, escolhida pela sua adaptabilidade ao p\u00e9, leveza e aspeto refinado. O design incorpora a <strong data-start=\"971\" data-end=\"991\">costura tradicional de brogue<\/strong> na parte superior, acrescentando textura, car\u00e1cter e uma refer\u00eancia \u00e0 heran\u00e7a cl\u00e1ssica do cal\u00e7ado ingl\u00eas, reinterpretada com uma sensibilidade moderna. <\/p>\n<p data-start=\"1132\" data-end=\"1413\">O <strong data-start=\"1141\" data-end=\"1155\">azul claro<\/strong> de inspira\u00e7\u00e3o italiana traz um toque delicado mas vibrante, ideal para quem procura destacar-se com eleg\u00e2ncia e personalidade. \u00c9 um tom vers\u00e1til que funciona na primavera, no ver\u00e3o ou entre esta\u00e7\u00f5es, combinando com neutros, past\u00e9is, brancos, ganga e muito mais. <\/p>\n<p data-start=\"1415\" data-end=\"1707\">O interior \u00e9 totalmente <strong data-start=\"1446\" data-end=\"1476\">forrado com pele de vitela,<\/strong> oferecendo uma sensa\u00e7\u00e3o suave, respir\u00e1vel e confort\u00e1vel sob os p\u00e9s. A <strong data-start=\"1538\" data-end=\"1564\">sola de couro genu\u00edno<\/strong>, cosida com precis\u00e3o pelos nossos artes\u00e3os, incorpora uma <strong data-start=\"1625\" data-end=\"1653\">fina camada antiderrapante<\/strong>, proporcionando seguran\u00e7a sem comprometer a est\u00e9tica. <\/p>\n<p data-start=\"1709\" data-end=\"1948\"><strong data-start=\"1709\" data-end=\"1730\">Ethel Blue Volare<\/strong> faz parte da nossa <strong data-start=\"1754\" data-end=\"1780\">cole\u00e7\u00e3o c\u00e1psula 2025<\/strong> de edi\u00e7\u00e3o limitada. Como todos os modelos da Beatnik Shoes, \u00e9 um modelo <strong data-start=\"1869\" data-end=\"1882\">intemporal,<\/strong> concebido para durar no guarda-roupa para al\u00e9m das modas passageiras. <\/p>\n<p data-start=\"1950\" data-end=\"2257\">Todos os nossos sapatos s\u00e3o <strong data-start=\"1976\" data-end=\"2021\">concebidos e produzidos inteiramente em Espanha<\/strong>, em colabora\u00e7\u00e3o com oficinas locais que partilham a nossa vis\u00e3o de uma <strong data-start=\"2096\" data-end=\"2119\">economia sustent\u00e1vel<\/strong> e de uma produ\u00e7\u00e3o \u00e9tica. Vendemos exclusivamente online, sem intermedi\u00e1rios, para lhe oferecer <strong data-start=\"2211\" data-end=\"2256\">a melhor qualidade ao melhor pre\u00e7o poss\u00edvel.<\/strong> <\/p>\n<p data-start=\"2259\" data-end=\"2415\">Um sapato concebido para mulheres que valorizam a criatividade, a autenticidade e a beleza de um trabalho bem feito.<br data-start=\"2371\" data-end=\"2374\"\/><strong data-start=\"2374\" data-end=\"2395\">Ethel Blue Volare <\/strong>\u00e9 estilo com alma<\/p>\n","protected":false},"excerpt":{"rendered":"<h2>Oxford de couro azul para mulher, fabricado \u00e0 m\u00e3o em Espanha<\/h2>\n<p>Material exterior: Pele de bezerro<br \/>\nForro: Pele de vaca roxa<br \/>\nMaterial da sola: Couro cosido e uma fina camada antiderrapante injectada<br \/>\nFecho: atacadores<br \/>\nTipo de salto: Baixo<\/p>\n<p><strong>Tipo de cal\u00e7ado: Normal, encomendar o tamanho habitual<\/strong><\/p>\n","protected":false},"featured_media":76950,"comment_status":"open","ping_status":"closed","template":"","meta":[],"product_brand":[],"product_cat":[9057,9027,9056],"product_tag":[11882,11884,11883,11886,11885,11887,11889,11888,11890],"woo-feed-brand":[],"class_list":{"0":"post-72008","1":"product","2":"type-product","3":"status-publish","4":"has-post-thumbnail","6":"product_cat-sapatos-blucher-para-mulher","7":"product_cat-sapatos-de-senhora","8":"product_cat-sapatos-oxford-para-mulher","9":"product_tag-blucher-de-couro-azul-celeste-para-mulher","10":"product_tag-blucher-de-couro-azul-claro-para-mulher-pt-pt","11":"product_tag-blucher-de-couro-azul-claro-para-mulher","12":"product_tag-oxford-feminino-em-pele-azul-claro","13":"product_tag-oxford-para-mulher-em-pele-azul-celeste","14":"product_tag-oxford-para-mulher-em-pele-azul-clara","15":"product_tag-sapato-de-couro-azul-claro-com-atacadores-para-mulher","16":"product_tag-sapato-de-senhora-com-atacadores-em-pele-azul-celeste","17":"product_tag-sapatos-de-couro-azul-claro-com-atacadores-para-mulher","18":"pa_talla-zapato-35-pt-pt","19":"pa_talla-zapato-36-pt-pt","20":"pa_talla-zapato-37-pt-pt","21":"pa_talla-zapato-38-pt-pt","22":"pa_talla-zapato-39-pt-pt","23":"pa_talla-zapato-40-pt-pt","24":"pa_talla-zapato-41-pt-pt","25":"pa_talla-zapato-42-pt-pt","27":"first","28":"instock","29":"sale","30":"taxable","31":"shipping-taxable","32":"purchasable","33":"product-type-variable"},"_links":{"self":[{"href":"https:\/\/www.beatnikshoes.com\/pt-pt\/wp-json\/wp\/v2\/product\/72008","targetHints":{"allow":["GET"]}}],"collection":[{"href":"https:\/\/www.beatnikshoes.com\/pt-pt\/wp-json\/wp\/v2\/product"}],"about":[{"href":"https:\/\/www.beatnikshoes.com\/pt-pt\/wp-json\/wp\/v2\/types\/product"}],"replies":[{"embeddable":true,"href":"https:\/\/www.beatnikshoes.com\/pt-pt\/wp-json\/wp\/v2\/comments?post=72008"}],"wp:featuredmedia":[{"embeddable":true,"href":"https:\/\/www.beatnikshoes.com\/pt-pt\/wp-json\/wp\/v2\/media\/76950"}],"wp:attachment":[{"href":"https:\/\/www.beatnikshoes.com\/pt-pt\/wp-json\/wp\/v2\/media?parent=72008"}],"wp:term":[{"taxonomy":"product_brand","embeddable":true,"href":"https:\/\/www.beatnikshoes.com\/pt-pt\/wp-json\/wp\/v2\/product_brand?post=72008"},{"taxonomy":"product_cat","embeddable":true,"href":"https:\/\/www.beatnikshoes.com\/pt-pt\/wp-json\/wp\/v2\/product_cat?post=72008"},{"taxonomy":"product_tag","embeddable":true,"href":"https:\/\/www.beatnikshoes.com\/pt-pt\/wp-json\/wp\/v2\/product_tag?post=72008"},{"taxonomy":"woo-feed-brand","embeddable":true,"href":"https:\/\/www.beatnikshoes.com\/pt-pt\/wp-json\/wp\/v2\/woo-feed-brand?post=72008"}],"curies":[{"name":"wp","href":"https:\/\/api.w.org\/{rel}","templated":true}]}}