{"id":67433,"date":"2024-10-25T22:22:44","date_gmt":"2024-10-25T20:22:44","guid":{"rendered":"https:\/\/www.beatnikshoes.com\/?post_type=product&#038;p=67433"},"modified":"2025-08-23T21:37:28","modified_gmt":"2025-08-23T19:37:28","slug":"burgundy-sapatos-de-couro-para-mulher-com-estribo","status":"publish","type":"product","link":"https:\/\/www.beatnikshoes.com\/pt-pt\/sapatos-feitos-a-mao\/burgundy-sapatos-de-couro-para-mulher-com-estribo\/","title":{"rendered":"Mocassins de couro cor de vinho com estribos Beatnik Nina Red"},"content":{"rendered":"<h2><strong>Novos mocassins em pele cor de vinho escuro para mulher da Beatnik Shoes<\/strong><\/h2>\n<p>Na <strong>Beatnik Shoes<\/strong>, temos o orgulho de lan\u00e7ar uma nova pe\u00e7a que combina tradi\u00e7\u00e3o, artesanato e estilo: os nossos <strong>mocassins de senhora em pele bordeaux com estribo<\/strong> de metal prateado. Estes mocassins foram cuidadosamente concebidos e feitos \u00e0 m\u00e3o em Espanha, utilizando materiais de primeira qualidade e uma aten\u00e7\u00e3o meticulosa aos detalhes para garantir que n\u00e3o s\u00f3 t\u00eam um aspeto incrivelmente elegante, como tamb\u00e9m oferecem um conforto excecional a cada passo. <\/p>\n<p>Neste artigo, vamos explicar-lhe porque \u00e9 que estes mocassins s\u00e3o a escolha perfeita para qualquer mulher que procura um cal\u00e7ado vers\u00e1til, elegante e dur\u00e1vel.<\/p>\n<p><strong>Eleg\u00e2ncia intemporal numa sofisticada cor borgonha<\/strong><\/p>\n<p>A <strong>cor bordeaux <\/strong>escura \u00e9 uma das caracter\u00edsticas mais marcantes destes mocassins. Este tom profundo e rico n\u00e3o s\u00f3 acrescenta um toque de sofistica\u00e7\u00e3o, como tamb\u00e9m \u00e9 incrivelmente vers\u00e1til. Os <strong>mocassins bordeaux<\/strong> s\u00e3o perfeitos para combinar com uma variedade de cores e estilos. Desde tons de <strong>azul<\/strong>, <strong>cinzento<\/strong>, <strong>camel<\/strong> e <strong>preto<\/strong> a fatos formais ou jeans casuais, estes sapatos ir\u00e3o sempre adicionar uma dose de eleg\u00e2ncia ao seu look.   <\/p>\n<p><strong>Inspirado nos cl\u00e1ssicos mocassins italianos: design com estribos met\u00e1licos<\/strong><\/p>\n<p>O design destes mocassins \u00e9 inspirado nos <strong>cl\u00e1ssicos mocassins italianos<\/strong>, conhecidos pelo seu estilo refinado e discreto. Um dos detalhes mais marcantes \u00e9 o <strong>estribo met\u00e1lico prateado<\/strong>, tamb\u00e9m conhecido como &#8220;horsebit&#8221;, que adorna o topo. Este detalhe acrescenta um toque muito especial e confere ao f<strong>ormato cl\u00e1ssico do mocassim <\/strong>um toque moderno sem perder a sua ess\u00eancia tradicional.  <\/p>\n<p><strong>Handmade in Spain: a qualidade que faz a diferen\u00e7a<\/strong><\/p>\n<p>Os <strong>mocassins da Beatnik Shoes<\/strong> s\u00e3o <strong>feitos \u00e0 m\u00e3o em Espanha<\/strong> por artes\u00e3os experientes, garantindo uma qualidade superior em cada par. O processo artesanal garante uma <strong>aten\u00e7\u00e3o ao detalhe<\/strong> que n\u00e3o pode ser replicada na produ\u00e7\u00e3o em massa, garantindo que cada sapato \u00e9 \u00fanico. <\/p>\n<p><strong>Forro completo e sola antiderrapante: conforto a cada passo<\/strong><\/p>\n<p>Um dos destaques destes <strong>mocassins de senhora em pele bordeaux com estribo<\/strong> \u00e9 o <strong>forro totalmente em pele<\/strong>, que garante uma sensa\u00e7\u00e3o de conforto absoluto desde o momento em que os cal\u00e7a. Este tipo de forro n\u00e3o s\u00f3 proporciona um conforto incompar\u00e1vel, como tamb\u00e9m permite que os seus p\u00e9s respirem melhor, evitando a acumula\u00e7\u00e3o de humidade mesmo durante longos per\u00edodos de utiliza\u00e7\u00e3o. <\/p>\n<p><strong>Forma confort\u00e1vel que se adapta ao p\u00e9 como uma luva<\/strong><\/p>\n<p>O <strong>conforto da form<\/strong>a \u00e9 um dos aspetos mais cuidadosamente considerados nestes mocassins. Na Beatnik Shoes, compreendemos que um cal\u00e7ado n\u00e3o \u00e9 apenas importante pela apar\u00eancia, mas tamb\u00e9m pelo conforto. A forma destes mocassins foi concebida para oferecer um ajuste largo e confort\u00e1vel, quase como se estivesse a usar <strong>chinelos<\/strong>.  <\/p>\n<p><strong>Versatilidade: do escrit\u00f3rio ao estilo casual<\/strong><\/p>\n<p>Estes <strong>mocassins de senhora em pele bordeaux com estribo<\/strong> n\u00e3o s\u00e3o apenas elegantes, mas tamb\u00e9m incrivelmente vers\u00e1teis. O seu <strong>design intemporal<\/strong> permite que se adaptem a uma grande variedade de ocasi\u00f5es. S\u00e3o perfeitos para combinar com um <strong>fato complet<\/strong>o para o escrit\u00f3rio ou uma reuni\u00e3o de neg\u00f3cios, mas tamb\u00e9m ficam muito bem com <strong>cal\u00e7as de ganga<\/strong> ou <strong>cal\u00e7as chino<\/strong> para um look mais descontra\u00eddo e casual.  <\/p>\n<p><strong>Durabilidade: um investimento a longo prazo<\/strong><\/p>\n<p>Uma das grandes vantagens destes mocassins \u00e9 a sua <strong>durabilidade<\/strong>. O <strong>couro integral<\/strong> de alta qualidade e a <strong>sola costurada<\/strong> garantem que estes mocassins n\u00e3o s\u00e3o apenas bonitos e confort\u00e1veis, mas tamb\u00e9m incrivelmente dur\u00e1veis. Com os devidos cuidados, este par de sapatos durar\u00e1 anos, mantendo a sua beleza e funcionalidade.  <\/p>\n<p>Ao investir nos mocassins da Beatnik Shoes, est\u00e1 a comprar muito mais do que apenas um par de sapatos. Est\u00e1 a investir em <strong>artesanato de qualidade<\/strong>, <strong>design intemporal<\/strong> e cal\u00e7ado que far\u00e1 parte da sua vida durante muito tempo. Estes mocassins s\u00e3o feitos para resistir ao teste do tempo, tanto em termos de moda como de durabilidade.  <\/p>\n<p><strong>Porqu\u00ea escolher os mocassins em pele cor de vinho escuro da Beatnik Shoes?<\/strong><\/p>\n<p>Os <strong>mocassins de couro bordeaux com estribo<\/strong> da Beatnik Shoes s\u00e3o muito mais do que apenas cal\u00e7ado. S\u00e3o uma afirma\u00e7\u00e3o de estilo, um reflexo do artesanato tradicional espanhol e uma prova da nossa dedica\u00e7\u00e3o \u00e0 <strong>qualidade e ao conforto<\/strong>. Com um design inspirado nos cl\u00e1ssicos mocassins italianos, <strong>estribo em metal<\/strong> e um a<strong>juste confort\u00e1vel<\/strong>, estes sapatos oferecem tudo o que precisa para se sentir elegante e confort\u00e1vel em qualquer ocasi\u00e3o.  <\/p>\n<p>Seja com um <strong>fato formal<\/strong> ou com <strong>cal\u00e7as de ganga<\/strong> para um look mais casual, estes mocassins tornar-se-\u00e3o rapidamente os seus favoritos. E gra\u00e7as ao seu <strong>design intemporal<\/strong> e <strong>durabilidade excecional<\/strong>, sabe que est\u00e1 a investir num par de sapatos que durar\u00e1 muitos anos. <\/p>\n","protected":false},"excerpt":{"rendered":"<h2>Mocassins Bordeaux Nina, feitos \u00e0 m\u00e3o em Espanha<\/h2>\n<p>Material exterior: Couro de gr\u00e3o<br \/>\nForro: Pele de vaca roxa<br \/>\nMaterial da sola: Material antiderrapante costurado<br \/>\nEncerramento: N\u00e3o<br \/>\nTipo de salto: Baixo<\/p>\n","protected":false},"featured_media":76155,"comment_status":"open","ping_status":"closed","template":"","meta":[],"product_brand":[],"product_cat":[9090,9027],"product_tag":[11470,11469,11468,11461,11462,11466,11467,11465,11463,11464],"woo-feed-brand":[],"class_list":{"0":"post-67433","1":"product","2":"type-product","3":"status-publish","4":"has-post-thumbnail","6":"product_cat-mocassins","7":"product_cat-sapatos-de-senhora","8":"product_tag-chinelos-de-quarto-vermelhos-para-mulher","9":"product_tag-chinelos-de-senhora-em-pele-cor-de-vinho-com-estribos","10":"product_tag-chinelos-vermelhos-de-mulher-com-estribo","11":"product_tag-mocassins-de-couro-cor-de-vinho-para-mulher","12":"product_tag-mocassins-de-couro-cor-de-vinho-para-mulher-pt-pt","13":"product_tag-mocassins-de-estilo-italiano-para-mulher-cor-de-vinho","14":"product_tag-mocassins-de-senhora-borgonha-com-estribos","15":"product_tag-mocassins-em-pele-cor-de-vinho-com-ferradura","16":"product_tag-mocassins-feitos-a-mao-em-pele-cor-de-vinho","17":"product_tag-mocassins-para-mulher-em-pele-cor-de-vinho","18":"pa_talla-zapato-35-pt-pt","19":"pa_talla-zapato-36-pt-pt","20":"pa_talla-zapato-37-pt-pt","21":"pa_talla-zapato-38-pt-pt","22":"pa_talla-zapato-39-pt-pt","23":"pa_talla-zapato-40-pt-pt","24":"pa_talla-zapato-41-pt-pt","26":"first","27":"instock","28":"sale","29":"taxable","30":"shipping-taxable","31":"purchasable","32":"product-type-variable"},"_links":{"self":[{"href":"https:\/\/www.beatnikshoes.com\/pt-pt\/wp-json\/wp\/v2\/product\/67433","targetHints":{"allow":["GET"]}}],"collection":[{"href":"https:\/\/www.beatnikshoes.com\/pt-pt\/wp-json\/wp\/v2\/product"}],"about":[{"href":"https:\/\/www.beatnikshoes.com\/pt-pt\/wp-json\/wp\/v2\/types\/product"}],"replies":[{"embeddable":true,"href":"https:\/\/www.beatnikshoes.com\/pt-pt\/wp-json\/wp\/v2\/comments?post=67433"}],"wp:featuredmedia":[{"embeddable":true,"href":"https:\/\/www.beatnikshoes.com\/pt-pt\/wp-json\/wp\/v2\/media\/76155"}],"wp:attachment":[{"href":"https:\/\/www.beatnikshoes.com\/pt-pt\/wp-json\/wp\/v2\/media?parent=67433"}],"wp:term":[{"taxonomy":"product_brand","embeddable":true,"href":"https:\/\/www.beatnikshoes.com\/pt-pt\/wp-json\/wp\/v2\/product_brand?post=67433"},{"taxonomy":"product_cat","embeddable":true,"href":"https:\/\/www.beatnikshoes.com\/pt-pt\/wp-json\/wp\/v2\/product_cat?post=67433"},{"taxonomy":"product_tag","embeddable":true,"href":"https:\/\/www.beatnikshoes.com\/pt-pt\/wp-json\/wp\/v2\/product_tag?post=67433"},{"taxonomy":"woo-feed-brand","embeddable":true,"href":"https:\/\/www.beatnikshoes.com\/pt-pt\/wp-json\/wp\/v2\/woo-feed-brand?post=67433"}],"curies":[{"name":"wp","href":"https:\/\/api.w.org\/{rel}","templated":true}]}}