{"id":67393,"date":"2024-10-25T22:24:14","date_gmt":"2024-10-25T20:24:14","guid":{"rendered":"https:\/\/www.beatnikshoes.com\/?post_type=product&#038;p=67393"},"modified":"2025-08-22T21:46:15","modified_gmt":"2025-08-22T19:46:15","slug":"sapatos-de-pele-pretos-para-mulher-com-bata-nina-preta","status":"publish","type":"product","link":"https:\/\/www.beatnikshoes.com\/pt-pt\/sapatos-feitos-a-mao\/sapatos-de-pele-pretos-para-mulher-com-bata-nina-preta\/","title":{"rendered":"Mocassins de couro preto com estribos para mulher Beatnik Nina Preto"},"content":{"rendered":"<div>\n<h2><b>Os novos mocassins de couro preto para mulher da Beatnik Shoes: Artesanato, eleg\u00e2ncia e conforto em cada passo.<\/b><\/h2>\n<\/div>\n<div>\n<p>Na <b>Beatnik Shoes<\/b>, temos o prazer de te apresentar os nossos novos <b>mocassins de senhora em pele preta com estribo<\/b>, uma pe\u00e7a que alia o estilo cl\u00e1ssico ao conforto moderno. Fabricados \u00e0 m\u00e3o em Espanha com t\u00e9cnicas tradicionais de cal\u00e7ado, estes mocassins s\u00e3o um tributo \u00e0 qualidade artesanal, combinando eleg\u00e2ncia, versatilidade e durabilidade. <\/p>\n<\/div>\n<div>\n<p><b>Eleg\u00e2ncia intemporal em preto<\/b><\/p>\n<\/div>\n<div>\n<p><b>O preto<\/b> \u00e9 um cl\u00e1ssico intemporal que nunca passa de moda. Estes mocassins em pele preta s\u00e3o a defini\u00e7\u00e3o de versatilidade, pois combinam na perfei\u00e7\u00e3o com uma vasta gama de cores e estilos. Quer os uses com um <b>fato formal para o escrit\u00f3rio<\/b> ou com <b>cal\u00e7as de ganga ou chinos<\/b> para um look mais descontra\u00eddo, estes mocassins ter\u00e3o sempre um aspeto elegante e sofisticado.  <\/p>\n<\/div>\n<div>\n<p>O preto \u00e9 uma cor que transmite autoridade, estilo e profissionalismo, o que o torna uma excelente escolha tanto para o dia a dia como para ocasi\u00f5es especiais.<\/p>\n<\/div>\n<div>\n<p><b>Inspirado nos cl\u00e1ssicos mocassins italianos: um toque moderno com estribos de metal<\/b><\/p>\n<\/div>\n<div>\n<p>O design destes mocassins \u00e9 inspirado nos <b>cl\u00e1ssicos mocassins italianos<\/b>, conhecidos pelo seu design refinado e sofistica\u00e7\u00e3o. Um dos detalhes que distingue este sapato \u00e9 o <b>estribo de metal prateado<\/b> que adorna o topo da parte superior, tamb\u00e9m conhecido como <b>horsebit<\/b>. Este elemento acrescenta um toque distinto e moderno ao design cl\u00e1ssico do mocassim, tornando-o numa pe\u00e7a intemporal que n\u00e3o passar\u00e1 despercebida.  <\/p>\n<\/div>\n<div>\n<p><b>Feito \u00e0 m\u00e3o em Espanha: qualidade em cada detalhe<\/b><\/p>\n<\/div>\n<div>\n<p>Na <b>Beatnik Shoes<\/b>, a qualidade \u00e9 a nossa prioridade, e isso reflecte-se em cada par de mocassins que criamos. Estes <b>mocassins de senhora em pele preta com estribos<\/b> foram cuidadosamente <b>fabricados \u00e0 m\u00e3o em Espanha<\/b>, utilizando t\u00e9cnicas tradicionais que garantem um acabamento de primeira qualidade. Cada par \u00e9 uma amostra da arte do cal\u00e7ado artesanal, onde todos os detalhes, desde a sele\u00e7\u00e3o da pele at\u00e9 \u00e0 costura da sola, s\u00e3o cuidados ao m\u00e1ximo.  <\/p>\n<\/div>\n<div>\n<p>Os sapatos <b>feitos \u00e0 m\u00e3o<\/b> s\u00e3o sin\u00f3nimo de durabilidade, e estes mocassins n\u00e3o s\u00e3o exce\u00e7\u00e3o. O processo artesanal garante que cada sapato \u00e9 \u00fanico, com especial aten\u00e7\u00e3o ao acabamento, resultando num produto final que \u00e9 simultaneamente dur\u00e1vel e esteticamente impec\u00e1vel. <\/p>\n<\/div>\n<div>\n<p><b>Conforto superior: abra\u00e7a os p\u00e9s<\/b><\/p>\n<\/div>\n<div>\n<p>Na <b>Beatnik Shoes<\/b>, sabemos que <b>o conforto<\/b> \u00e9 fundamental quando se trata de cal\u00e7ado, por isso cri\u00e1mos uma <b>forma que<\/b>se adapta \u00e0 forma natural do p\u00e9. A forma \u00e9 larga e desenhada para <b>abra\u00e7ar o p\u00e9 como se fosse um chinelo<\/b>, garantindo um ajuste confort\u00e1vel e natural desde a primeira utiliza\u00e7\u00e3o. <\/p>\n<\/div>\n<div>\n<p><b>Versatilidade: do trabalho ao casual<\/b><\/p>\n<\/div>\n<div>\n<p>Uma das maiores vantagens destes <b>mocassins pretos de couro para mulher<\/b> \u00e9 a sua <b>versatilidade<\/b>. S\u00e3o perfeitos para uma grande variedade de ocasi\u00f5es e estilos, desde o ambiente formal do escrit\u00f3rio at\u00e9 um <b>look casual<\/b> para uma sa\u00edda \u00e0 noite com os amigos. O seu design cl\u00e1ssico com o toque moderno do estribo met\u00e1lico torna-os adequados para todos os tipos de roupa, quer seja com um <b>fato completo<\/b> ou com <b>cal\u00e7as de ganga<\/b> e <b>chinos<\/b>.  <\/p>\n<\/div>\n<div>\n<p><b>Preto: uma cor cl\u00e1ssica que combina com tudo<\/b><\/p>\n<\/div>\n<div>\n<p><b>O preto<\/b> \u00e9 uma escolha cl\u00e1ssica e intemporal no mundo do cal\u00e7ado, e estes mocassins n\u00e3o s\u00e3o exce\u00e7\u00e3o. A versatilidade do preto significa que estes sapatos podem ser facilmente combinados com uma vasta gama de cores e estilos. Desde <b>tons de azul<\/b>, <b>cinzento<\/b>, <b>preto<\/b> e <b>camel<\/b>, a combina\u00e7\u00f5es mais ousadas, os mocassins pretos s\u00e3o o sapato perfeito para qualquer situa\u00e7\u00e3o.  <\/p>\n<\/div>\n<div>\n<p><b>Longa vida: um investimento inteligente<\/b><\/p>\n<\/div>\n<div>\n<p>Quando compras um par de mocassins da <b>Beatnik Shoes<\/b>, n\u00e3o est\u00e1s apenas a adquirir um par de sapatos elegante e confort\u00e1vel, mas tamb\u00e9m uma pe\u00e7a de cal\u00e7ado <b>altamente dur\u00e1vel<\/b>. Gra\u00e7as \u00e0 <b>pele de bezerro<\/b> de alta qualidade, \u00e0 <b>sola cosida<\/b> e ao <b>trabalho artesanal<\/b>, estes mocassins foram concebidos para resistir ao teste do tempo. <\/p>\n<\/div>\n<div>\n<p><b>Porqu\u00ea escolher os mocassins em pele preta da Beatnik Shoes?<\/b><\/p>\n<\/div>\n<div>\n<p>Os novos <b>mocassins de senhora em pele preta<\/b> da Beatnik Shoes s\u00e3o a combina\u00e7\u00e3o perfeita entre <b>eleg\u00e2ncia,<\/b> <b>conforto<\/b> e <b>durabilidade<\/b>. O seu design de i<b>nspira\u00e7\u00e3o italiana,<\/b> os detalhes em <b>estribos de metal<\/b> e a <b>pele premium<\/b> de flor integral tornam-nos indispens\u00e1veis \u200b\u200bem qualquer guarda-roupa. <\/p>\n<\/div>\n<div>\n<p>Quer os uses com um fato formal ou com um look casual, estes mocassins dar\u00e3o um toque de classe ao teu estilo. Al\u00e9m disso, o seu <b>conforto<\/b> superior e <b>a sola antiderrapante<\/b> tornam-nos perfeitos para qualquer ocasi\u00e3o e qualquer clima. <\/p>\n<\/div>\n","protected":false},"excerpt":{"rendered":"<h2>Beatnik Nina, feita \u00e0 m\u00e3o em Espanha<\/h2>\n<p>Material exterior: Couro de gr\u00e3o<br \/>\nForro: Pele de vaca roxa<br \/>\nMaterial da sola: Material antiderrapante costurado<br \/>\nEncerramento: N\u00e3o<br \/>\nTipo de salto: Baixo<\/p>\n","protected":false},"featured_media":69937,"comment_status":"open","ping_status":"closed","template":"","meta":[],"product_brand":[],"product_cat":[9090,9027],"product_tag":[11418,11419,11411,11413,11415,11412,11410,11420,11416,11417,11414],"woo-feed-brand":[],"class_list":{"0":"post-67393","1":"product","2":"type-product","3":"status-publish","4":"has-post-thumbnail","6":"product_cat-mocassins","7":"product_cat-sapatos-de-senhora","8":"product_tag-chinelos-de-couro-para-mulher-com-estribos","9":"product_tag-chinelos-pretos-para-mulher-em-pele-com-ferradura","10":"product_tag-mocassins-de-couro-para-mulher","11":"product_tag-mocassins-de-couro-preto-com-acabamento-metalico","12":"product_tag-mocassins-de-couro-preto-com-acabamento-metalico-prateado","13":"product_tag-mocassins-de-couro-preto-com-estribos","14":"product_tag-mocassins-de-couro-preto-para-mulher","15":"product_tag-mocassins-de-couro-preto-para-mulher-com-ferradura","16":"product_tag-mocassins-para-mulher-com-adorno-prateado","17":"product_tag-mocassins-pretos-com-estribos-para-mulher-pt-pt","18":"product_tag-mocassins-pretos-com-estribos-para-mulher","19":"pa_talla-zapato-35-pt-pt","20":"pa_talla-zapato-36-pt-pt","21":"pa_talla-zapato-37-pt-pt","22":"pa_talla-zapato-38-pt-pt","23":"pa_talla-zapato-39-pt-pt","24":"pa_talla-zapato-40-pt-pt","25":"pa_talla-zapato-41-pt-pt","27":"first","28":"instock","29":"sale","30":"taxable","31":"shipping-taxable","32":"purchasable","33":"product-type-variable"},"_links":{"self":[{"href":"https:\/\/www.beatnikshoes.com\/pt-pt\/wp-json\/wp\/v2\/product\/67393","targetHints":{"allow":["GET"]}}],"collection":[{"href":"https:\/\/www.beatnikshoes.com\/pt-pt\/wp-json\/wp\/v2\/product"}],"about":[{"href":"https:\/\/www.beatnikshoes.com\/pt-pt\/wp-json\/wp\/v2\/types\/product"}],"replies":[{"embeddable":true,"href":"https:\/\/www.beatnikshoes.com\/pt-pt\/wp-json\/wp\/v2\/comments?post=67393"}],"wp:featuredmedia":[{"embeddable":true,"href":"https:\/\/www.beatnikshoes.com\/pt-pt\/wp-json\/wp\/v2\/media\/69937"}],"wp:attachment":[{"href":"https:\/\/www.beatnikshoes.com\/pt-pt\/wp-json\/wp\/v2\/media?parent=67393"}],"wp:term":[{"taxonomy":"product_brand","embeddable":true,"href":"https:\/\/www.beatnikshoes.com\/pt-pt\/wp-json\/wp\/v2\/product_brand?post=67393"},{"taxonomy":"product_cat","embeddable":true,"href":"https:\/\/www.beatnikshoes.com\/pt-pt\/wp-json\/wp\/v2\/product_cat?post=67393"},{"taxonomy":"product_tag","embeddable":true,"href":"https:\/\/www.beatnikshoes.com\/pt-pt\/wp-json\/wp\/v2\/product_tag?post=67393"},{"taxonomy":"woo-feed-brand","embeddable":true,"href":"https:\/\/www.beatnikshoes.com\/pt-pt\/wp-json\/wp\/v2\/woo-feed-brand?post=67393"}],"curies":[{"name":"wp","href":"https:\/\/api.w.org\/{rel}","templated":true}]}}