{"id":65671,"date":"2024-05-31T11:41:56","date_gmt":"2024-05-31T09:41:56","guid":{"rendered":"https:\/\/www.beatnikshoes.com\/?post_type=product&#038;p=65671"},"modified":"2025-06-19T22:42:49","modified_gmt":"2025-06-19T20:42:49","slug":"mary-jane-blue-shoe-martha-blue-womens","status":"publish","type":"product","link":"https:\/\/www.beatnikshoes.com\/pt-pt\/sapatos-feitos-a-mao\/mary-jane-blue-shoe-martha-blue-womens\/","title":{"rendered":"Sapato Mary Jane azul para mulher Martha"},"content":{"rendered":"<h3>SAPATO FEMININO MARY JANE AZUL BEATNIK MARTHA AZUL<\/h3>\n<p>Um dos teus modelos favoritos dos Beatnik \u00e9 o <strong>mary jane<\/strong>. Este ano, apresentamos-te com orgulho o nosso novo modelo <strong>Martha Blue<\/strong> em azul cobalto para mulher. Este <strong>sapato mary jane para mulher<\/strong> \u00e9 a escolha perfeita para quem procura um equil\u00edbrio entre estilo e conforto.<\/p>\n<p>Este sapato, fabricado em boscal de alta qualidade, partilha a forma cl\u00e1ssica que utilizamos em todos os nossos modelos de confian\u00e7a. Uma forma testada e comprovada que garante um conforto inigual\u00e1vel e que percorreu os cinco continentes.<\/p>\n<p>A <strong>Martha Blue<\/strong> \u00e9 um modelo cl\u00e1ssico que, gra\u00e7as ao seu design, se torna numa <strong>alpargata<\/strong> feminina elegante e distinta. Com uma sola de couro combinada com inje\u00e7\u00e3o de spai, oferece um conforto excecional e uma durabilidade inigual\u00e1vel. A sola de couro genu\u00edno garante durabilidade, enquanto o interior \u00e9 forrado com couro macio para o m\u00e1ximo conforto.<\/p>\n<p>Este <strong>sapato mary jane azul<\/strong> n\u00e3o s\u00f3 \u00e9 uma maravilha visual, como tamb\u00e9m \u00e9 incrivelmente confort\u00e1vel gra\u00e7as aos materiais de alta qualidade utilizados na sua constru\u00e7\u00e3o. A correia do tornozelo, decorada com encantadoras bolinhas, n\u00e3o s\u00f3 d\u00e1 um toque de glamour e divers\u00e3o, como tamb\u00e9m garante um ajuste perfeito e seguro.<\/p>\n<p>Como \u00e9 habitual em todos os nossos modelos, a pele utilizada na <strong>Martha Blue<\/strong> \u00e9 a mais macia e flex\u00edvel do mercado, acrescentando um toque extra de conforto ao design. O tom azul-cobalto \u00e9 perfeito para combinar com uma variedade de cores, desde os neutros aos tons mais vibrantes, tornando este sapato num modelo vers\u00e1til para qualquer ocasi\u00e3o.<\/p>\n<p>O design <strong>Martha Blue<\/strong> com biqueira de brogue d\u00e1-te um toque de sofistica\u00e7\u00e3o cl\u00e1ssica. Este pormenor decorativo, que \u00e9 uma carater\u00edstica dos <strong>sapatos brogue<\/strong>, confere um elemento de tradi\u00e7\u00e3o e um estilo intemporal ao sapato. A combina\u00e7\u00e3o deste design cl\u00e1ssico com a cor vibrante azul-cobalto cria um contraste fascinante que chama a aten\u00e7\u00e3o.<\/p>\n<p>O <strong>Martha Blue<\/strong> n\u00e3o s\u00f3 \u00e9 perfeito para ocasi\u00f5es especiais, como tamb\u00e9m pode ser uma excelente escolha para o dia a dia. O seu conforto e estilo tornam-no ideal tanto para eventos formais como para situa\u00e7\u00f5es mais informais. Imagina usar estes <strong>mary jane<\/strong> &#8216;s com um vestido elegante para um jantar especial, ou com cal\u00e7as de ganga e uma blusa para uma sa\u00edda informal com os amigos. A versatilidade deste sapato permitir-te-\u00e1 estar impec\u00e1vel em qualquer ocasi\u00e3o.<\/p>\n<h3>UM SAPATO CL\u00c1SSICO E ELEGANTE PARA TODAS AS OCASI\u00d5ES<\/h3>\n<p>Por todas estas raz\u00f5es, a <strong>Martha Blue<\/strong> \u00e9 o complemento perfeito para o teu guarda-roupa. Este modelo pode ser perfeitamente combinado com cal\u00e7as formais, saias elegantes ou at\u00e9 mesmo com um vestido casual, dando um toque de estilo e distin\u00e7\u00e3o a qualquer roupa.<\/p>\n<p>Combinada com cal\u00e7as de ganga de qualquer cor ou com uma saia comprida, a <strong>Martha Blue<\/strong> d\u00e1 um toque de eleg\u00e2ncia sem perder o seu conforto e estilo cl\u00e1ssico.<\/p>\n<p>Al\u00e9m disso, o <strong>Martha Blue<\/strong> \u00e9 ideal para o ambiente de trabalho. O seu design cl\u00e1ssico e sofisticado, combinado com o conforto excecional da sua sola de couro e inje\u00e7\u00e3o de spai, tornam-no perfeito para longos dias de trabalho. A pulseira de bolinhas acrescenta um toque de personalidade e originalidade, permitindo-te destacares-te com estilo em qualquer reuni\u00e3o ou evento empresarial.<\/p>\n<p>A aten\u00e7\u00e3o ao pormenor em cada par de <strong>Martha Blue<\/strong> \u00e9 evidente. Desde a escolha dos materiais at\u00e9 ao acabamento final, cada sapato \u00e9 uma obra de arte que reflecte a dedica\u00e7\u00e3o e o compromisso da <strong>Beatnik Shoes<\/strong> com a qualidade e o estilo. Este modelo n\u00e3o \u00e9 apenas um testemunho da nossa tradi\u00e7\u00e3o de excel\u00eancia, mas tamb\u00e9m um testemunho da nossa capacidade de inovar e oferecer produtos que v\u00e3o ao encontro das necessidades e prefer\u00eancias dos nossos clientes.<\/p>\n<p>N\u00e3o percas a oportunidade de usar estes cl\u00e1ssicos <strong>Martha Blue<\/strong> da <strong>Beatnik Shoes<\/strong>. Encomenda hoje e leva o teu estilo para o pr\u00f3ximo n\u00edvel. Estamos \u00e0 tua espera!<\/p>\n<p>Descobre a eleg\u00e2ncia e o conforto no seu melhor com a nossa <strong>mary jane azul<\/strong>, <strong>Martha Blue<\/strong>. Este sapato n\u00e3o s\u00f3 te permitir\u00e1 andar confortavelmente e em seguran\u00e7a, como tamb\u00e9m te far\u00e1 sentir confiante e elegante a cada passo que deres. N\u00e3o esperes mais para adicionar este modelo fant\u00e1stico \u00e0 tua cole\u00e7\u00e3o de cal\u00e7ado. Com a <strong>Martha Blue<\/strong>, todos os dias s\u00e3o uma oportunidade para brilhar e destacar-se com estilo.<\/p>\n","protected":false},"excerpt":{"rendered":"<h2>Sapatos mary jane azuis feitos \u00e0 m\u00e3o<\/h2>\n<p>Material exterior: pele de vitelo azul-cobalto<br \/>\nForro: Pele de bezerro<br \/>\nMaterial da sola: Pele cosida e uma camada de material antiderrapante<br \/>\nFecho: Fivelas<br \/>\nTipo de salto: Baixo<\/p>\n","protected":false},"featured_media":70252,"comment_status":"open","ping_status":"closed","template":"","meta":[],"product_brand":[],"product_cat":[9323,9027],"product_tag":[11262,11263,11264,11265],"woo-feed-brand":[],"class_list":{"0":"post-65671","1":"product","2":"type-product","3":"status-publish","4":"has-post-thumbnail","6":"product_cat-sapato-com-fivelas","7":"product_cat-sapatos-de-senhora","8":"product_tag-martha-blue-pt-pt","9":"product_tag-mary-jane-mulher-azul","10":"product_tag-sapato-de-fivela-azul-para-mulher","11":"product_tag-sapatos-de-salto-baixo-azuis-para-mulher","12":"pa_talla-zapato-35-pt-pt","13":"pa_talla-zapato-36-pt-pt","14":"pa_talla-zapato-37-pt-pt","15":"pa_talla-zapato-38-pt-pt","16":"pa_talla-zapato-39-pt-pt","17":"pa_talla-zapato-40-pt-pt","18":"pa_talla-zapato-41-pt-pt","19":"pa_talla-zapato-42-pt-pt","21":"first","22":"instock","23":"sale","24":"taxable","25":"shipping-taxable","26":"purchasable","27":"product-type-variable"},"_links":{"self":[{"href":"https:\/\/www.beatnikshoes.com\/pt-pt\/wp-json\/wp\/v2\/product\/65671","targetHints":{"allow":["GET"]}}],"collection":[{"href":"https:\/\/www.beatnikshoes.com\/pt-pt\/wp-json\/wp\/v2\/product"}],"about":[{"href":"https:\/\/www.beatnikshoes.com\/pt-pt\/wp-json\/wp\/v2\/types\/product"}],"replies":[{"embeddable":true,"href":"https:\/\/www.beatnikshoes.com\/pt-pt\/wp-json\/wp\/v2\/comments?post=65671"}],"wp:featuredmedia":[{"embeddable":true,"href":"https:\/\/www.beatnikshoes.com\/pt-pt\/wp-json\/wp\/v2\/media\/70252"}],"wp:attachment":[{"href":"https:\/\/www.beatnikshoes.com\/pt-pt\/wp-json\/wp\/v2\/media?parent=65671"}],"wp:term":[{"taxonomy":"product_brand","embeddable":true,"href":"https:\/\/www.beatnikshoes.com\/pt-pt\/wp-json\/wp\/v2\/product_brand?post=65671"},{"taxonomy":"product_cat","embeddable":true,"href":"https:\/\/www.beatnikshoes.com\/pt-pt\/wp-json\/wp\/v2\/product_cat?post=65671"},{"taxonomy":"product_tag","embeddable":true,"href":"https:\/\/www.beatnikshoes.com\/pt-pt\/wp-json\/wp\/v2\/product_tag?post=65671"},{"taxonomy":"woo-feed-brand","embeddable":true,"href":"https:\/\/www.beatnikshoes.com\/pt-pt\/wp-json\/wp\/v2\/woo-feed-brand?post=65671"}],"curies":[{"name":"wp","href":"https:\/\/api.w.org\/{rel}","templated":true}]}}