{"id":65502,"date":"2024-05-28T12:56:24","date_gmt":"2024-05-28T10:56:24","guid":{"rendered":"https:\/\/www.beatnikshoes.com\/?post_type=product&#038;p=65502"},"modified":"2025-06-19T22:44:07","modified_gmt":"2025-06-19T20:44:07","slug":"red-jane-rouge-salon-shoe","status":"publish","type":"product","link":"https:\/\/www.beatnikshoes.com\/pt-pt\/sapatos-feitos-a-mao\/red-jane-rouge-salon-shoe\/","title":{"rendered":"Bombas Red Jane Rouge"},"content":{"rendered":"<h2>Descobre a eleg\u00e2ncia apaixonada com o nosso sapato de salto Jane Rouge<\/h2>\n<p>Na <strong>Beatnik Shoes<\/strong>, temos o prazer de te apresentar o mais recente e arrojado membro da nossa cole\u00e7\u00e3o: o Jane Rouge. Esta deslumbrante bomba <strong>vermelha<\/strong> foi cuidadosamente concebida para infundir paix\u00e3o e estilo em cada passo que d\u00e1s.<\/p>\n<h3>Eleg\u00e2ncia cl\u00e1ssica com um toque de ousadia<\/h3>\n<p>A nossa Jane Rouge \u00e9 a fus\u00e3o perfeita entre a eleg\u00e2ncia cl\u00e1ssica e o estilo contempor\u00e2neo. O design de salto baixo, com uma g\u00e1spea de uma s\u00f3 pe\u00e7a e um salto baixo, oferece um visual sofisticado mas arrojado que vai certamente chamar a aten\u00e7\u00e3o. A intensidade da cor vermelha acrescenta um toque de drama, tornando-o o acess\u00f3rio ideal para quem quer destacar-se em qualquer ocasi\u00e3o.<\/p>\n<h3>Conforto incompar\u00e1vel durante todo o dia<\/h3>\n<p>Apesar do seu aspeto marcante, o Jane Rouge n\u00e3o renuncia ao conforto. Feitas com os melhores materiais e com o cuidado que nos caracteriza, estas sabrinas <strong>vermelhas<\/strong> garantem um ajuste perfeito e uma sensa\u00e7\u00e3o de conforto desde o primeiro momento. A pele macia de vitelo adapta-se \u00e0 forma do p\u00e9, enquanto a palmilha almofadada e a sola antiderrapante proporcionam estabilidade e apoio durante todo o dia.<\/p>\n<h3>Versatilidade para qualquer ocasi\u00e3o<\/h3>\n<p>A nossa Jane Rouge tem tanto de vers\u00e1til como de marcante. Do escrit\u00f3rio a uma noite na cidade, este <strong>sapato lounge vermelho<\/strong> \u00e9 a escolha perfeita para qualquer ocasi\u00e3o. Combina-a com um fato elegante para um look profissional ou usa-a para dar um toque de cor a um conjunto mais casual. Seja qual for o teu estilo, a Jane Rouge ajuda-te a exprimir-te com confian\u00e7a e estilo.<\/p>\n<h3>Junta-te \u00e0 revolu\u00e7\u00e3o do estilo com os sapatos Beatnik<\/h3>\n<p>N\u00e3o percas a oportunidade de fazer parte da revolu\u00e7\u00e3o do estilo com os Jane Rouge by Beatnik Shoes. Adquire a tua e d\u00e1 um toque de paix\u00e3o \u00e0 tua cole\u00e7\u00e3o pessoal. Como sempre, na Beatnik Shoes o nosso compromisso \u00e9 fazer-te feliz, e este <strong>sapato lounge liso vermelho<\/strong> \u00e9 o meio para o conseguir.<\/p>\n<h3>Explora mais op\u00e7\u00f5es na nossa cole\u00e7\u00e3o<\/h3>\n<p>Para al\u00e9m das Jane Rouge, a nossa cole\u00e7\u00e3o inclui tamb\u00e9m elegantes sand\u00e1lias de salto alto, como as nossas sand\u00e1lias de tamanco Fran\u00e7oise. <a href=\"https:\/\/www.beatnikshoes.com\/pt-pt\/colecao\/sapatos-de-senhora\/sandalias-cangrejeras\/\"><strong>As sand\u00e1lias de caranguejo Fran\u00e7oise<\/strong><\/a>perfeitas para qualquer evento formal. Se est\u00e1s \u00e0 procura de algo um pouco mais ousado, as nossas <a href=\"https:\/\/www.beatnikshoes.com\/pt-pt\/colecao\/sapatos-de-senhora\/bailarinas-destalonadas-pt-pt\/\">sabrinas<\/a> s\u00e3o a forma perfeita de te destacares. E para um toque de sofistica\u00e7\u00e3o casual, n\u00e3o percas as nossas <strong>sabrinas vermelhas<\/strong>, que combinam conforto e estilo num s\u00f3 passo.<\/p>\n<p>Descobre todas as nossas op\u00e7\u00f5es e encontra o par perfeito para complementar o teu estilo \u00fanico. Na Beatnik Shoes, estamos sempre empenhados na tua satisfa\u00e7\u00e3o e no teu estilo.<\/p>\n","protected":false},"excerpt":{"rendered":"<h2>Jane Rouge sapatos de couro vermelho com salto baixo feitos \u00e0 m\u00e3o em Espanha<\/h2>\n<p>Material exterior: Pele de vitela vermelha<br \/>\nForro: Pele de vaca roxa<br \/>\nMaterial da sola: Material antiderrapante<br \/>\nFecho: Fivelas<br \/>\nTipo de salto: baixo<br \/>\nComposi\u00e7\u00e3o: 100% couro<\/p>\n","protected":false},"featured_media":65529,"comment_status":"open","ping_status":"closed","template":"","meta":[],"product_brand":[],"product_cat":[10457,9228,9027],"product_tag":[11294,11290,11292,11293,11291],"woo-feed-brand":[],"class_list":{"0":"post-65502","1":"product","2":"type-product","3":"status-publish","4":"has-post-thumbnail","6":"product_cat-bailarinas-destalonadas-pt-pt","7":"product_cat-saida","8":"product_cat-sapatos-de-senhora","9":"product_tag-beatnik-jane-rouge-sapatos-de-salto-baixo","10":"product_tag-jane-rouge-pt-pt","11":"product_tag-sandalia-de-salto-alto-jane-rouge","12":"product_tag-sandalia-de-salto-vermelho-jane","13":"product_tag-sapatos-beatnik-jane-vermelhos","14":"pa_talla-zapato-36-pt-pt","15":"pa_talla-zapato-37-pt-pt","16":"pa_talla-zapato-38-pt-pt","17":"pa_talla-zapato-39-pt-pt","18":"pa_talla-zapato-40-pt-pt","19":"pa_talla-zapato-41-pt-pt","20":"pa_talla-zapato-42-pt-pt","22":"first","23":"instock","24":"sale","25":"taxable","26":"shipping-taxable","27":"purchasable","28":"product-type-variable"},"_links":{"self":[{"href":"https:\/\/www.beatnikshoes.com\/pt-pt\/wp-json\/wp\/v2\/product\/65502","targetHints":{"allow":["GET"]}}],"collection":[{"href":"https:\/\/www.beatnikshoes.com\/pt-pt\/wp-json\/wp\/v2\/product"}],"about":[{"href":"https:\/\/www.beatnikshoes.com\/pt-pt\/wp-json\/wp\/v2\/types\/product"}],"replies":[{"embeddable":true,"href":"https:\/\/www.beatnikshoes.com\/pt-pt\/wp-json\/wp\/v2\/comments?post=65502"}],"wp:featuredmedia":[{"embeddable":true,"href":"https:\/\/www.beatnikshoes.com\/pt-pt\/wp-json\/wp\/v2\/media\/65529"}],"wp:attachment":[{"href":"https:\/\/www.beatnikshoes.com\/pt-pt\/wp-json\/wp\/v2\/media?parent=65502"}],"wp:term":[{"taxonomy":"product_brand","embeddable":true,"href":"https:\/\/www.beatnikshoes.com\/pt-pt\/wp-json\/wp\/v2\/product_brand?post=65502"},{"taxonomy":"product_cat","embeddable":true,"href":"https:\/\/www.beatnikshoes.com\/pt-pt\/wp-json\/wp\/v2\/product_cat?post=65502"},{"taxonomy":"product_tag","embeddable":true,"href":"https:\/\/www.beatnikshoes.com\/pt-pt\/wp-json\/wp\/v2\/product_tag?post=65502"},{"taxonomy":"woo-feed-brand","embeddable":true,"href":"https:\/\/www.beatnikshoes.com\/pt-pt\/wp-json\/wp\/v2\/woo-feed-brand?post=65502"}],"curies":[{"name":"wp","href":"https:\/\/api.w.org\/{rel}","templated":true}]}}