{"id":62576,"date":"2023-10-11T12:00:43","date_gmt":"2023-10-11T10:00:43","guid":{"rendered":"https:\/\/www.beatnikshoes.com\/zapatos-hechos-a-mano\/bota-castanha-com-atacadores-truman-para-homem\/"},"modified":"2025-08-25T19:29:58","modified_gmt":"2025-08-25T17:29:58","slug":"bota-castanha-com-atacadores-truman-para-homem","status":"publish","type":"product","link":"https:\/\/www.beatnikshoes.com\/pt-pt\/sapatos-feitos-a-mao\/bota-castanha-com-atacadores-truman-para-homem\/","title":{"rendered":"Bota de cano alto Truman castanha para homem"},"content":{"rendered":"<h2>BOTA DE CANO ALTO PARA HOMEM EM CASTANHO TRUMAN. UMA OP\u00c7\u00c3O ELEGANTE E QUENTE PARA ESTA ESTA\u00c7\u00c3O.<\/h2>\n<p>Esta <strong>bota castanha com atacadores para homem<\/strong> \u00e9 fabricada em pele de vitelo castanha caramelo. \u00c9 rematado com uma <strong>sola t\u00e9cnica<\/strong> antiderrapante com m\u00e1xima ader\u00eancia, proporcionando ao utilizador uma eleg\u00e2ncia altamente funcional.<\/p>\n<p>O design desta bota combina o corte de uma <strong>bota de combate castanha para homem<\/strong> com detalhes cl\u00e1ssicos. A biqueira tem uma costura longitudinal, resultando numa <strong>bota Cap Toe castanha<\/strong> muito masculina. Perfeita para utiliza\u00e7\u00e3o no exterior, a sola t\u00e9cnica extra larga mant\u00e9m o frio, o calor e a chuva o mais longe poss\u00edvel do ch\u00e3o. O p\u00e9 fica assim protegido das intemp\u00e9ries gra\u00e7as ao forro em pele de vitelo de uma s\u00f3 pe\u00e7a, praticamente sem costuras. Todo o tornozelo e o eixo s\u00e3o protegidos pelo design funcional com cord\u00f5es, que permite um ajuste perfeito e confort\u00e1vel \u00e0 perna e ao peito do p\u00e9.<\/p>\n<p>Seja em ambientes de lazer ou mais formais, \u00e9 um sucesso garantido. E combina na perfei\u00e7\u00e3o com cores terra, past\u00e9is e toda a gama de azuis.<\/p>\n<p>Uma <strong>bota cl\u00e1ssica de homem com atacadores em pele castanha<\/strong> com um toque de estilo.<\/p>\n","protected":false},"excerpt":{"rendered":"<h3>Bota castanha com atacadores para homem, fabricada \u00e0 m\u00e3o em Espanha<\/h3>\n<p>Material exterior: Pele de bezerro &#8211; Forro: Pele de bezerro<br \/>\nMaterial da sola: Sola t\u00e9cnica antiderrapante<br \/>\nFecho: Atacadores &#8211; Tipo de salto: Salto baixo<\/p>\n","protected":false},"featured_media":69888,"comment_status":"open","ping_status":"closed","template":"","meta":[],"product_brand":[],"product_cat":[9198,9532,9450],"product_tag":[],"woo-feed-brand":[],"class_list":{"0":"post-62576","1":"product","2":"type-product","3":"status-publish","4":"has-post-thumbnail","6":"product_cat-sapatos-de-homem","7":"product_cat-bota-com-cordoes","8":"product_cat-botas-pt-pt","9":"pa_talla-zapato-39-pt-pt","10":"pa_talla-zapato-40-pt-pt","11":"pa_talla-zapato-41-pt-pt","12":"pa_talla-zapato-42-pt-pt","13":"pa_talla-zapato-43-pt-pt","14":"pa_talla-zapato-44-pt-pt","15":"pa_talla-zapato-45-pt-pt","16":"pa_talla-zapato-46-pt-pt","18":"first","19":"instock","20":"sale","21":"taxable","22":"shipping-taxable","23":"purchasable","24":"product-type-variable"},"_links":{"self":[{"href":"https:\/\/www.beatnikshoes.com\/pt-pt\/wp-json\/wp\/v2\/product\/62576","targetHints":{"allow":["GET"]}}],"collection":[{"href":"https:\/\/www.beatnikshoes.com\/pt-pt\/wp-json\/wp\/v2\/product"}],"about":[{"href":"https:\/\/www.beatnikshoes.com\/pt-pt\/wp-json\/wp\/v2\/types\/product"}],"replies":[{"embeddable":true,"href":"https:\/\/www.beatnikshoes.com\/pt-pt\/wp-json\/wp\/v2\/comments?post=62576"}],"wp:featuredmedia":[{"embeddable":true,"href":"https:\/\/www.beatnikshoes.com\/pt-pt\/wp-json\/wp\/v2\/media\/69888"}],"wp:attachment":[{"href":"https:\/\/www.beatnikshoes.com\/pt-pt\/wp-json\/wp\/v2\/media?parent=62576"}],"wp:term":[{"taxonomy":"product_brand","embeddable":true,"href":"https:\/\/www.beatnikshoes.com\/pt-pt\/wp-json\/wp\/v2\/product_brand?post=62576"},{"taxonomy":"product_cat","embeddable":true,"href":"https:\/\/www.beatnikshoes.com\/pt-pt\/wp-json\/wp\/v2\/product_cat?post=62576"},{"taxonomy":"product_tag","embeddable":true,"href":"https:\/\/www.beatnikshoes.com\/pt-pt\/wp-json\/wp\/v2\/product_tag?post=62576"},{"taxonomy":"woo-feed-brand","embeddable":true,"href":"https:\/\/www.beatnikshoes.com\/pt-pt\/wp-json\/wp\/v2\/woo-feed-brand?post=62576"}],"curies":[{"name":"wp","href":"https:\/\/api.w.org\/{rel}","templated":true}]}}