{"id":61393,"date":"2023-09-09T14:19:24","date_gmt":"2023-09-09T12:19:24","guid":{"rendered":"https:\/\/www.beatnikshoes.com\/?post_type=product&#038;p=61393"},"modified":"2025-08-25T20:00:53","modified_gmt":"2025-08-25T18:00:53","slug":"oxford-vermelho-vermelho-homem-em-pele-holmes","status":"publish","type":"product","link":"https:\/\/www.beatnikshoes.com\/pt-pt\/sapatos-feitos-a-mao\/oxford-vermelho-vermelho-homem-em-pele-holmes\/","title":{"rendered":"Oxford de couro vermelho para homem Holmes"},"content":{"rendered":"<h2>SER DIFERENTE \u00c9 F\u00c1CIL PARA SI<\/h2>\n<p>O <strong>oxford para homem em pele vermelha <\/strong>\u00e9 o luxo intemporal e intemporal dos <strong>sapatos com atacadores<\/strong> cor de vinho. E um \u00f3timo ponto de partida se estiver \u00e0 procura de um contraponto cl\u00e1ssico. Especialmente com o seu tom <strong>vinho escuro borgonha<\/strong>, num conjunto contempor\u00e2neo e ousado. Ao mesmo tempo, um oxford vermelho d\u00e1 um toque subtil de cor ao vestu\u00e1rio de trabalho cl\u00e1ssico.<\/p>\n<p>Fabricada \u00e0 m\u00e3o em Espanha em pele de gr\u00e3o borgonha, forrada em pele, com sola de pele cosida e com uma camada antiderrapante. Este <strong>sapato vermelho estilo oxford<\/strong> para homem \u00e9 um elemento b\u00e1sico no guarda-roupa de qualquer homem. Este \u00e9 um sapato cl\u00e1ssico com decora\u00e7\u00e3o de ponta de asa completa, mas o toque de vermelho d\u00e1-lhe um toque muito mais contempor\u00e2neo. Por isso, usa perfeitamente as cores azul e cinzento e, em contextos de escrit\u00f3rio, veste fatos completos.<\/p>\n<p>Al\u00e9m disso, o couro de gr\u00e3o integral protege perfeitamente o seu propriet\u00e1rio das intemp\u00e9ries e da eventual chuva, oferecendo um casaco elegante nas esta\u00e7\u00f5es mais frias.<\/p>\n<p>S\u00e3o uma op\u00e7\u00e3o muito vers\u00e1til que pode ser vestida para cima ou para baixo com toda a est\u00e9tica mais rigorosa e formal. Por outro lado, adaptam-se perfeitamente a qualquer outro ambiente mais descontra\u00eddo.<\/p>\n","protected":false},"excerpt":{"rendered":"<h2>Oxford de couro feito \u00e0 m\u00e3o em Espanha<\/h2>\n<p>Material exterior: couro de gr\u00e3o cor de vinho Bordeaux<br \/>\nForro: Pele de vaca cor de vinho<br \/>\nMaterial da sola: couro genu\u00edno cosido e uma fina camada antiderrapante injectada<br \/>\nFecho: atacadores<br \/>\nTipo de salto: Baixo<\/p>\n","protected":false},"featured_media":56268,"comment_status":"open","ping_status":"closed","template":"","meta":[],"product_brand":[11792],"product_cat":[9198,9204],"product_tag":[],"woo-feed-brand":[],"class_list":{"0":"post-61393","1":"product","2":"type-product","3":"status-publish","4":"has-post-thumbnail","6":"product_brand-beatnik-shoes-pt-pt","7":"product_cat-sapatos-de-homem","8":"product_cat-sapatos-oxford-para-homem","9":"pa_talla-zapato-39-pt-pt","10":"pa_talla-zapato-40-pt-pt","11":"pa_talla-zapato-41-pt-pt","12":"pa_talla-zapato-42-pt-pt","13":"pa_talla-zapato-43-pt-pt","14":"pa_talla-zapato-44-pt-pt","15":"pa_talla-zapato-45-pt-pt","16":"pa_talla-zapato-46-pt-pt","18":"first","19":"instock","20":"sale","21":"taxable","22":"shipping-taxable","23":"purchasable","24":"product-type-variable"},"_links":{"self":[{"href":"https:\/\/www.beatnikshoes.com\/pt-pt\/wp-json\/wp\/v2\/product\/61393","targetHints":{"allow":["GET"]}}],"collection":[{"href":"https:\/\/www.beatnikshoes.com\/pt-pt\/wp-json\/wp\/v2\/product"}],"about":[{"href":"https:\/\/www.beatnikshoes.com\/pt-pt\/wp-json\/wp\/v2\/types\/product"}],"replies":[{"embeddable":true,"href":"https:\/\/www.beatnikshoes.com\/pt-pt\/wp-json\/wp\/v2\/comments?post=61393"}],"wp:featuredmedia":[{"embeddable":true,"href":"https:\/\/www.beatnikshoes.com\/pt-pt\/wp-json\/wp\/v2\/media\/56268"}],"wp:attachment":[{"href":"https:\/\/www.beatnikshoes.com\/pt-pt\/wp-json\/wp\/v2\/media?parent=61393"}],"wp:term":[{"taxonomy":"product_brand","embeddable":true,"href":"https:\/\/www.beatnikshoes.com\/pt-pt\/wp-json\/wp\/v2\/product_brand?post=61393"},{"taxonomy":"product_cat","embeddable":true,"href":"https:\/\/www.beatnikshoes.com\/pt-pt\/wp-json\/wp\/v2\/product_cat?post=61393"},{"taxonomy":"product_tag","embeddable":true,"href":"https:\/\/www.beatnikshoes.com\/pt-pt\/wp-json\/wp\/v2\/product_tag?post=61393"},{"taxonomy":"woo-feed-brand","embeddable":true,"href":"https:\/\/www.beatnikshoes.com\/pt-pt\/wp-json\/wp\/v2\/woo-feed-brand?post=61393"}],"curies":[{"name":"wp","href":"https:\/\/api.w.org\/{rel}","templated":true}]}}