{"id":61366,"date":"2023-01-19T14:31:06","date_gmt":"2023-01-19T13:31:06","guid":{"rendered":"https:\/\/www.beatnikshoes.com\/?post_type=product&#038;p=61366"},"modified":"2025-08-25T22:51:58","modified_gmt":"2025-08-25T20:51:58","slug":"sapato-oxford-preto-kaufman-para-homem","status":"publish","type":"product","link":"https:\/\/www.beatnikshoes.com\/pt-pt\/sapatos-feitos-a-mao\/sapato-oxford-preto-kaufman-para-homem\/","title":{"rendered":"Sapato oxford preto Kaufman para homem em pele"},"content":{"rendered":"<h2>O OXFORD PRETO PARA HOMEM EM PELE. O CL\u00c1SSICO INTEMPORAL<\/h2>\n<p>Encontrar um bom par de <strong>sapatos pretos<\/strong> que n\u00e3o sejam apenas s\u00e9rios pode ser uma tarefa dif\u00edcil. O nosso sapato oxford preto, semi-Brogue, para homem, \u00e9 um excelente ponto de partida se procura um elemento cl\u00e1ssico que se enquadre num conjunto mais contempor\u00e2neo e arrojado.<\/p>\n<p>Estes <strong>sapatos pretos estilo Oxford para homem<\/strong>, feitos \u00e0 m\u00e3o em Espanha com a pele de vitela mais macia do mercado, com um forro totalmente em pele e sola cosida em pele genu\u00edna, s\u00e3o uma escolha fant\u00e1stica como sapato formal.<\/p>\n<p>Este modelo seria um Oxford Legate devido \u00e0 sua decora\u00e7\u00e3o. A sua parte superior \u00e9 mais arredondada do que a de outros oxfords da nossa cole\u00e7\u00e3o, o que, juntamente com a sobriedade da decora\u00e7\u00e3o, com apenas alguns detalhes na biqueira, fazem dele um sapato cl\u00e1ssico para cerim\u00f3nias, casamentos e celebra\u00e7\u00f5es. E, claro, como um <strong>sapato de homem preto com atacadores<\/strong> para o ambiente de escrit\u00f3rio. Impec\u00e1vel num fato completo.<\/p>\n<p>S\u00e3o uma sugest\u00e3o muito vers\u00e1til e discreta que garante eleg\u00e2ncia a toda a est\u00e9tica mais formal.<\/p>\n<p>N\u00e3o achas que muitas vezes as coisas mais simples s\u00e3o as mais bonitas?<\/p>\n","protected":false},"excerpt":{"rendered":"<h2>Sapatos de couro feitos \u00e0 m\u00e3o em Espanha<\/h2>\n<p>Material exterior: Pele de bezerro<br \/>\nRevestimento: Pele de vaca roxa<br \/>\nMaterial da sola: Couro genu\u00edno cosido e uma fina camada antiderrapante injectada<br \/>\nFecho: atacadores<br \/>\nTipo de salto: Baixo<\/p>\n","protected":false},"featured_media":55830,"comment_status":"open","ping_status":"closed","template":"","meta":[],"product_brand":[11792],"product_cat":[9228],"product_tag":[],"woo-feed-brand":[],"class_list":{"0":"post-61366","1":"product","2":"type-product","3":"status-publish","4":"has-post-thumbnail","6":"product_brand-beatnik-shoes-pt-pt","7":"product_cat-saida","8":"pa_talla-zapato-39-pt-pt","9":"pa_talla-zapato-40-pt-pt","10":"pa_talla-zapato-41-pt-pt","11":"pa_talla-zapato-42-pt-pt","12":"pa_talla-zapato-43-pt-pt","13":"pa_talla-zapato-44-pt-pt","14":"pa_talla-zapato-45-pt-pt","15":"pa_talla-zapato-46-pt-pt","17":"first","18":"instock","19":"sale","20":"taxable","21":"shipping-taxable","22":"purchasable","23":"product-type-variable"},"_links":{"self":[{"href":"https:\/\/www.beatnikshoes.com\/pt-pt\/wp-json\/wp\/v2\/product\/61366","targetHints":{"allow":["GET"]}}],"collection":[{"href":"https:\/\/www.beatnikshoes.com\/pt-pt\/wp-json\/wp\/v2\/product"}],"about":[{"href":"https:\/\/www.beatnikshoes.com\/pt-pt\/wp-json\/wp\/v2\/types\/product"}],"replies":[{"embeddable":true,"href":"https:\/\/www.beatnikshoes.com\/pt-pt\/wp-json\/wp\/v2\/comments?post=61366"}],"wp:featuredmedia":[{"embeddable":true,"href":"https:\/\/www.beatnikshoes.com\/pt-pt\/wp-json\/wp\/v2\/media\/55830"}],"wp:attachment":[{"href":"https:\/\/www.beatnikshoes.com\/pt-pt\/wp-json\/wp\/v2\/media?parent=61366"}],"wp:term":[{"taxonomy":"product_brand","embeddable":true,"href":"https:\/\/www.beatnikshoes.com\/pt-pt\/wp-json\/wp\/v2\/product_brand?post=61366"},{"taxonomy":"product_cat","embeddable":true,"href":"https:\/\/www.beatnikshoes.com\/pt-pt\/wp-json\/wp\/v2\/product_cat?post=61366"},{"taxonomy":"product_tag","embeddable":true,"href":"https:\/\/www.beatnikshoes.com\/pt-pt\/wp-json\/wp\/v2\/product_tag?post=61366"},{"taxonomy":"woo-feed-brand","embeddable":true,"href":"https:\/\/www.beatnikshoes.com\/pt-pt\/wp-json\/wp\/v2\/woo-feed-brand?post=61366"}],"curies":[{"name":"wp","href":"https:\/\/api.w.org\/{rel}","templated":true}]}}