{"id":61311,"date":"2023-12-02T13:31:13","date_gmt":"2023-12-02T12:31:13","guid":{"rendered":"https:\/\/www.beatnikshoes.com\/?post_type=product&#038;p=61311"},"modified":"2025-12-30T18:56:11","modified_gmt":"2025-12-30T17:56:11","slug":"sapato-oxford-preto-homem-holmes-preto-profundo","status":"publish","type":"product","link":"https:\/\/www.beatnikshoes.com\/pt-pt\/sapatos-feitos-a-mao\/sapato-oxford-preto-homem-holmes-preto-profundo\/","title":{"rendered":"Oxfords Holmes Deep Black para homem"},"content":{"rendered":"<h2>O OXFORD PRETO B\u00c1SICO PARA O GUARDA-ROUPA DE QUALQUER HOMEM<\/h2>\n<p>Um dos modelos preferidos dos nossos clientes, agora na cor mais cl\u00e1ssica, o nosso <strong>sapato oxford Holmes Deep Black para homem<\/strong>.<\/p>\n<p>Para um classicismo sem paralelo no nosso <strong>oxford preto para homem<\/strong>, opt\u00e1mos por utilizar pele genu\u00edna de gr\u00e3o integral. Esta escolha confere ao sapato um brilho discreto que real\u00e7a a sua silhueta cl\u00e1ssica.<\/p>\n<p>O <strong>sapato oxford preto para homem<\/strong>, feito \u00e0 m\u00e3o em Espanha, \u00e9 ideal para qualquer ocasi\u00e3o. A sua versatilidade torna-o o complemento perfeito para o vestu\u00e1rio de escrit\u00f3rio durante a semana de trabalho, bem como para o vestu\u00e1rio mais informal nos tempos livres.<\/p>\n<p>Gra\u00e7as ao couro de gr\u00e3o integral e ao forro em pele de vaca, estes sapatos proporcionam um isolamento completo dos p\u00e9s. Al\u00e9m disso, acrescent\u00e1mos uma sola de couro extra para prote\u00e7\u00e3o adicional contra o frio, o calor e a humidade, independentemente das condi\u00e7\u00f5es meteorol\u00f3gicas exteriores.<\/p>\n<p>A forma utilizada garante um conforto excecional, enquanto que a qualidade dos materiais e o trabalho artesanal garantem que desfrutar\u00e1 de sapatos <strong>pretos com atacadores para homem eleg<\/strong> antes e com classe durante muito tempo.<\/p>\n","protected":false},"excerpt":{"rendered":"<h2>Sapatos Oxford pretos, feitos \u00e0 m\u00e3o em Espanha<\/h2>\n<p>Material exterior: Couro de gr\u00e3o<br \/>\nForro: Pele de vaca roxa<br \/>\nMaterial da sola: couro genu\u00edno e uma fina camada antiderrapante injectada<br \/>\nFecho: atacadores<br \/>\nTipo de salto: Baixo<\/p>\n","protected":false},"featured_media":73213,"comment_status":"open","ping_status":"closed","template":"","meta":[],"product_brand":[],"product_cat":[9198,9204],"product_tag":[],"woo-feed-brand":[],"class_list":{"0":"post-61311","1":"product","2":"type-product","3":"status-publish","4":"has-post-thumbnail","6":"product_cat-sapatos-de-homem","7":"product_cat-sapatos-oxford-para-homem","8":"pa_talla-zapato-39-pt-pt","9":"pa_talla-zapato-40-pt-pt","10":"pa_talla-zapato-41-pt-pt","11":"pa_talla-zapato-42-pt-pt","12":"pa_talla-zapato-43-pt-pt","13":"pa_talla-zapato-44-pt-pt","14":"pa_talla-zapato-45-pt-pt","15":"pa_talla-zapato-46-pt-pt","17":"first","18":"instock","19":"sale","20":"taxable","21":"shipping-taxable","22":"purchasable","23":"product-type-variable"},"_links":{"self":[{"href":"https:\/\/www.beatnikshoes.com\/pt-pt\/wp-json\/wp\/v2\/product\/61311","targetHints":{"allow":["GET"]}}],"collection":[{"href":"https:\/\/www.beatnikshoes.com\/pt-pt\/wp-json\/wp\/v2\/product"}],"about":[{"href":"https:\/\/www.beatnikshoes.com\/pt-pt\/wp-json\/wp\/v2\/types\/product"}],"replies":[{"embeddable":true,"href":"https:\/\/www.beatnikshoes.com\/pt-pt\/wp-json\/wp\/v2\/comments?post=61311"}],"wp:featuredmedia":[{"embeddable":true,"href":"https:\/\/www.beatnikshoes.com\/pt-pt\/wp-json\/wp\/v2\/media\/73213"}],"wp:attachment":[{"href":"https:\/\/www.beatnikshoes.com\/pt-pt\/wp-json\/wp\/v2\/media?parent=61311"}],"wp:term":[{"taxonomy":"product_brand","embeddable":true,"href":"https:\/\/www.beatnikshoes.com\/pt-pt\/wp-json\/wp\/v2\/product_brand?post=61311"},{"taxonomy":"product_cat","embeddable":true,"href":"https:\/\/www.beatnikshoes.com\/pt-pt\/wp-json\/wp\/v2\/product_cat?post=61311"},{"taxonomy":"product_tag","embeddable":true,"href":"https:\/\/www.beatnikshoes.com\/pt-pt\/wp-json\/wp\/v2\/product_tag?post=61311"},{"taxonomy":"woo-feed-brand","embeddable":true,"href":"https:\/\/www.beatnikshoes.com\/pt-pt\/wp-json\/wp\/v2\/woo-feed-brand?post=61311"}],"curies":[{"name":"wp","href":"https:\/\/api.w.org\/{rel}","templated":true}]}}