{"id":61284,"date":"2017-06-09T13:05:10","date_gmt":"2017-06-09T11:05:10","guid":{"rendered":"https:\/\/www.beatnikshoes.com\/?post_type=product&#038;p=61284"},"modified":"2025-08-27T22:28:10","modified_gmt":"2025-08-27T20:28:10","slug":"oxford-bicolor-castanho-e-bege-do-homem-holmes","status":"publish","type":"product","link":"https:\/\/www.beatnikshoes.com\/pt-pt\/sapatos-feitos-a-mao\/oxford-bicolor-castanho-e-bege-do-homem-holmes\/","title":{"rendered":"Oxford Holmes bicolor castanho e bege para homem"},"content":{"rendered":"<h2>O OXFORD BICOLOR PARA HOMEM COM A COMBINA\u00c7\u00c3O MAIS IMPEC\u00c1VEL<\/h2>\n<p>Com a chegada do ver\u00e3o, podemos ver nas ruas como todas as cores da esta\u00e7\u00e3o tamb\u00e9m impregnam os guarda-roupas de todos. Em contraste com as paletas escuras que dominam o inverno, nas esta\u00e7\u00f5es mais quentes podemos admirar uma variedade crom\u00e1tica muito maior.<\/p>\n<p>Com isso em mente, cri\u00e1mos um <strong>sapato estilo Oxford em duas cores<\/strong> cl\u00e1ssicas na pele de vitela mais macia do mercado. Esta \u00e9 uma combina\u00e7\u00e3o de cores perfeita entre o castanho e o bege. \u00c9 tamb\u00e9m um sapato que nos faz recuar v\u00e1rias d\u00e9cadas. A per\u00edodos em que se vestia com toda a eleg\u00e2ncia de um dandy no ver\u00e3o. Esta combina\u00e7\u00e3o sempre foi perfeita com quase todas as cores.<\/p>\n<p>Desde cal\u00e7as de ganga em qualquer cor terra ou pastel, a cal\u00e7as de ganga ou um fato mais formal, o seu utilizador ficar\u00e1 perfeitamente combinado. Todo o <strong>oxford para homem em pele castanha<\/strong> bicolor \u00e9 forrado com pele de vaca e a g\u00e1spea \u00e9 feita de pele de vitelo. Por conseguinte, a suavidade, a flexibilidade e o conforto s\u00e3o garantidos. Como pormenor final, v\u00eam com atacadores duplos em bege e castanho, para que possa combin\u00e1-los como quiser.<\/p>\n<p>Este oxford castanho e bege bicolor para homem veste o homem de hoje com o melhor de ontem.<\/p>\n","protected":false},"excerpt":{"rendered":"<h2>Sapato Oxford bicolor feito \u00e0 m\u00e3o<\/h2>\n<p>Material exterior: Pele de bezerro<br \/>\nForro: Pele de vaca roxa<br \/>\nMaterial da sola: Couro genu\u00edno e uma fina camada antiderrapante<br \/>\nFecho: atacadores<br \/>\nTipo de salto: Baixo<\/p>\n","protected":false},"featured_media":70583,"comment_status":"open","ping_status":"closed","template":"","meta":[],"product_brand":[11792],"product_cat":[9198,9229,9204],"product_tag":[],"woo-feed-brand":[],"class_list":{"0":"post-61284","1":"product","2":"type-product","3":"status-publish","4":"has-post-thumbnail","6":"product_brand-beatnik-shoes-pt-pt","7":"product_cat-sapatos-de-homem","8":"product_cat-sapatos-bicolores-para-homem","9":"product_cat-sapatos-oxford-para-homem","10":"pa_talla-zapato-39-pt-pt","11":"pa_talla-zapato-40-pt-pt","12":"pa_talla-zapato-41-pt-pt","13":"pa_talla-zapato-42-pt-pt","14":"pa_talla-zapato-43-pt-pt","15":"pa_talla-zapato-44-pt-pt","16":"pa_talla-zapato-45-pt-pt","17":"pa_talla-zapato-46-pt-pt","19":"first","20":"instock","21":"sale","22":"taxable","23":"shipping-taxable","24":"purchasable","25":"product-type-variable"},"_links":{"self":[{"href":"https:\/\/www.beatnikshoes.com\/pt-pt\/wp-json\/wp\/v2\/product\/61284","targetHints":{"allow":["GET"]}}],"collection":[{"href":"https:\/\/www.beatnikshoes.com\/pt-pt\/wp-json\/wp\/v2\/product"}],"about":[{"href":"https:\/\/www.beatnikshoes.com\/pt-pt\/wp-json\/wp\/v2\/types\/product"}],"replies":[{"embeddable":true,"href":"https:\/\/www.beatnikshoes.com\/pt-pt\/wp-json\/wp\/v2\/comments?post=61284"}],"wp:featuredmedia":[{"embeddable":true,"href":"https:\/\/www.beatnikshoes.com\/pt-pt\/wp-json\/wp\/v2\/media\/70583"}],"wp:attachment":[{"href":"https:\/\/www.beatnikshoes.com\/pt-pt\/wp-json\/wp\/v2\/media?parent=61284"}],"wp:term":[{"taxonomy":"product_brand","embeddable":true,"href":"https:\/\/www.beatnikshoes.com\/pt-pt\/wp-json\/wp\/v2\/product_brand?post=61284"},{"taxonomy":"product_cat","embeddable":true,"href":"https:\/\/www.beatnikshoes.com\/pt-pt\/wp-json\/wp\/v2\/product_cat?post=61284"},{"taxonomy":"product_tag","embeddable":true,"href":"https:\/\/www.beatnikshoes.com\/pt-pt\/wp-json\/wp\/v2\/product_tag?post=61284"},{"taxonomy":"woo-feed-brand","embeddable":true,"href":"https:\/\/www.beatnikshoes.com\/pt-pt\/wp-json\/wp\/v2\/woo-feed-brand?post=61284"}],"curies":[{"name":"wp","href":"https:\/\/api.w.org\/{rel}","templated":true}]}}