{"id":61257,"date":"2018-04-24T13:05:46","date_gmt":"2018-04-24T11:05:46","guid":{"rendered":"https:\/\/www.beatnikshoes.com\/?post_type=product&#038;p=61257"},"modified":"2025-08-27T21:45:17","modified_gmt":"2025-08-27T19:45:17","slug":"sapato-oxford-para-homem-em-pele-castanho-miller-castanho","status":"publish","type":"product","link":"https:\/\/www.beatnikshoes.com\/pt-pt\/sapatos-feitos-a-mao\/sapato-oxford-para-homem-em-pele-castanho-miller-castanho\/","title":{"rendered":"Oxford Miller em pele castanha para homem"},"content":{"rendered":"<h2>CLASSICISMO MASCULINO COM UM TOQUE DE COR<\/h2>\n<p>A combina\u00e7\u00e3o de uma forma cl\u00e1ssica e elegante com uma cor castanha discreta \u00e9 irresist\u00edvel. As linhas discretas do nosso <strong>sapato oxford<\/strong> castanho Miller, fabricado em pele de vitela, s\u00e3o f\u00e1ceis de combinar com qualquer paleta de cores. \u00c9 f\u00e1cil de combinar com fatos ou casacos de cores frias, como o cinzento, ou com toda a gama de azuis, sendo especialmente elegante com tons de azul-marinho. E, obviamente, \u00e9 perfeito com toda a gama de cores pastel e terrosas.<\/p>\n<p>A combina\u00e7\u00e3o do <strong>sapato Miller Oxford castanho<\/strong> com um fato azul e cinzento \u00e0s riscas \u00e9 perfeita. Ao mesmo tempo, com um par de cal\u00e7as de ganga, n\u00e3o pode ser mais elegante e f\u00e1cil de usar.<\/p>\n<p>O castanho-escuro da sua pele de vaca quase mate proporciona uma nuance de cor que suaviza os tons escuros de um fato totalmente escuro e, por outro lado, oferece possibilidades de combina\u00e7\u00e3o com outros tons mais primaveris. Ao mesmo tempo, \u00e9 um modelo que tamb\u00e9m funciona em ambientes mais informais e at\u00e9 nos tempos livres.<\/p>\n<p>As linhas cl\u00e1ssicas da parte superior deste <strong>sapato castanho estilo Oxford para homem<\/strong> com um estilo distintamente brit\u00e2nico, combinadas com o design contido, d\u00e3o total destaque \u00e0 qualidade da pele de vitelo com que \u00e9 constru\u00eddo. O interior \u00e9 inteiramente forrado com pele de bezerro roxa. A sola \u00e9 feita de couro genu\u00edno cosido pelo m\u00e9todo tradicional de Blake e foi acrescentada uma camada adicional de sp\u00e1i antiderrapante para isolar a sola. Tudo para proporcionar o m\u00e1ximo conforto, bem como uma eleg\u00e2ncia intemporal.<\/p>\n","protected":false},"excerpt":{"rendered":"<h2>Oxford de couro castanho para homem, fabricado \u00e0 m\u00e3o em Espanha<\/h2>\n<p>Material exterior: couro de vitelo castanho<br \/>\nForro: Pele de vaca roxa<br \/>\nMaterial da sola: Couro genu\u00edno cosido e esp\u00e1tula antiderrapante<br \/>\nFecho: atacadores<br \/>\nTipo de salto: Baixo<\/p>\n","protected":false},"featured_media":70566,"comment_status":"open","ping_status":"closed","template":"","meta":[],"product_brand":[],"product_cat":[9198,9204],"product_tag":[],"woo-feed-brand":[],"class_list":{"0":"post-61257","1":"product","2":"type-product","3":"status-publish","4":"has-post-thumbnail","6":"product_cat-sapatos-de-homem","7":"product_cat-sapatos-oxford-para-homem","8":"pa_talla-zapato-39-pt-pt","9":"pa_talla-zapato-40-pt-pt","10":"pa_talla-zapato-41-pt-pt","11":"pa_talla-zapato-42-pt-pt","12":"pa_talla-zapato-43-pt-pt","13":"pa_talla-zapato-44-pt-pt","14":"pa_talla-zapato-45-pt-pt","15":"pa_talla-zapato-46-pt-pt","17":"first","18":"instock","19":"sale","20":"taxable","21":"shipping-taxable","22":"purchasable","23":"product-type-variable"},"_links":{"self":[{"href":"https:\/\/www.beatnikshoes.com\/pt-pt\/wp-json\/wp\/v2\/product\/61257","targetHints":{"allow":["GET"]}}],"collection":[{"href":"https:\/\/www.beatnikshoes.com\/pt-pt\/wp-json\/wp\/v2\/product"}],"about":[{"href":"https:\/\/www.beatnikshoes.com\/pt-pt\/wp-json\/wp\/v2\/types\/product"}],"replies":[{"embeddable":true,"href":"https:\/\/www.beatnikshoes.com\/pt-pt\/wp-json\/wp\/v2\/comments?post=61257"}],"wp:featuredmedia":[{"embeddable":true,"href":"https:\/\/www.beatnikshoes.com\/pt-pt\/wp-json\/wp\/v2\/media\/70566"}],"wp:attachment":[{"href":"https:\/\/www.beatnikshoes.com\/pt-pt\/wp-json\/wp\/v2\/media?parent=61257"}],"wp:term":[{"taxonomy":"product_brand","embeddable":true,"href":"https:\/\/www.beatnikshoes.com\/pt-pt\/wp-json\/wp\/v2\/product_brand?post=61257"},{"taxonomy":"product_cat","embeddable":true,"href":"https:\/\/www.beatnikshoes.com\/pt-pt\/wp-json\/wp\/v2\/product_cat?post=61257"},{"taxonomy":"product_tag","embeddable":true,"href":"https:\/\/www.beatnikshoes.com\/pt-pt\/wp-json\/wp\/v2\/product_tag?post=61257"},{"taxonomy":"woo-feed-brand","embeddable":true,"href":"https:\/\/www.beatnikshoes.com\/pt-pt\/wp-json\/wp\/v2\/woo-feed-brand?post=61257"}],"curies":[{"name":"wp","href":"https:\/\/api.w.org\/{rel}","templated":true}]}}