{"id":61226,"date":"2018-11-30T14:42:11","date_gmt":"2018-11-30T13:42:11","guid":{"rendered":"https:\/\/www.beatnikshoes.com\/?post_type=product&#038;p=61226"},"modified":"2025-10-05T14:51:16","modified_gmt":"2025-10-05T12:51:16","slug":"tenis-de-couro-preto-preto-para-homens-e-mulheres-harper-preto","status":"publish","type":"product","link":"https:\/\/www.beatnikshoes.com\/pt-pt\/sapatos-feitos-a-mao\/tenis-de-couro-preto-preto-para-homens-e-mulheres-harper-preto\/","title":{"rendered":"Harper Black &#8211; Sapatilhas de couro pretas fabricadas em Espanha"},"content":{"rendered":"<h2>SAPATILHAS DE COURO PRETO PARA HOMEM E MULHER FABRICADAS EM ESPANHA &#8211; HARPER BLACK<\/h2>\n<p>Apresentamos-lhe um par de <strong>sapatilhas em pele preta para homem e senhora<\/strong>, concebidas para o dia a dia. Apenas qualidade e um ligeiro toque de cor, quase um ligeiro acento no la\u00e7o. Um estilo vers\u00e1til e ultra-discreto. Tanto a parte superior como a sola extra larga s\u00e3o pretas, para que o design discreto deixe apenas vis\u00edvel a extrema qualidade da pele de vitelo utilizada na sua confe\u00e7\u00e3o. O conforto de uma pantufa fabricada em pele de vitelo de primeira qualidade, feita \u00e0<strong> m\u00e3o em Espanha<\/strong>, totalmente forrada em pele e com uma palmilha em pele macia. A palmilha pode ser removida e facilmente substitu\u00edda por uma nova, fazendo com que este t\u00e9nis dure praticamente para sempre.<\/p>\n<p>Um estilo \u00fanico que pode ser usado \u00e0 vontade com o novo business casual. A linha deste modelo flui sem problemas e combina com qualquer tipo de cal\u00e7as e qualquer cor. Tanto para uso quotidiano como para lazer. Para dar um toque de cor a estas <strong>sapatilhas em pele preta para homem e mulher<\/strong> <strong>Harper Black<\/strong>, inclu\u00edmos, para al\u00e9m dos atacadores pretos, um conjunto extra em roxo escuro.<\/p>\n<p>As costuras s\u00e3o feitas \u00e0 m\u00e1quina com ponto duplo e fio de nylon refor\u00e7ado. Isto garante que a pe\u00e7a \u00e9 est\u00e1vel durante um longo per\u00edodo de tempo e est\u00e1 perfeitamente fixada a cada passo que \u00e9 necess\u00e1rio dar.<\/p>\n<p>A pele de vitelo foi tratada contra a chuva e a humidade e n\u00e3o \u00e9 um problema para o inverno. Independentemente do tempo.<\/p>\n","protected":false},"excerpt":{"rendered":"<h2>Sapatilhas de treino pretas para homem e mulher feitas \u00e0 m\u00e3o em pele de vitelo.<\/h2>\n<p>Material exterior: Pele de vaca preta. &#8211; Forro: Pele de vaca.<br \/>\nPalmilha amov\u00edvel.<br \/>\nMaterial da sola: composto antiderrapante preto.<\/p>\n","protected":false},"featured_media":57090,"comment_status":"open","ping_status":"closed","template":"","meta":[],"product_brand":[],"product_cat":[9228],"product_tag":[],"woo-feed-brand":[],"class_list":{"0":"post-61226","1":"product","2":"type-product","3":"status-publish","4":"has-post-thumbnail","6":"product_cat-saida","7":"pa_talla-zapato-35-pt-pt","8":"pa_talla-zapato-36-pt-pt","9":"pa_talla-zapato-37-pt-pt","10":"pa_talla-zapato-38-pt-pt","11":"pa_talla-zapato-39-pt-pt","12":"pa_talla-zapato-40-pt-pt","13":"pa_talla-zapato-41-pt-pt","14":"pa_talla-zapato-42-pt-pt","15":"pa_talla-zapato-43-pt-pt","16":"pa_talla-zapato-44-pt-pt","17":"pa_talla-zapato-45-pt-pt","18":"pa_talla-zapato-46-pt-pt","20":"first","21":"outofstock","22":"sale","23":"taxable","24":"shipping-taxable","25":"purchasable","26":"product-type-variable"},"_links":{"self":[{"href":"https:\/\/www.beatnikshoes.com\/pt-pt\/wp-json\/wp\/v2\/product\/61226","targetHints":{"allow":["GET"]}}],"collection":[{"href":"https:\/\/www.beatnikshoes.com\/pt-pt\/wp-json\/wp\/v2\/product"}],"about":[{"href":"https:\/\/www.beatnikshoes.com\/pt-pt\/wp-json\/wp\/v2\/types\/product"}],"replies":[{"embeddable":true,"href":"https:\/\/www.beatnikshoes.com\/pt-pt\/wp-json\/wp\/v2\/comments?post=61226"}],"wp:featuredmedia":[{"embeddable":true,"href":"https:\/\/www.beatnikshoes.com\/pt-pt\/wp-json\/wp\/v2\/media\/57090"}],"wp:attachment":[{"href":"https:\/\/www.beatnikshoes.com\/pt-pt\/wp-json\/wp\/v2\/media?parent=61226"}],"wp:term":[{"taxonomy":"product_brand","embeddable":true,"href":"https:\/\/www.beatnikshoes.com\/pt-pt\/wp-json\/wp\/v2\/product_brand?post=61226"},{"taxonomy":"product_cat","embeddable":true,"href":"https:\/\/www.beatnikshoes.com\/pt-pt\/wp-json\/wp\/v2\/product_cat?post=61226"},{"taxonomy":"product_tag","embeddable":true,"href":"https:\/\/www.beatnikshoes.com\/pt-pt\/wp-json\/wp\/v2\/product_tag?post=61226"},{"taxonomy":"woo-feed-brand","embeddable":true,"href":"https:\/\/www.beatnikshoes.com\/pt-pt\/wp-json\/wp\/v2\/woo-feed-brand?post=61226"}],"curies":[{"name":"wp","href":"https:\/\/api.w.org\/{rel}","templated":true}]}}