{"id":61186,"date":"2018-12-02T21:33:13","date_gmt":"2018-12-02T20:33:13","guid":{"rendered":"https:\/\/www.beatnikshoes.com\/?post_type=product&#038;p=61186"},"modified":"2025-08-27T19:48:50","modified_gmt":"2025-08-27T17:48:50","slug":"tenis-de-couro-em-dois-tons-branco-e-preto-branco-e-preto-para-homem-e-mulher-harper-bw","status":"publish","type":"product","link":"https:\/\/www.beatnikshoes.com\/pt-pt\/sapatos-feitos-a-mao\/tenis-de-couro-em-dois-tons-branco-e-preto-branco-e-preto-para-homem-e-mulher-harper-bw\/","title":{"rendered":"Sapatilhas de couro bicolor em preto e branco para homem e mulher Harper Preto e Branco"},"content":{"rendered":"<h2>Sapatilhas de couro bicolor preto e branco para homem e mulher, feitas \u00e0 m\u00e3o em Espanha Harper BW<\/h2>\n<p>N\u00e3o h\u00e1 nada melhor do que introduzir surpresas na nossa cole\u00e7\u00e3o. E estas <strong>sapatilhas de couro bicolor em preto e branco para homem e mulher<\/strong> s\u00e3o uma delas. Decidimos introduzir uma edi\u00e7\u00e3o limitada dos nossos t\u00e9nis Harper, com um design de dois tons. As cores corporativas da Beatnik s\u00e3o o preto e o branco, pelo que n\u00e3o temos uma combina\u00e7\u00e3o de cores que nos seja mais adequada. Por outro lado, o design desta pe\u00e7a combina o preto mate da pele de vitelo mais fina com uma sola de espadilha branca para uma combina\u00e7\u00e3o interessante.<\/p>\n<p>Toda a pe\u00e7a foi forrada em pele de bezerro roxa. A palmilha \u00e9 feita de couro genu\u00edno e \u00e9 facilmente remov\u00edvel e renov\u00e1vel, fazendo com que estes t\u00e9nis durem praticamente para sempre. A pele macia de vitelo utilizada para estas <strong>sapatilhas de pele bicolor em preto e branco para homem e mulher<\/strong> garante um conforto extremo.<\/p>\n<p>Para n\u00f3s, este \u00e9 um modelo que procura o tempo livre. Mas muitos dos nossos amigos est\u00e3o a utiliz\u00e1-lo como um sapato de qualidade extremamente elevada para o trabalho. E s\u00e3o muito f\u00e1ceis de combinar com praticamente toda a paleta de cores, tanto no ver\u00e3o como no inverno. Como um elemento perfeito de vestu\u00e1rio casual ou como cal\u00e7ado para reuni\u00f5es informais, estas sapatilhas formais, feitas \u00e0 m\u00e3o em Espanha, podem ser o teu aliado perfeito.<\/p>\n","protected":false},"excerpt":{"rendered":"<h2>Sapatilha preta e branca para homem e mulher feita \u00e0 m\u00e3o em pele de bezerro.<\/h2>\n<p>Material exterior: Pele de vaca preta. Forro: Pele de bovino.<br \/>\nPalmilha remov\u00edvel.<br \/>\nSola: Composto antiderrapante branco.<\/p>\n","protected":false},"featured_media":57070,"comment_status":"open","ping_status":"closed","template":"","meta":[],"product_brand":[],"product_cat":[9228],"product_tag":[],"woo-feed-brand":[],"class_list":{"0":"post-61186","1":"product","2":"type-product","3":"status-publish","4":"has-post-thumbnail","6":"product_cat-saida","7":"pa_talla-zapato-35-pt-pt","8":"pa_talla-zapato-36-pt-pt","9":"pa_talla-zapato-37-pt-pt","10":"pa_talla-zapato-38-pt-pt","11":"pa_talla-zapato-39-pt-pt","12":"pa_talla-zapato-40-pt-pt","13":"pa_talla-zapato-41-pt-pt","14":"pa_talla-zapato-42-pt-pt","15":"pa_talla-zapato-43-pt-pt","16":"pa_talla-zapato-44-pt-pt","17":"pa_talla-zapato-45-pt-pt","18":"pa_talla-zapato-46-pt-pt","20":"first","21":"instock","22":"sale","23":"taxable","24":"shipping-taxable","25":"purchasable","26":"product-type-variable"},"_links":{"self":[{"href":"https:\/\/www.beatnikshoes.com\/pt-pt\/wp-json\/wp\/v2\/product\/61186","targetHints":{"allow":["GET"]}}],"collection":[{"href":"https:\/\/www.beatnikshoes.com\/pt-pt\/wp-json\/wp\/v2\/product"}],"about":[{"href":"https:\/\/www.beatnikshoes.com\/pt-pt\/wp-json\/wp\/v2\/types\/product"}],"replies":[{"embeddable":true,"href":"https:\/\/www.beatnikshoes.com\/pt-pt\/wp-json\/wp\/v2\/comments?post=61186"}],"wp:featuredmedia":[{"embeddable":true,"href":"https:\/\/www.beatnikshoes.com\/pt-pt\/wp-json\/wp\/v2\/media\/57070"}],"wp:attachment":[{"href":"https:\/\/www.beatnikshoes.com\/pt-pt\/wp-json\/wp\/v2\/media?parent=61186"}],"wp:term":[{"taxonomy":"product_brand","embeddable":true,"href":"https:\/\/www.beatnikshoes.com\/pt-pt\/wp-json\/wp\/v2\/product_brand?post=61186"},{"taxonomy":"product_cat","embeddable":true,"href":"https:\/\/www.beatnikshoes.com\/pt-pt\/wp-json\/wp\/v2\/product_cat?post=61186"},{"taxonomy":"product_tag","embeddable":true,"href":"https:\/\/www.beatnikshoes.com\/pt-pt\/wp-json\/wp\/v2\/product_tag?post=61186"},{"taxonomy":"woo-feed-brand","embeddable":true,"href":"https:\/\/www.beatnikshoes.com\/pt-pt\/wp-json\/wp\/v2\/woo-feed-brand?post=61186"}],"curies":[{"name":"wp","href":"https:\/\/api.w.org\/{rel}","templated":true}]}}