{"id":61151,"date":"2019-09-03T14:26:34","date_gmt":"2019-09-03T12:26:34","guid":{"rendered":"https:\/\/www.beatnikshoes.com\/?post_type=product&#038;p=61151"},"modified":"2025-08-26T22:10:43","modified_gmt":"2025-08-26T20:10:43","slug":"dupla-fivela-castanha-fivela-para-homem-lamantia","status":"publish","type":"product","link":"https:\/\/www.beatnikshoes.com\/pt-pt\/sapatos-feitos-a-mao\/dupla-fivela-castanha-fivela-para-homem-lamantia\/","title":{"rendered":"Sapato Lamantia de fivela dupla castanho para homem"},"content":{"rendered":"<h2>A MONKSTRAP CASTANHA PARA HOMEM PARA USAR ESTA ESTA\u00c7\u00c3O<\/h2>\n<p>Est\u00e1 na altura de cal\u00e7ar um <strong>sapato castanho de fivela dupla para homem<\/strong>.<\/p>\n<p>Apresentamos um par de <strong>sapatos de monge<\/strong> <strong>castanhos<\/strong>, com fivela dupla, feitos \u00e0 m\u00e3o em Espanha num tipo de pele de vaca com veios e com uma textura exterior suavemente granulada, extremamente flex\u00edvel. Este tipo de pele de vaca chama-se Imel e \u00e9 um dos tipos de pele mais procurados para o fabrico de cal\u00e7ado de homem de alta qualidade. Estes <strong>sapatos monge castanhos com fecho de fivela dupla<\/strong> s\u00e3o forrados em pele de vaca roxa. Al\u00e9m disso, a sola de couro \u00e9 cosida e tem uma fina camada antiderrapante. O conjunto \u00e9 perfeito para uma combina\u00e7\u00e3o cl\u00e1ssica para usar como um fato completo para o escrit\u00f3rio. Por outro lado, d\u00e1 um toque de sofistica\u00e7\u00e3o aos looks casuais, mesmo com cal\u00e7as de ganga.<\/p>\n<p>O tom castanho-escuro destes sapatos castanhos de duas fivelas para homem \u00e9 perfeito para muitos tons. E provavelmente a sua combina\u00e7\u00e3o com o azul \u00e9 uma das mais cl\u00e1ssicas e interessantes. Juntamente com diferentes tons de cinzento, mesmo com um fato completo, \u00e9 uma combina\u00e7\u00e3o perfeita para o ambiente de trabalho.<\/p>\n<p>Assim, as linhas elegantes deste <strong>sapato masculino monk strap castanho <\/strong>com fivela dupla fazem dele o companheiro perfeito para o guarda-roupa de um homem que procura os seus sonhos e o seu pr\u00f3prio neg\u00f3cio. Estes sapatos castanhos para<strong> homem<\/strong> <strong>com fivela dupla <\/strong>ser\u00e3o os seus melhores aliados para completar um estilo vencedor.<\/p>\n<p>Assim, o chique urbano \u00e9 um <strong>sapato castanho de fivela dupla para homem<\/strong>.<\/p>\n","protected":false},"excerpt":{"rendered":"<h2>Sapatos de couro feitos \u00e0 m\u00e3o em Espanha<\/h2>\n<p>Material exterior: Pele Imel castanha &#8211; Forro: Pele de vaca roxa<br \/>\nMaterial da sola: couro genu\u00edno cosido e uma fina camada antiderrapante injectada<br \/>\nFecho: Fivela dupla<br \/>\nTipo de salto: Baixo<\/p>\n","protected":false},"featured_media":76595,"comment_status":"open","ping_status":"closed","template":"","meta":[],"product_brand":[11792],"product_cat":[9198,9496],"product_tag":[],"woo-feed-brand":[],"class_list":{"0":"post-61151","1":"product","2":"type-product","3":"status-publish","4":"has-post-thumbnail","6":"product_brand-beatnik-shoes-pt-pt","7":"product_cat-sapatos-de-homem","8":"product_cat-sapatos-de-fivela","9":"pa_talla-zapato-39-pt-pt","10":"pa_talla-zapato-40-pt-pt","11":"pa_talla-zapato-41-pt-pt","12":"pa_talla-zapato-42-pt-pt","13":"pa_talla-zapato-43-pt-pt","14":"pa_talla-zapato-44-pt-pt","15":"pa_talla-zapato-45-pt-pt","16":"pa_talla-zapato-46-pt-pt","18":"first","19":"instock","20":"sale","21":"taxable","22":"shipping-taxable","23":"purchasable","24":"product-type-variable"},"_links":{"self":[{"href":"https:\/\/www.beatnikshoes.com\/pt-pt\/wp-json\/wp\/v2\/product\/61151","targetHints":{"allow":["GET"]}}],"collection":[{"href":"https:\/\/www.beatnikshoes.com\/pt-pt\/wp-json\/wp\/v2\/product"}],"about":[{"href":"https:\/\/www.beatnikshoes.com\/pt-pt\/wp-json\/wp\/v2\/types\/product"}],"replies":[{"embeddable":true,"href":"https:\/\/www.beatnikshoes.com\/pt-pt\/wp-json\/wp\/v2\/comments?post=61151"}],"wp:featuredmedia":[{"embeddable":true,"href":"https:\/\/www.beatnikshoes.com\/pt-pt\/wp-json\/wp\/v2\/media\/76595"}],"wp:attachment":[{"href":"https:\/\/www.beatnikshoes.com\/pt-pt\/wp-json\/wp\/v2\/media?parent=61151"}],"wp:term":[{"taxonomy":"product_brand","embeddable":true,"href":"https:\/\/www.beatnikshoes.com\/pt-pt\/wp-json\/wp\/v2\/product_brand?post=61151"},{"taxonomy":"product_cat","embeddable":true,"href":"https:\/\/www.beatnikshoes.com\/pt-pt\/wp-json\/wp\/v2\/product_cat?post=61151"},{"taxonomy":"product_tag","embeddable":true,"href":"https:\/\/www.beatnikshoes.com\/pt-pt\/wp-json\/wp\/v2\/product_tag?post=61151"},{"taxonomy":"woo-feed-brand","embeddable":true,"href":"https:\/\/www.beatnikshoes.com\/pt-pt\/wp-json\/wp\/v2\/woo-feed-brand?post=61151"}],"curies":[{"name":"wp","href":"https:\/\/api.w.org\/{rel}","templated":true}]}}