{"id":60978,"date":"2023-07-26T11:50:05","date_gmt":"2023-07-26T09:50:05","guid":{"rendered":"https:\/\/www.beatnikshoes.com\/zapatos-hechos-a-mano\/sapato-preto-mary-jane-martha-preto\/"},"modified":"2025-06-19T22:47:40","modified_gmt":"2025-06-19T20:47:40","slug":"sapato-preto-mary-jane-martha-preto","status":"publish","type":"product","link":"https:\/\/www.beatnikshoes.com\/pt-pt\/sapatos-feitos-a-mao\/sapato-preto-mary-jane-martha-preto\/","title":{"rendered":"Sapato Mary Jane Martha Preto"},"content":{"rendered":"<h2>SAPATO MARY JANE MARTHA BLACK: ELEG\u00c2NCIA INTEMPORAL E CONFORTO MODERNO EM CADA PASSO.<\/h2>\n<p>Descobre o elegante <strong>sapato preto Mary Jane<\/strong> Martha Black, uma combina\u00e7\u00e3o requintada de estilo intemporal e conforto moderno!<\/p>\n<p>Concebidos para a mulher contempor\u00e2nea que valoriza tanto a sofistica\u00e7\u00e3o como a praticidade no seu cal\u00e7ado, estes <strong>sapatos mary jane<\/strong> apresentam um trabalho artesanal impec\u00e1vel e um luxuoso boxcalf franc\u00eas que foi cuidadosamente selecionado pela sua suavidade e durabilidade.<\/p>\n<p>Cada par de sapatos Martha Black foi meticulosamente trabalhado para garantir um aspeto sofisticado e uma sensa\u00e7\u00e3o de luxo ao toque. O seu design atraente com um toque de brogue confere um charme \u00fanico a cada passo que d\u00e1.<\/p>\n<p>O acabamento elegante em preto real\u00e7a qualquer roupa, tornando-as uma escolha vers\u00e1til para reuni\u00f5es de neg\u00f3cios, eventos sociais e passeios casuais.<\/p>\n<p>A nossa prioridade \u00e9 o seu conforto e a durabilidade dos nossos sapatos, por isso incorpor\u00e1mos uma sola de couro com inje\u00e7\u00e3o de spai. Esta t\u00e9cnica especializada assegura uma liga\u00e7\u00e3o perfeita entre a sola e o corpo do sapato, proporcionando uma durabilidade excecional e uma flexibilidade que se adapta aos seus movimentos naturais.<\/p>\n<p>O design cl\u00e1ssico da correia Mary Jane com fecho de fivela n\u00e3o s\u00f3 acrescenta um toque retro encantador, como tamb\u00e9m garante um ajuste personalizado para cada p\u00e9.<\/p>\n<p>Quer tenha um dia atarefado ou queira desfrutar de uma noite especial, os sapatos Martha Black proporcionar-lhe-\u00e3o conforto em cada passo sem comprometer o seu estilo sofisticado.<\/p>\n<p>Estes sapatos foram criados para serem mais do que simples cal\u00e7ado; s\u00e3o uma afirma\u00e7\u00e3o de eleg\u00e2ncia e confian\u00e7a. Combinam perfeitamente com uma vasta gama de conjuntos, desde saias e vestidos a cal\u00e7as e jeans, oferecendo-lhe possibilidades infinitas com o seu estilo intemporal.<\/p>\n<p>D\u00ea um toque distinto ao seu guarda-roupa com os sapatos Martha Black. Quer esteja \u00e0 procura de um sapato vers\u00e1til para o dia a dia ou queira destacar-se numa ocasi\u00e3o especial, estas Mary Janes v\u00e3o acompanh\u00e1-la com estilo e conforto em cada passo que der.<\/p>\n<p>N\u00e3o espere mais para descobrir a eleg\u00e2ncia intemporal dos sapatos Martha Black.<\/p>\n<p>Clique agora e obtenha um par que elevar\u00e1 o seu estilo a novas alturas! Entre na tend\u00eancia do cal\u00e7ado cl\u00e1ssico com um toque moderno e torne-se a inveja de todos com estes sofisticados <strong>sapatos mary jane pretos<\/strong>. N\u00e3o se arrepender\u00e1 de ter a Martha Black como sua companheira de moda para todas as ocasi\u00f5es!<\/p>\n<p>Desfrute do luxo e do conforto que merece. Vai ador\u00e1-los!<\/p>\n","protected":false},"excerpt":{"rendered":"<h2>Sapato preto Mary Jane feito \u00e0 m\u00e3o<\/h2>\n<p>Material exterior: Pele de vitelo preta<br \/>\nForro: Pele de bezerro<br \/>\nMaterial da sola: Pele cosida e uma camada de material antiderrapante<br \/>\nFecho: Fivelas<br \/>\nTipo de salto: Baixo<\/p>\n","protected":false},"featured_media":70180,"comment_status":"open","ping_status":"closed","template":"","meta":[],"product_brand":[],"product_cat":[9323,9027],"product_tag":[],"woo-feed-brand":[],"class_list":{"0":"post-60978","1":"product","2":"type-product","3":"status-publish","4":"has-post-thumbnail","6":"product_cat-sapato-com-fivelas","7":"product_cat-sapatos-de-senhora","8":"pa_talla-zapato-35-pt-pt","9":"pa_talla-zapato-36-pt-pt","10":"pa_talla-zapato-37-pt-pt","11":"pa_talla-zapato-38-pt-pt","12":"pa_talla-zapato-39-pt-pt","13":"pa_talla-zapato-40-pt-pt","14":"pa_talla-zapato-41-pt-pt","15":"pa_talla-zapato-42-pt-pt","17":"first","18":"instock","19":"sale","20":"taxable","21":"shipping-taxable","22":"purchasable","23":"product-type-variable"},"_links":{"self":[{"href":"https:\/\/www.beatnikshoes.com\/pt-pt\/wp-json\/wp\/v2\/product\/60978","targetHints":{"allow":["GET"]}}],"collection":[{"href":"https:\/\/www.beatnikshoes.com\/pt-pt\/wp-json\/wp\/v2\/product"}],"about":[{"href":"https:\/\/www.beatnikshoes.com\/pt-pt\/wp-json\/wp\/v2\/types\/product"}],"replies":[{"embeddable":true,"href":"https:\/\/www.beatnikshoes.com\/pt-pt\/wp-json\/wp\/v2\/comments?post=60978"}],"wp:featuredmedia":[{"embeddable":true,"href":"https:\/\/www.beatnikshoes.com\/pt-pt\/wp-json\/wp\/v2\/media\/70180"}],"wp:attachment":[{"href":"https:\/\/www.beatnikshoes.com\/pt-pt\/wp-json\/wp\/v2\/media?parent=60978"}],"wp:term":[{"taxonomy":"product_brand","embeddable":true,"href":"https:\/\/www.beatnikshoes.com\/pt-pt\/wp-json\/wp\/v2\/product_brand?post=60978"},{"taxonomy":"product_cat","embeddable":true,"href":"https:\/\/www.beatnikshoes.com\/pt-pt\/wp-json\/wp\/v2\/product_cat?post=60978"},{"taxonomy":"product_tag","embeddable":true,"href":"https:\/\/www.beatnikshoes.com\/pt-pt\/wp-json\/wp\/v2\/product_tag?post=60978"},{"taxonomy":"woo-feed-brand","embeddable":true,"href":"https:\/\/www.beatnikshoes.com\/pt-pt\/wp-json\/wp\/v2\/woo-feed-brand?post=60978"}],"curies":[{"name":"wp","href":"https:\/\/api.w.org\/{rel}","templated":true}]}}