{"id":60974,"date":"2023-05-14T18:28:28","date_gmt":"2023-05-14T16:28:28","guid":{"rendered":"https:\/\/www.beatnikshoes.com\/zapatos-hechos-a-mano\/sandalias-canguru-verdes-sandalias-canguru-com-tiras-de-baixo-calcanhar-fabricadas-no-pe\/"},"modified":"2025-08-25T22:12:48","modified_gmt":"2025-08-25T20:12:48","slug":"verde-verde-sandalias-canguru-com-salto-baixo-e-tira-nos-pes","status":"publish","type":"product","link":"https:\/\/www.beatnikshoes.com\/pt-pt\/sapatos-feitos-a-mao\/verde-verde-sandalias-canguru-com-salto-baixo-e-tira-nos-pes\/","title":{"rendered":"Sand\u00e1lias de caranguejo verdes com salto baixo em pele Beatnik Fran\u00e7oise Vert"},"content":{"rendered":"<h2>AS SAND\u00c1LIAS DE CARANGUEJO VERDE COM SALTO BAIXO DE QUE ESTAVA \u00c0 ESPERA<\/h2>\n<p>Este ano, temos uma edi\u00e7\u00e3o limitada das suas sand\u00e1lias de couro preferidas. Como v\u00ea, as <strong>sand\u00e1lias de caranguejo verdes de salto baixo em pele<\/strong> s\u00e3o uma del\u00edcia absoluta para esta esta\u00e7\u00e3o.<\/p>\n<p>A \u00faltima das nossas <strong>sand\u00e1lias de caranguejo em pele<\/strong> \u00e9 uma das mais confort\u00e1veis de toda a cole\u00e7\u00e3o. A largura perfeita, as tiras certas no s\u00edtio certo, a melhor pele de vitelo, em suma, todos os pormenores e ajustes necess\u00e1rios para fazer destas sand\u00e1lias as preferidas de todos os nossos clientes. O seu estilo combina perfeitamente com qualquer tipo de vestido e corte, dando um toque muito elegante, uma vez que estamos a falar de um sapato aberto. Sempre consider\u00e1mos o fecho na parte superior como uma solu\u00e7\u00e3o muito pr\u00e1tica para proteger o dedo do p\u00e9 e dar um toque de estilo. O fecho de fivela \u00e9 uma solu\u00e7\u00e3o segura para o ajuste desta sand\u00e1lia. E as tiras de couro laterais completam o design perfeito, especialmente nos dias mais quentes.<\/p>\n<p>Na Beatnik, as colec\u00e7\u00f5es s\u00e3o totalmente intemporais. E esta <strong>sand\u00e1lia de caranguejo em pele verde<\/strong> ser\u00e1 para sempre. A cor verde alegra um design inspirado nos anos sessenta. Esta cor, que se destina a ser combinada com todas as paletas de cores, especialmente com os tons mais claros da primavera e do ver\u00e3o, \u00e9 uma das nossas cores favoritas em todas as esta\u00e7\u00f5es. E se est\u00e1 na moda este ano, achamos que \u00e9 igualmente bom, porque combina perfeitamente com todos os estilos, seja qual for o ano.<\/p>\n<h3>SAND\u00c1LIAS DE VESTIDO EM PELE DE PRIMEIRA QUALIDADE<\/h3>\n<p>A pele utilizada \u00e9 a pele de vitelo mais macia. As solas s\u00e3o feitas de espuma antiderrapante. Toda a pe\u00e7a \u00e9 forrada com pele roxa. O salto escolhido \u00e9 quadrado e largo, forrado em pele. E com a altura perfeita para que o conforto n\u00e3o seja comprometido em nenhum momento, quatro cent\u00edmetros de altura.<\/p>\n<p>N\u00e3o perca as melhores <strong>sand\u00e1lias sociais de senhora<\/strong> <strong>em pele verde<\/strong> da Fran\u00e7oise Vert.<\/p>\n","protected":false},"excerpt":{"rendered":"<h2>Sand\u00e1lia de couro feita \u00e0 m\u00e3o em Espanha<\/h2>\n<p>Material exterior: couro de vitelo verde.<br \/>\nForro: Couro bovino roxo<br \/>\nMaterial da sola: Spai antiderrapante.<br \/>\nFecho: Fivelas<br \/>\nTipo de salto: M\u00e9dio<br \/>\nComposi\u00e7\u00e3o: 100 % couro<\/p>\n<p><strong>Nota sobre o tamanho do modelo Fran\u00e7oise<\/strong>: Encomendar um tamanho maior do que o habitual.<\/p>\n","protected":false},"featured_media":59306,"comment_status":"open","ping_status":"closed","template":"","meta":[],"product_brand":[],"product_cat":[9610,9027],"product_tag":[],"woo-feed-brand":[],"class_list":{"0":"post-60974","1":"product","2":"type-product","3":"status-publish","4":"has-post-thumbnail","6":"product_cat-sandalias-cangrejeras","7":"product_cat-sapatos-de-senhora","8":"pa_talla-zapato-36-pt-pt","9":"pa_talla-zapato-37-pt-pt","10":"pa_talla-zapato-38-pt-pt","11":"pa_talla-zapato-39-pt-pt","12":"pa_talla-zapato-40-pt-pt","13":"pa_talla-zapato-41-pt-pt","15":"first","16":"instock","17":"sale","18":"taxable","19":"shipping-taxable","20":"purchasable","21":"product-type-variable"},"_links":{"self":[{"href":"https:\/\/www.beatnikshoes.com\/pt-pt\/wp-json\/wp\/v2\/product\/60974","targetHints":{"allow":["GET"]}}],"collection":[{"href":"https:\/\/www.beatnikshoes.com\/pt-pt\/wp-json\/wp\/v2\/product"}],"about":[{"href":"https:\/\/www.beatnikshoes.com\/pt-pt\/wp-json\/wp\/v2\/types\/product"}],"replies":[{"embeddable":true,"href":"https:\/\/www.beatnikshoes.com\/pt-pt\/wp-json\/wp\/v2\/comments?post=60974"}],"wp:featuredmedia":[{"embeddable":true,"href":"https:\/\/www.beatnikshoes.com\/pt-pt\/wp-json\/wp\/v2\/media\/59306"}],"wp:attachment":[{"href":"https:\/\/www.beatnikshoes.com\/pt-pt\/wp-json\/wp\/v2\/media?parent=60974"}],"wp:term":[{"taxonomy":"product_brand","embeddable":true,"href":"https:\/\/www.beatnikshoes.com\/pt-pt\/wp-json\/wp\/v2\/product_brand?post=60974"},{"taxonomy":"product_cat","embeddable":true,"href":"https:\/\/www.beatnikshoes.com\/pt-pt\/wp-json\/wp\/v2\/product_cat?post=60974"},{"taxonomy":"product_tag","embeddable":true,"href":"https:\/\/www.beatnikshoes.com\/pt-pt\/wp-json\/wp\/v2\/product_tag?post=60974"},{"taxonomy":"woo-feed-brand","embeddable":true,"href":"https:\/\/www.beatnikshoes.com\/pt-pt\/wp-json\/wp\/v2\/woo-feed-brand?post=60974"}],"curies":[{"name":"wp","href":"https:\/\/api.w.org\/{rel}","templated":true}]}}