{"id":60954,"date":"2022-11-10T19:22:49","date_gmt":"2022-11-10T18:22:49","guid":{"rendered":"https:\/\/www.beatnikshoes.com\/zapatos-hechos-a-mano\/botas-de-couro-castanho-com-atacadores-para-homem\/"},"modified":"2025-08-25T23:01:24","modified_gmt":"2025-08-25T21:01:24","slug":"botas-de-couro-castanho-com-atacadores-para-homem","status":"publish","type":"product","link":"https:\/\/www.beatnikshoes.com\/pt-pt\/sapatos-feitos-a-mao\/botas-de-couro-castanho-com-atacadores-para-homem\/","title":{"rendered":"Botas de vestir en piel marr\u00f3n para hombre con Cordones &#8211; Williams Beatnik Shoes"},"content":{"rendered":"<h2>OBTENHA O VISUAL PERFEITO COM AS BOTAS OXFORD COM ATACADORES EM PELE CASTANHA PARA HOMEM.<\/h2>\n<p><strong>As novas botas Williams de couro castanho com atacadores para homem s\u00e3o um dos modelos mais aguardados<\/strong> por todos os amigos Beatnik. Com uma decora\u00e7\u00e3o cl\u00e1ssica de ponta de asa na parte superior, estas botas brogue combinam eleg\u00e2ncia e calor com o seu forro confort\u00e1vel e macio em pele de vitelo.<\/p>\n<p>Feitas a partir da melhor pele de vitelo castanha, cada par destas botas \u00e9 \u00fanico, com diferentes tons e tonalidades gra\u00e7as \u00e0 antiguidade especial da parte superior.<\/p>\n<p>O seu fecho cl\u00e1ssico com atacadores, sem fecho de correr ou elementos contempor\u00e2neos que desviem a aten\u00e7\u00e3o do seu estilo distinto, \u00e9 complementado por uma sola em pele e uma pequena camada antiderrapante para maior conforto.<\/p>\n<p>Perfeitas para combinar com tons sazonais cl\u00e1ssicos, como azuis, cinzentos e tons de terra, estas <strong>botas Oxford castanhas com atacadores para homem<\/strong> s\u00e3o um complemento ideal para estilos mais formais. Mas tamb\u00e9m ficam muito bem com cal\u00e7as de ganga ou chinos para um look casual mas elegante.<\/p>\n<p>Em suma, as <strong>botas de couro castanho com atacadores para homem<\/strong> s\u00e3o uma aposta segura para quem procura o equil\u00edbrio perfeito entre <strong>classicismo, conforto e eleg\u00e2ncia<\/strong>. Obtenha-os e obtenha o visual<\/p>\n","protected":false},"excerpt":{"rendered":"<h2>Bota brogue castanha para homem, fabricada \u00e0 m\u00e3o em Espanha<\/h2>\n<p>Material exterior: Pele de bezerro<br \/>\nForro: Pele de bezerro<br \/>\nMaterial da sola: Sola t\u00e9cnica antiderrapante<br \/>\nFecho: atacadores<br \/>\nTipo de salto: Baixo<\/p>\n","protected":false},"featured_media":76466,"comment_status":"open","ping_status":"closed","template":"","meta":[],"product_brand":[],"product_cat":[9198,9532,9450],"product_tag":[],"woo-feed-brand":[],"class_list":{"0":"post-60954","1":"product","2":"type-product","3":"status-publish","4":"has-post-thumbnail","6":"product_cat-sapatos-de-homem","7":"product_cat-bota-com-cordoes","8":"product_cat-botas-pt-pt","9":"pa_talla-zapato-39-pt-pt","10":"pa_talla-zapato-40-pt-pt","11":"pa_talla-zapato-41-pt-pt","12":"pa_talla-zapato-42-pt-pt","13":"pa_talla-zapato-43-pt-pt","14":"pa_talla-zapato-44-pt-pt","15":"pa_talla-zapato-45-pt-pt","16":"pa_talla-zapato-46-pt-pt","18":"first","19":"instock","20":"sale","21":"taxable","22":"shipping-taxable","23":"purchasable","24":"product-type-variable"},"_links":{"self":[{"href":"https:\/\/www.beatnikshoes.com\/pt-pt\/wp-json\/wp\/v2\/product\/60954","targetHints":{"allow":["GET"]}}],"collection":[{"href":"https:\/\/www.beatnikshoes.com\/pt-pt\/wp-json\/wp\/v2\/product"}],"about":[{"href":"https:\/\/www.beatnikshoes.com\/pt-pt\/wp-json\/wp\/v2\/types\/product"}],"replies":[{"embeddable":true,"href":"https:\/\/www.beatnikshoes.com\/pt-pt\/wp-json\/wp\/v2\/comments?post=60954"}],"wp:featuredmedia":[{"embeddable":true,"href":"https:\/\/www.beatnikshoes.com\/pt-pt\/wp-json\/wp\/v2\/media\/76466"}],"wp:attachment":[{"href":"https:\/\/www.beatnikshoes.com\/pt-pt\/wp-json\/wp\/v2\/media?parent=60954"}],"wp:term":[{"taxonomy":"product_brand","embeddable":true,"href":"https:\/\/www.beatnikshoes.com\/pt-pt\/wp-json\/wp\/v2\/product_brand?post=60954"},{"taxonomy":"product_cat","embeddable":true,"href":"https:\/\/www.beatnikshoes.com\/pt-pt\/wp-json\/wp\/v2\/product_cat?post=60954"},{"taxonomy":"product_tag","embeddable":true,"href":"https:\/\/www.beatnikshoes.com\/pt-pt\/wp-json\/wp\/v2\/product_tag?post=60954"},{"taxonomy":"woo-feed-brand","embeddable":true,"href":"https:\/\/www.beatnikshoes.com\/pt-pt\/wp-json\/wp\/v2\/woo-feed-brand?post=60954"}],"curies":[{"name":"wp","href":"https:\/\/api.w.org\/{rel}","templated":true}]}}