{"id":60949,"date":"2023-06-01T12:29:27","date_gmt":"2023-06-01T10:29:27","guid":{"rendered":"https:\/\/www.beatnikshoes.com\/zapatos-hechos-a-mano\/sapato-salao-preto-com-salto-baixo\/"},"modified":"2025-06-19T22:50:33","modified_gmt":"2025-06-19T20:50:33","slug":"sapato-salao-preto-com-salto-baixo","status":"publish","type":"product","link":"https:\/\/www.beatnikshoes.com\/pt-pt\/sapatos-feitos-a-mao\/sapato-salao-preto-com-salto-baixo\/","title":{"rendered":"Jane Preto Bomba de salto baixo Jane Preto"},"content":{"rendered":"<h2>ELEG\u00c2NCIA E CONFORTO SUPREMOS COM ESTES SAPATOS PRETOS DE SALTO BAIXO<\/h2>\n<p>Acontece que as boas ideias se mant\u00eam durante muito tempo. E a verdade \u00e9 que um <strong>sapato preto com um salto baixo<\/strong> \u00e9 uma \u00f3ptima solu\u00e7\u00e3o para se vestir na perfei\u00e7\u00e3o em qualquer altura.<\/p>\n<p>As combina\u00e7\u00f5es poss\u00edveis dos nossos sapatos Jane <strong>pretos<\/strong> s\u00e3o infinitas.<\/p>\n<p>A parte superior elegante de uma s\u00f3 pe\u00e7a, o salto baixo e a forma cl\u00e1ssica tornam-no no sapato perfeito para o local de trabalho. Combina perfeitamente com cal\u00e7as de qualquer largura, casacos de fato, cal\u00e7as de ganga ou at\u00e9 mesmo com cal\u00e7as de ganga na sexta-feira casual. E se usar estes <strong>sapatos pretos de salto aberto<\/strong> com um vestido ou um fato com uma saia, o resultado \u00e9 perfeito.<\/p>\n<p>Em ocasi\u00f5es em que \u00e9 necess\u00e1rio um estilo cl\u00e1ssico, estes sapatos pretos de salto baixo tornam-se num sapato elegante e funcional em igual medida. O seu corte e design s\u00e3o perfeitos com um vestido e com um fato completo, dando um toque muito feminino ao estilo escolhido.<\/p>\n<p>O preto \u00e9 um b\u00e1sico para todos os climas e estilos para um sapato de noite. N\u00e3o haver\u00e1 uma esta\u00e7\u00e3o em que n\u00e3o se vistam na perfei\u00e7\u00e3o. E a f\u00e1cil combina\u00e7\u00e3o com todo o tipo de paletas de cores, especialmente em contextos mais formais.<\/p>\n<h3>SAPATOS DE SALTO BAIXO, ULTRA CONFORT\u00c1VEIS<\/h3>\n<p>O design intemporal destes <strong>sapatos pretos de salto baixo<\/strong> \u00e9 combinado com o conforto da g\u00e1spea, o design da forma e a facilidade de fecho da tira traseira. E tudo isto \u00e9 complementado por um salto baixo e quadrado que \u00e9 perfeito para longas caminhadas ou longos dias de trabalho.<\/p>\n<p>A pele escolhida para este modelo \u00e9 a pele macia de bezerro, totalmente forrada em pele macia com costuras m\u00ednimas, palmilha em pele e sola antiderrapante. Apenas o melhor couro garante um conforto total, um estilo limpo e uma vida \u00fatil muito longa desta pe\u00e7a, em perfeitas condi\u00e7\u00f5es.<\/p>\n<p><strong>Os sapatos de sala de audi\u00eancias ou \u201ccourt room shoes<\/strong>\u201d ou<strong>\u201csouliers de court<\/strong>\u201d, como s\u00e3o designados em franc\u00eas ou ingl\u00eas, t\u00eam uma origem que remonta \u00e0 rainha francesa Eleanor de Aquit\u00e2nia e, muito mais perto do seu aparecimento atual, ao s\u00e9culo XVIII em Fran\u00e7a. E, como o nome indica, era um sapato utilizado especificamente para o sal\u00e3o de baile.<\/p>\n<p>Muito mais confort\u00e1vel do que dan\u00e7ar com botas, que eram muito utilizadas como cal\u00e7ado de exterior. E havia um outro modelo com o qual coexistiam em termos de tempo e lugar como um sapato confort\u00e1vel para andar pela casa, os chinelos ou pantufas que vieram do Imp\u00e9rio Otomano. E que eram, para conforto. Se combinarmos estes dois modelos com o salto baixo de uma bailarina, juntamente com a forma mais confort\u00e1vel da nossa oficina, temos a origem da nossa Jane.<\/p>\n<p>Por todas estas raz\u00f5es, chegou a altura de usar os melhores sapatos <strong>pretos de salto baixo<\/strong>.<\/p>\n","protected":false},"excerpt":{"rendered":"<h2>Sapatos de bailarina em pele feitos \u00e0 m\u00e3o em Espanha<\/h2>\n<p>Material exterior: Pele de vitela preta<br \/>\nForro: Pele de vaca roxa<br \/>\nMaterial da sola: Material antiderrapante<br \/>\nFecho: Fivelas<br \/>\nTipo de salto: baixo<br \/>\nComposi\u00e7\u00e3o: 100% couro<\/p>\n","protected":false},"featured_media":59330,"comment_status":"open","ping_status":"closed","template":"","meta":[],"product_brand":[],"product_cat":[10457,9228,9027],"product_tag":[],"woo-feed-brand":[],"class_list":{"0":"post-60949","1":"product","2":"type-product","3":"status-publish","4":"has-post-thumbnail","6":"product_cat-bailarinas-destalonadas-pt-pt","7":"product_cat-saida","8":"product_cat-sapatos-de-senhora","9":"pa_talla-zapato-36-pt-pt","10":"pa_talla-zapato-37-pt-pt","11":"pa_talla-zapato-38-pt-pt","12":"pa_talla-zapato-39-pt-pt","13":"pa_talla-zapato-40-pt-pt","14":"pa_talla-zapato-41-pt-pt","15":"pa_talla-zapato-42-pt-pt","17":"first","18":"instock","19":"sale","20":"taxable","21":"shipping-taxable","22":"purchasable","23":"product-type-variable"},"_links":{"self":[{"href":"https:\/\/www.beatnikshoes.com\/pt-pt\/wp-json\/wp\/v2\/product\/60949","targetHints":{"allow":["GET"]}}],"collection":[{"href":"https:\/\/www.beatnikshoes.com\/pt-pt\/wp-json\/wp\/v2\/product"}],"about":[{"href":"https:\/\/www.beatnikshoes.com\/pt-pt\/wp-json\/wp\/v2\/types\/product"}],"replies":[{"embeddable":true,"href":"https:\/\/www.beatnikshoes.com\/pt-pt\/wp-json\/wp\/v2\/comments?post=60949"}],"wp:featuredmedia":[{"embeddable":true,"href":"https:\/\/www.beatnikshoes.com\/pt-pt\/wp-json\/wp\/v2\/media\/59330"}],"wp:attachment":[{"href":"https:\/\/www.beatnikshoes.com\/pt-pt\/wp-json\/wp\/v2\/media?parent=60949"}],"wp:term":[{"taxonomy":"product_brand","embeddable":true,"href":"https:\/\/www.beatnikshoes.com\/pt-pt\/wp-json\/wp\/v2\/product_brand?post=60949"},{"taxonomy":"product_cat","embeddable":true,"href":"https:\/\/www.beatnikshoes.com\/pt-pt\/wp-json\/wp\/v2\/product_cat?post=60949"},{"taxonomy":"product_tag","embeddable":true,"href":"https:\/\/www.beatnikshoes.com\/pt-pt\/wp-json\/wp\/v2\/product_tag?post=60949"},{"taxonomy":"woo-feed-brand","embeddable":true,"href":"https:\/\/www.beatnikshoes.com\/pt-pt\/wp-json\/wp\/v2\/woo-feed-brand?post=60949"}],"curies":[{"name":"wp","href":"https:\/\/api.w.org\/{rel}","templated":true}]}}