{"id":60916,"date":"2023-05-14T20:15:39","date_gmt":"2023-05-14T18:15:39","guid":{"rendered":"https:\/\/www.beatnikshoes.com\/zapatos-hechos-a-mano\/sapato-de-couro-castanho-para-mulher-com-fivela\/"},"modified":"2025-08-25T21:58:59","modified_gmt":"2025-08-25T19:58:59","slug":"sapato-de-couro-castanho-para-mulher-com-fivela","status":"publish","type":"product","link":"https:\/\/www.beatnikshoes.com\/pt-pt\/sapatos-feitos-a-mao\/sapato-de-couro-castanho-para-mulher-com-fivela\/","title":{"rendered":"Martha Brown sapatos de fivela castanhos para mulher em pele castanha"},"content":{"rendered":"<h2>SAPATOS DE SENHORA CASTANHOS DE SALTO BAIXO COM FIVELA BEATNIK<\/h2>\n<p>Um dos seus modelos Beatnik favoritos s\u00e3o os sapatos de fivela. E todos os anos, tentamos apresentar-lhe um novo sapato monge.<\/p>\n<p>Este ano, apresentamos-lhe os nossos novos <strong>sapatos de fivela castanhos para mulher em pele Beatnik<\/strong>. A forma que utiliz\u00e1mos \u00e9 a mesma de todos os nossos sapatos Oxford. Uma forma testada e com um conforto comprovado que percorreu os cinco continentes.<\/p>\n<p>Este <strong>sapato castanho com f<\/strong> ivela \u00e9 um modelo cl\u00e1ssico, mas a forma da fivela torna-o quase numa Mary Jane formal e elegante. O salto de 3 cent\u00edmetros garante um grande conforto e torna-o extremamente pr\u00e1tico como sapato para o local de trabalho.<br \/>\nA sola \u00e9 em pele genu\u00edna e, como todos os modelos da nossa cole\u00e7\u00e3o, \u00e9 forrado no interior com pele roxa. A g\u00e1spea \u00e9 decorada com o cl\u00e1ssico padr\u00e3o Brogue, dando um toque de classicismo \u00e0 sua linha. E o fecho \u00e9 feito com uma \u00fanica fivela prateada.<\/p>\n<p>Como \u00e9 habitual em todos os nossos modelos, a pele de vitelo utilizada para este modelo \u00e9 a mais macia e flex\u00edvel do mercado, conferindo um toque de conforto ao design da g\u00e1spea. O tom castanho \u00e9 perfeito para combinar com tons de terra, azuis e cinzentos, tornando-o um modelo para todas as condi\u00e7\u00f5es climat\u00e9ricas e para quase todas as situa\u00e7\u00f5es.<\/p>\n<h3>UM SAPATO DE FIVELA CL\u00c1SSICO PARA OS N\u00c3O T\u00c3O CL\u00c1SSICOS<\/h3>\n<p>Por todas estas raz\u00f5es, este <strong>sapato de monge castanho com fivelas<\/strong> pode ser usado perfeitamente com cal\u00e7as e um fato cl\u00e1ssico, mas ao mesmo tempo, a sua linha de fecho tamb\u00e9m permite us\u00e1-lo com uma saia e um vestido.<\/p>\n<p>Com cal\u00e7as de ganga de qualquer cor ou com uma saia comprida, estes sapatos <strong>Monk Strap ou Beatnik de fivela castanha<\/strong> s\u00e3o a afirma\u00e7\u00e3o de estilo perfeita. Tudo isto sem perder o conforto e o estilo cl\u00e1ssico.<\/p>\n<p>Por isso, n\u00e3o perca a oportunidade de usar estes cl\u00e1ssicos <strong>sapatos MonkStrap ou de fivela castanhos<\/strong> Beatnik.<\/p>\n","protected":false},"excerpt":{"rendered":"<h2>Sapatos de fivela castanhos feitos \u00e0 m\u00e3o<\/h2>\n<p>Material exterior: couro de vitelo castanho mogno<br \/>\nForro: Pele de bezerro<br \/>\nMaterial da sola: Pele cosida e uma camada de material antiderrapante<br \/>\nFecho: Fivelas<br \/>\nTipo de salto: Baixo<\/p>\n","protected":false},"featured_media":70138,"comment_status":"open","ping_status":"closed","template":"","meta":[],"product_brand":[],"product_cat":[9027,9323],"product_tag":[],"woo-feed-brand":[],"class_list":{"0":"post-60916","1":"product","2":"type-product","3":"status-publish","4":"has-post-thumbnail","6":"product_cat-sapatos-de-senhora","7":"product_cat-sapato-com-fivelas","8":"pa_talla-zapato-35-pt-pt","9":"pa_talla-zapato-36-pt-pt","10":"pa_talla-zapato-37-pt-pt","11":"pa_talla-zapato-38-pt-pt","12":"pa_talla-zapato-39-pt-pt","13":"pa_talla-zapato-40-pt-pt","14":"pa_talla-zapato-41-pt-pt","15":"pa_talla-zapato-42-pt-pt","17":"first","18":"instock","19":"sale","20":"featured","21":"taxable","22":"shipping-taxable","23":"purchasable","24":"product-type-variable"},"_links":{"self":[{"href":"https:\/\/www.beatnikshoes.com\/pt-pt\/wp-json\/wp\/v2\/product\/60916","targetHints":{"allow":["GET"]}}],"collection":[{"href":"https:\/\/www.beatnikshoes.com\/pt-pt\/wp-json\/wp\/v2\/product"}],"about":[{"href":"https:\/\/www.beatnikshoes.com\/pt-pt\/wp-json\/wp\/v2\/types\/product"}],"replies":[{"embeddable":true,"href":"https:\/\/www.beatnikshoes.com\/pt-pt\/wp-json\/wp\/v2\/comments?post=60916"}],"wp:featuredmedia":[{"embeddable":true,"href":"https:\/\/www.beatnikshoes.com\/pt-pt\/wp-json\/wp\/v2\/media\/70138"}],"wp:attachment":[{"href":"https:\/\/www.beatnikshoes.com\/pt-pt\/wp-json\/wp\/v2\/media?parent=60916"}],"wp:term":[{"taxonomy":"product_brand","embeddable":true,"href":"https:\/\/www.beatnikshoes.com\/pt-pt\/wp-json\/wp\/v2\/product_brand?post=60916"},{"taxonomy":"product_cat","embeddable":true,"href":"https:\/\/www.beatnikshoes.com\/pt-pt\/wp-json\/wp\/v2\/product_cat?post=60916"},{"taxonomy":"product_tag","embeddable":true,"href":"https:\/\/www.beatnikshoes.com\/pt-pt\/wp-json\/wp\/v2\/product_tag?post=60916"},{"taxonomy":"woo-feed-brand","embeddable":true,"href":"https:\/\/www.beatnikshoes.com\/pt-pt\/wp-json\/wp\/v2\/woo-feed-brand?post=60916"}],"curies":[{"name":"wp","href":"https:\/\/api.w.org\/{rel}","templated":true}]}}