{"id":60889,"date":"2023-05-14T17:28:57","date_gmt":"2023-05-14T15:28:57","guid":{"rendered":"https:\/\/www.beatnikshoes.com\/zapatos-hechos-a-mano\/sapatos-de-salao-com-salto-baixo-e-tira-para-vestido-em-pele-de-mostarda-e-castanho-jano\/"},"modified":"2025-08-25T22:20:20","modified_gmt":"2025-08-25T20:20:20","slug":"calcado-de-cerimonia-com-salto-baixo-e-salto-alto-calcado-de-cerimonia-em-pele-mostarda-canela-mostarda","status":"publish","type":"product","link":"https:\/\/www.beatnikshoes.com\/pt-pt\/sapatos-feitos-a-mao\/calcado-de-cerimonia-com-salto-baixo-e-salto-alto-calcado-de-cerimonia-em-pele-mostarda-canela-mostarda\/","title":{"rendered":"Mustard Jane Sapatos de couro Mustard com salto baixo"},"content":{"rendered":"<h2>OS MELHORES SAPATOS DE SALTO BAIXO EM PELE MOSTARDA PARA SAPATOS DE CERIM\u00d3NIA DESTA ESTA\u00c7\u00c3O<\/h2>\n<p>Na maior parte das vezes, tudo o que tem valor tem de esperar. E com os seus novos<strong> sapatos de salto baixo em pele mostarda Jane Mustard<\/strong>, esta m\u00e1xima foi cumprida na perfei\u00e7\u00e3o. Desde os primeiros prot\u00f3tipos at\u00e9 aos dias de hoje, passou uma eternidade. Mas o resultado de toda esta espera est\u00e1 \u00e0 vista de todos.<\/p>\n<p>O design desta <strong>bomba de couro mostarda<\/strong> tem um toque distintamente cl\u00e1ssico. Por um lado, o acabamento ligeiramente pontiagudo faz lembrar os anos 1950. O salto baixo e o contraforte de salto alto t\u00eam um forte estilo dos anos 60. E todo o conjunto, sem qualquer decora\u00e7\u00e3o sup\u00e9rflua, coloca-nos ao corrente dos designs mais minimalistas e actuais.<\/p>\n<p>This <strong>mustard low-heeled leather pump<\/strong> looks great with almost any color combination. Com todas as paletas de azul, terra, pastel, camel e cinzento, enquadra-se perfeitamente. E com as outras cores, dado o seu tom quase nude, \u00e9 muito f\u00e1cil de usar.<\/p>\n<p>As ocasi\u00f5es para usar um <strong>sapato de salto baixo<\/strong> s\u00e3o quase infinitas. Estamos a falar de um sapato elegante e confort\u00e1vel, que d\u00e1 um toque de eleg\u00e2ncia ao seu estilo casual. E, por outro lado, temos um sapato de cerim\u00f3nia que pode ser usado todo o dia para o trabalho ou para uma ocasi\u00e3o formal, sem perder o conforto pelo caminho. O estilo cl\u00e1ssico destes sapatos \u00e9 perfeito com cal\u00e7as de ganga e um casaco de fato completo. E n\u00e3o h\u00e1 muitos modelos que sejam t\u00e3o vers\u00e1teis quando se trata de combinar.<\/p>\n<h3>SAPATOS ELEGANTES, FEITOS PARA DURAR<\/h3>\n<p>Quanto \u00e0 constru\u00e7\u00e3o destas pe\u00e7as, a pele escolhida \u00e9 a pele de vitelo. O mais suave e confort\u00e1vel para sapatos de cerim\u00f3nia. Como toda a nossa cole\u00e7\u00e3o, tamb\u00e9m s\u00e3o forrados com pele roxa no interior. A sola \u00e9 feita de material antiderrapante e a palmilha \u00e9 feita de couro. Tudo o que nos rodeia deve ter a textura mais confort\u00e1vel e, com os materiais utilizados pela Beatnik, esta m\u00e1xima \u00e9 sempre verdadeira. Juntamente com a forma ligeiramente mais larga do que o habitual nos sapatos de salto alto, foi inclu\u00edda uma tira traseira em pele para melhorar o ajuste do sapato. Para al\u00e9m da funcionalidade, o estilo que esta pe\u00e7a acrescenta ao calcanhar \u00e9 inquestion\u00e1vel.<\/p>\n<p>Como podem ver, o resultado final de toda a espera valeu a pena. Agora s\u00f3 falta que goste tanto de usar estes <strong>sapatos de salto baixo em pele mostarda<\/strong> como n\u00f3s gost\u00e1mos de os criar.<\/p>\n","protected":false},"excerpt":{"rendered":"<h2>Mustard Jane Mustard sapatos de couro com salto baixo feitos \u00e0 m\u00e3o em Espanha<\/h2>\n<p>Material exterior: Pele de vitelo cor de mostarda<br \/>\nForro: Pele de vaca roxa<br \/>\nMaterial da sola: Material antiderrapante<br \/>\nFecho: Fivelas<br \/>\nTipo de salto: baixo<br \/>\nComposi\u00e7\u00e3o: 100% couro<\/p>\n","protected":false},"featured_media":59316,"comment_status":"open","ping_status":"closed","template":"","meta":[],"product_brand":[],"product_cat":[9027,10457,9228],"product_tag":[],"woo-feed-brand":[],"class_list":{"0":"post-60889","1":"product","2":"type-product","3":"status-publish","4":"has-post-thumbnail","6":"product_cat-sapatos-de-senhora","7":"product_cat-bailarinas-destalonadas-pt-pt","8":"product_cat-saida","9":"pa_talla-zapato-36-pt-pt","10":"pa_talla-zapato-37-pt-pt","11":"pa_talla-zapato-38-pt-pt","12":"pa_talla-zapato-39-pt-pt","13":"pa_talla-zapato-40-pt-pt","14":"pa_talla-zapato-41-pt-pt","15":"pa_talla-zapato-42-pt-pt","17":"first","18":"instock","19":"sale","20":"taxable","21":"shipping-taxable","22":"purchasable","23":"product-type-variable"},"_links":{"self":[{"href":"https:\/\/www.beatnikshoes.com\/pt-pt\/wp-json\/wp\/v2\/product\/60889","targetHints":{"allow":["GET"]}}],"collection":[{"href":"https:\/\/www.beatnikshoes.com\/pt-pt\/wp-json\/wp\/v2\/product"}],"about":[{"href":"https:\/\/www.beatnikshoes.com\/pt-pt\/wp-json\/wp\/v2\/types\/product"}],"replies":[{"embeddable":true,"href":"https:\/\/www.beatnikshoes.com\/pt-pt\/wp-json\/wp\/v2\/comments?post=60889"}],"wp:featuredmedia":[{"embeddable":true,"href":"https:\/\/www.beatnikshoes.com\/pt-pt\/wp-json\/wp\/v2\/media\/59316"}],"wp:attachment":[{"href":"https:\/\/www.beatnikshoes.com\/pt-pt\/wp-json\/wp\/v2\/media?parent=60889"}],"wp:term":[{"taxonomy":"product_brand","embeddable":true,"href":"https:\/\/www.beatnikshoes.com\/pt-pt\/wp-json\/wp\/v2\/product_brand?post=60889"},{"taxonomy":"product_cat","embeddable":true,"href":"https:\/\/www.beatnikshoes.com\/pt-pt\/wp-json\/wp\/v2\/product_cat?post=60889"},{"taxonomy":"product_tag","embeddable":true,"href":"https:\/\/www.beatnikshoes.com\/pt-pt\/wp-json\/wp\/v2\/product_tag?post=60889"},{"taxonomy":"woo-feed-brand","embeddable":true,"href":"https:\/\/www.beatnikshoes.com\/pt-pt\/wp-json\/wp\/v2\/woo-feed-brand?post=60889"}],"curies":[{"name":"wp","href":"https:\/\/api.w.org\/{rel}","templated":true}]}}