{"id":60859,"date":"2022-05-26T13:21:32","date_gmt":"2022-05-26T11:21:32","guid":{"rendered":"https:\/\/www.beatnikshoes.com\/zapatos-hechos-a-mano\/tenis-de-couro-azul-para-homem-e-mulher-beatnik-harper-azul\/"},"modified":"2025-08-26T20:57:38","modified_gmt":"2025-08-26T18:57:38","slug":"tenis-de-couro-azul-para-homem-e-mulher-beatnik-harper-azul","status":"publish","type":"product","link":"https:\/\/www.beatnikshoes.com\/pt-pt\/sapatos-feitos-a-mao\/tenis-de-couro-azul-para-homem-e-mulher-beatnik-harper-azul\/","title":{"rendered":"Sapatos de couro azul para homem e mulher Beatnik Harper Blue"},"content":{"rendered":"<h2>T\u00c9NIS DE COURO AZUL PARA HOMEM E MULHER BEATNIK HARPER BLUE<\/h2>\n<p>Este \u00e9 o nosso presente para esta nova esta\u00e7\u00e3o. As <strong>sapatilhas de couro azul Harper dress<\/strong>, com a pele de vitelo mais macia e um design minimalista, est\u00e3o de volta \u00e0 Beatnik Shoes.<\/p>\n<p>Os nossos elegantes <strong>t\u00e9nis em pele Harper,<\/strong> com o seu design cl\u00e1ssico, s\u00e3o uma das nossas linhas mais procuradas. E esta edi\u00e7\u00e3o limitada de <strong>sapatos de couro azul para homem e mulher<\/strong> \u00e9 a nossa resposta.<\/p>\n<p>Adoramos sapatos coloridos, e esta combina\u00e7\u00e3o de pele azul e sola azul a condizer, semelhante \u00e0s que temos na nossa linha de Oxfords, \u00e9 uma aposta ganha.<\/p>\n<p>O azul \u00e9 uma das cores mais universais e f\u00e1cil de combinar em qualquer esta\u00e7\u00e3o. E o contraste m\u00ednimo com a sola exterior real\u00e7a totalmente o look. As linhas limpas e simples do seu design, sem qualquer decora\u00e7\u00e3o, combinam perfeitamente com qualquer estilo.<\/p>\n<p>A pele de vitelo desta<strong> sapatilha de couro azul<\/strong> unissexo \u00e9 a pele mais macia e flex\u00edvel que alguma vez pedimos. O toque extremamente confort\u00e1vel da pele dos nossos <strong>sapatos Beatnik Harper em pele azul para homem e mulher<\/strong> \u00e9 algo que n\u00e3o esquecer\u00e1 t\u00e3o cedo.<\/p>\n<p>Toda a pe\u00e7a \u00e9 feita \u00e0 m\u00e3o em Espanha, cuidando de cada detalhe. A \u00faltima foi concebida com uma largura perfeita para proporcionar um conforto total e pode ser usada como um par de t\u00e9nis de <strong>caminhada azuis<\/strong>. Ou como um par de <strong>t\u00e9nis azuis para vestir<\/strong>.<\/p>\n<p>A sola antiderrapante tem uma ader\u00eancia perfeita. A palmilha em pele foi concebida ergonomicamente para melhorar a sensa\u00e7\u00e3o de conforto. E com o maravilhoso pormenor de ser amov\u00edvel e renov\u00e1vel, pelo que pode substitu\u00ed-lo e mud\u00e1-lo sempre que quiser. Tal como toda a cole\u00e7\u00e3o Beatnik, o interior deste <strong>cl\u00e1ssico t\u00e9nis em pele azul<\/strong> foi forrado com pele de bezerro roxa.<\/p>\n<h3>ESTILO, ELEG\u00c2NCIA E CONFORTO<\/h3>\n<p>O design cl\u00e1ssico destes <strong>sapatos de couro azul para homem e mulher <\/strong>\u00e9 perfeito para um ambiente casual de neg\u00f3cios. \u00c9 uma <strong>sapatilha de couro azul<\/strong> com um design elegante e minimalista. E, ao mesmo tempo, s\u00e3o <strong>t\u00e9nis de pele azul<\/strong> que lhes d\u00e3o um toque casual.<\/p>\n<p>Sem esquecer que, no novo contexto de trabalho, onde se abriram as fronteiras para estilos menos formais, estes <strong>sapatos de couro azul super elegantes<\/strong>, de extrema qualidade e com uma linha mais descontra\u00edda, ser\u00e3o um sucesso garantido. No fundo, s\u00e3o tamb\u00e9m <strong>sapatilhas azuis<\/strong>, mas em pele de primeira qualidade.<\/p>\n<p>\u00c9 um facto que o azul \u00e9 uma das cores mais utilizadas no trabalho, e a sua combina\u00e7\u00e3o com todas as paletas de cores \u00e9 muito f\u00e1cil, em qualquer esta\u00e7\u00e3o do ano.<\/p>\n<p>Estas sapatilhas de <strong>couro azul<\/strong>, sabemos que se v\u00e3o tornar nos seus sapatos de couro azul preferidos. E s\u00ea-lo-\u00e3o durante muito tempo.<\/p>\n","protected":false},"excerpt":{"rendered":"<h2>Sapatilhas de treino azuis para homem e mulher, feitas \u00e0 m\u00e3o em pele de bezerro.<\/h2>\n<p>Material exterior: Pele de vaca azul.<br \/>\nForro: Pele de vaca.<br \/>\nPalmilha amov\u00edvel.<br \/>\nMaterial da sola: composto antiderrapante branco.<\/p>\n","protected":false},"featured_media":59350,"comment_status":"open","ping_status":"closed","template":"","meta":[],"product_brand":[],"product_cat":[9756,9228,9198,9027,9763],"product_tag":[],"woo-feed-brand":[],"class_list":{"0":"post-60859","1":"product","2":"type-product","3":"status-publish","4":"has-post-thumbnail","6":"product_cat-tenis-de-couro","7":"product_cat-saida","8":"product_cat-sapatos-de-homem","9":"product_cat-sapatos-de-senhora","10":"product_cat-tenis-de-couro-pt-pt","11":"pa_talla-zapato-35-pt-pt","12":"pa_talla-zapato-36-pt-pt","13":"pa_talla-zapato-37-pt-pt","14":"pa_talla-zapato-38-pt-pt","15":"pa_talla-zapato-39-pt-pt","16":"pa_talla-zapato-40-pt-pt","17":"pa_talla-zapato-41-pt-pt","18":"pa_talla-zapato-42-pt-pt","19":"pa_talla-zapato-43-pt-pt","20":"pa_talla-zapato-44-pt-pt","21":"pa_talla-zapato-45-pt-pt","22":"pa_talla-zapato-46-pt-pt","24":"first","25":"instock","26":"sale","27":"taxable","28":"shipping-taxable","29":"purchasable","30":"product-type-variable"},"_links":{"self":[{"href":"https:\/\/www.beatnikshoes.com\/pt-pt\/wp-json\/wp\/v2\/product\/60859","targetHints":{"allow":["GET"]}}],"collection":[{"href":"https:\/\/www.beatnikshoes.com\/pt-pt\/wp-json\/wp\/v2\/product"}],"about":[{"href":"https:\/\/www.beatnikshoes.com\/pt-pt\/wp-json\/wp\/v2\/types\/product"}],"replies":[{"embeddable":true,"href":"https:\/\/www.beatnikshoes.com\/pt-pt\/wp-json\/wp\/v2\/comments?post=60859"}],"wp:featuredmedia":[{"embeddable":true,"href":"https:\/\/www.beatnikshoes.com\/pt-pt\/wp-json\/wp\/v2\/media\/59350"}],"wp:attachment":[{"href":"https:\/\/www.beatnikshoes.com\/pt-pt\/wp-json\/wp\/v2\/media?parent=60859"}],"wp:term":[{"taxonomy":"product_brand","embeddable":true,"href":"https:\/\/www.beatnikshoes.com\/pt-pt\/wp-json\/wp\/v2\/product_brand?post=60859"},{"taxonomy":"product_cat","embeddable":true,"href":"https:\/\/www.beatnikshoes.com\/pt-pt\/wp-json\/wp\/v2\/product_cat?post=60859"},{"taxonomy":"product_tag","embeddable":true,"href":"https:\/\/www.beatnikshoes.com\/pt-pt\/wp-json\/wp\/v2\/product_tag?post=60859"},{"taxonomy":"woo-feed-brand","embeddable":true,"href":"https:\/\/www.beatnikshoes.com\/pt-pt\/wp-json\/wp\/v2\/woo-feed-brand?post=60859"}],"curies":[{"name":"wp","href":"https:\/\/api.w.org\/{rel}","templated":true}]}}