{"id":60856,"date":"2022-08-12T11:33:02","date_gmt":"2022-08-12T09:33:02","guid":{"rendered":"https:\/\/www.beatnikshoes.com\/zapatos-hechos-a-mano\/azul-e-branco-azul-e-branco-vestido-mulheres-sapatilhas-harper-azul-branco\/"},"modified":"2025-08-26T20:43:23","modified_gmt":"2025-08-26T18:43:23","slug":"azul-e-branco-azul-e-branco-vestido-mulheres-sapatilhas-harper-azul-branco","status":"publish","type":"product","link":"https:\/\/www.beatnikshoes.com\/pt-pt\/sapatos-feitos-a-mao\/azul-e-branco-azul-e-branco-vestido-mulheres-sapatilhas-harper-azul-branco\/","title":{"rendered":"Chinelos de senhora em pele azul e branca Beatnik Harper Azul Branco"},"content":{"rendered":"<h2>SAPATILHAS DE COURO AZUL E BRANCO PARA MULHER BEATNIK HARPER AZUL E BRANCO<\/h2>\n<p>Os <strong>t\u00e9nis Harper em pele azul<\/strong> com design minimalista e sola branca est\u00e3o de volta \u00e0 Beatnik Shoes. Os nossos t\u00e9nis Harper em pele, com o seu design cl\u00e1ssico, t\u00eam sido uma das nossas linhas mais populares. Bem-vindo \u00e0s <strong>sapatilhas de couro azuis<\/strong> mais confort\u00e1veis e elegantes.<\/p>\n<p>A nossa cole\u00e7\u00e3o est\u00e1 repleta de sapatos coloridos. E estes <strong>t\u00e9nis casuais em pele<\/strong> azul e sola branca, semelhantes aos que temos na nossa linha Oxfords, s\u00e3o uma aposta ganha. O azul \u00e9 uma das cores mais universais e f\u00e1cil de combinar em qualquer esta\u00e7\u00e3o. As linhas simples e limpas destes <strong>t\u00e9nis em pele<\/strong> combinam na perfei\u00e7\u00e3o com qualquer estilo.<\/p>\n<p>A parte superior destes <strong>sapatos de couro azul para mulher<\/strong> \u00e9 feita do couro mais macio e flex\u00edvel dispon\u00edvel no mercado. Um conforto total que \u00e9 tamb\u00e9m acompanhado pelo design da \u00faltima destas sapatilhas em <strong>pele azul <\/strong>. Este design joga com as propor\u00e7\u00f5es perfeitas para garantir uma utiliza\u00e7\u00e3o intensiva durante muito tempo.<\/p>\n<h3>DESIGN CL\u00c1SSICO E MINIMALISTA<\/h3>\n<p>Al\u00e9m disso, o design elegante das suas linhas proporciona um estilo muito elegante e discreto. E se a isto juntarmos a cor azul em que est\u00e1 montada esta <strong>sapatilha de couro para mulher<\/strong>, \u00e9 f\u00e1cil apaixonarmo-nos pelo resultado final.<\/p>\n<p>Nesta edi\u00e7\u00e3o limitada, acrescent\u00e1mos uma sola branca de material antiderrapante. Mant\u00e9m o estilo cl\u00e1ssico destas <strong>sapatilhas casuais em pele azul<\/strong> e acrescenta um toque ligeiramente menos formal.<\/p>\n<p>Para maior conforto, o interior destas <strong>sapatilhas casuais em pele azul<\/strong> \u00e9 forrado com pele de vitelo roxa macia. E a sola interior em pele \u00e9 facilmente remov\u00edvel e renov\u00e1vel as vezes que quiser, para uma maior durabilidade da pe\u00e7a. Desta forma, a vida \u00fatil dos seus sapatos de couro aumentar\u00e1 exponencialmente.<\/p>\n<h3>ESTILO CASUAL ELEGANTE E CONFORTO TOTAL<\/h3>\n<p>No ambiente de trabalho atual, h\u00e1 cada vez mais oportunidades para se afastar do estilo mais tradicional. E com a nossa linha de <strong>sapatilhas de couro Harper,<\/strong> n\u00e3o nos limitamos a oferecer sapatilhas de couro cl\u00e1ssicas. S\u00e3o tamb\u00e9m um acess\u00f3rio informal para os dias de escrit\u00f3rio em que o protocolo \u00e9 um pouco mais aberto. E mesmo para reuni\u00f5es de neg\u00f3cios ou &#8220;sextas-feiras casuais&#8221;, estes sapatos de couro azul podem ser uma parte essencial do kit di\u00e1rio elegante e confort\u00e1vel.<\/p>\n","protected":false},"excerpt":{"rendered":"<h2>Sapatilhas de treino azuis para homem e mulher, feitas \u00e0 m\u00e3o em pele de bezerro.<\/h2>\n<p>Material exterior: Pele de vaca azul.<br \/>\nForro: Pele de vaca.<br \/>\nPalmilha amov\u00edvel.<br \/>\nMaterial da sola: composto antiderrapante branco.<\/p>\n","protected":false},"featured_media":59040,"comment_status":"open","ping_status":"closed","template":"","meta":[],"product_brand":[],"product_cat":[9027,9228,9763],"product_tag":[],"woo-feed-brand":[],"class_list":{"0":"post-60856","1":"product","2":"type-product","3":"status-publish","4":"has-post-thumbnail","6":"product_cat-sapatos-de-senhora","7":"product_cat-saida","8":"product_cat-tenis-de-couro-pt-pt","9":"pa_talla-zapato-35-pt-pt","10":"pa_talla-zapato-36-pt-pt","11":"pa_talla-zapato-37-pt-pt","12":"pa_talla-zapato-38-pt-pt","14":"first","15":"instock","16":"sale","17":"taxable","18":"shipping-taxable","19":"purchasable","20":"product-type-variable"},"_links":{"self":[{"href":"https:\/\/www.beatnikshoes.com\/pt-pt\/wp-json\/wp\/v2\/product\/60856","targetHints":{"allow":["GET"]}}],"collection":[{"href":"https:\/\/www.beatnikshoes.com\/pt-pt\/wp-json\/wp\/v2\/product"}],"about":[{"href":"https:\/\/www.beatnikshoes.com\/pt-pt\/wp-json\/wp\/v2\/types\/product"}],"replies":[{"embeddable":true,"href":"https:\/\/www.beatnikshoes.com\/pt-pt\/wp-json\/wp\/v2\/comments?post=60856"}],"wp:featuredmedia":[{"embeddable":true,"href":"https:\/\/www.beatnikshoes.com\/pt-pt\/wp-json\/wp\/v2\/media\/59040"}],"wp:attachment":[{"href":"https:\/\/www.beatnikshoes.com\/pt-pt\/wp-json\/wp\/v2\/media?parent=60856"}],"wp:term":[{"taxonomy":"product_brand","embeddable":true,"href":"https:\/\/www.beatnikshoes.com\/pt-pt\/wp-json\/wp\/v2\/product_brand?post=60856"},{"taxonomy":"product_cat","embeddable":true,"href":"https:\/\/www.beatnikshoes.com\/pt-pt\/wp-json\/wp\/v2\/product_cat?post=60856"},{"taxonomy":"product_tag","embeddable":true,"href":"https:\/\/www.beatnikshoes.com\/pt-pt\/wp-json\/wp\/v2\/product_tag?post=60856"},{"taxonomy":"woo-feed-brand","embeddable":true,"href":"https:\/\/www.beatnikshoes.com\/pt-pt\/wp-json\/wp\/v2\/woo-feed-brand?post=60856"}],"curies":[{"name":"wp","href":"https:\/\/api.w.org\/{rel}","templated":true}]}}