{"id":60806,"date":"2021-11-10T17:45:09","date_gmt":"2021-11-10T16:45:09","guid":{"rendered":"https:\/\/www.beatnikshoes.com\/zapatos-hechos-a-mano\/sapatos-castanhos-com-fivela-dupla-june-castanhos-brogues\/"},"modified":"2025-08-26T21:29:12","modified_gmt":"2025-08-26T19:29:12","slug":"sapatos-castanhos-com-fivela-dupla-june-castanhos-brogues","status":"publish","type":"product","link":"https:\/\/www.beatnikshoes.com\/pt-pt\/sapatos-feitos-a-mao\/sapatos-castanhos-com-fivela-dupla-june-castanhos-brogues\/","title":{"rendered":"June Brown Brogue Double Buckle Brown Shoes"},"content":{"rendered":"<h2>CHEGARAM OS SAPATOS DE SENHORA CASTANHOS COM DUAS FIVELAS E DECORA\u00c7\u00c3O BROGUE<\/h2>\n<p>O <strong>June<\/strong> <strong>Brown Brogue<\/strong> veio para ficar na cole\u00e7\u00e3o Beatnik. Um dos novos produtos mais aguardados do cat\u00e1logo deste ano. <strong>Os sapatos castanhos June Brown Brogue para mulher, com fivela dupla,<\/strong> s\u00e3o uma pe\u00e7a fundamental para qualquer guarda-roupa de outono inverno. Um modelo cl\u00e1ssico de sapato formal que se usa perfeitamente como sapato de cerim\u00f3nia. Mas tamb\u00e9m funciona como um sapato mais casual. E ao qual, neste caso, foi acrescentada uma decora\u00e7\u00e3o com o cl\u00e1ssico design de brogue. E para completar o design, uma sola t\u00e9cnica extra larga, a condizer com a cor da pe\u00e7a.<\/p>\n<p>A cor castanha da sua pele de vitelo combina perfeitamente com todos os azuis e cinzentos. E, claro, com todas as gamas de past\u00e9is e cores terra. Os sapatos de couro castanho s\u00e3o uma das escolhas mais comuns quando se trata de usar sapatos sociais. Permitem-nos tamb\u00e9m dar um toque de cor mais quente ao nosso guarda-roupa formal, por oposi\u00e7\u00e3o ao preto mais cl\u00e1ssico. As diferentes tonalidades de pele destes <strong>sapatos de fivela dupla castanhos para mulher<\/strong> s\u00e3o perfeitas para combinar com cores mais frias e s\u00e9rias. F\u00e1cil de usar como parte do estilo de trabalho, estes sapatos de fivela dupla castanhos para mulher brilham tamb\u00e9m noutros contextos muito mais casuais.<\/p>\n<h3>T\u00c9CNICA TRADICIONAL. DESIGN CONTEMPOR\u00c2NEO<\/h3>\n<p>Para um dia de mau tempo, frio ou chuva, nada melhor do que contar com estes <strong>sapatos Monkstrap castanhos com duas fivelas para mulher<\/strong>. Para um maior calor, s\u00e3o montadas numa sola de material t\u00e9cnico antiderrapante. Este tipo de sola, para al\u00e9m de uma ader\u00eancia incr\u00edvel, proporciona um isolamento perfeito tanto contra o frio como contra a humidade. Esta sola extra larga mant\u00e9m o ch\u00e3o frio afastado da sola do utilizador. E no topo desta pe\u00e7a isolante e ultra-leve, coloc\u00e1mos uma palmilha de couro almofadada. Por fim, a rodear todo o sapato no interior est\u00e1 a pele de vitelo que reveste toda a pe\u00e7a.<\/p>\n<p>Todas as pe\u00e7as destes <strong>sapatos de fivela dupla castanhos para mulher<\/strong> s\u00e3o cosidas entre si. Seguindo as t\u00e9cnicas mais tradicionais das oficinas de cal\u00e7ado espanholas. Assim, combinando a qualidade dos materiais utilizados, as melhores peles de vaca, a conce\u00e7\u00e3o de uma forma ultra-confort\u00e1vel e a per\u00edcia dos melhores artes\u00e3os, obtemos uma pe\u00e7a t\u00e3o elegante quanto ultra-confort\u00e1vel.<\/p>\n<p>Para esta e muitas outras \u00e9pocas vindouras.<\/p>\n","protected":false},"excerpt":{"rendered":"<h2>Sapato castanho com fivela dupla e brogue completo, fabricado \u00e0 m\u00e3o em Espanha<\/h2>\n<p>Material exterior: Pele de vitelo castanha<br \/>\nRevestimento: Pele de vaca roxa<br \/>\nMaterial da sola: sola t\u00e9cnica isolante e antiderrapante<br \/>\nTipo de salto: Baixo<\/p>\n","protected":false},"featured_media":59100,"comment_status":"open","ping_status":"closed","template":"","meta":[],"product_brand":[],"product_cat":[9027,9323],"product_tag":[],"woo-feed-brand":[],"class_list":{"0":"post-60806","1":"product","2":"type-product","3":"status-publish","4":"has-post-thumbnail","6":"product_cat-sapatos-de-senhora","7":"product_cat-sapato-com-fivelas","8":"pa_talla-zapato-36-pt-pt","9":"pa_talla-zapato-37-pt-pt","10":"pa_talla-zapato-38-pt-pt","11":"pa_talla-zapato-39-pt-pt","12":"pa_talla-zapato-40-pt-pt","13":"pa_talla-zapato-41-pt-pt","15":"first","16":"instock","17":"sale","18":"taxable","19":"shipping-taxable","20":"purchasable","21":"product-type-variable"},"_links":{"self":[{"href":"https:\/\/www.beatnikshoes.com\/pt-pt\/wp-json\/wp\/v2\/product\/60806","targetHints":{"allow":["GET"]}}],"collection":[{"href":"https:\/\/www.beatnikshoes.com\/pt-pt\/wp-json\/wp\/v2\/product"}],"about":[{"href":"https:\/\/www.beatnikshoes.com\/pt-pt\/wp-json\/wp\/v2\/types\/product"}],"replies":[{"embeddable":true,"href":"https:\/\/www.beatnikshoes.com\/pt-pt\/wp-json\/wp\/v2\/comments?post=60806"}],"wp:featuredmedia":[{"embeddable":true,"href":"https:\/\/www.beatnikshoes.com\/pt-pt\/wp-json\/wp\/v2\/media\/59100"}],"wp:attachment":[{"href":"https:\/\/www.beatnikshoes.com\/pt-pt\/wp-json\/wp\/v2\/media?parent=60806"}],"wp:term":[{"taxonomy":"product_brand","embeddable":true,"href":"https:\/\/www.beatnikshoes.com\/pt-pt\/wp-json\/wp\/v2\/product_brand?post=60806"},{"taxonomy":"product_cat","embeddable":true,"href":"https:\/\/www.beatnikshoes.com\/pt-pt\/wp-json\/wp\/v2\/product_cat?post=60806"},{"taxonomy":"product_tag","embeddable":true,"href":"https:\/\/www.beatnikshoes.com\/pt-pt\/wp-json\/wp\/v2\/product_tag?post=60806"},{"taxonomy":"woo-feed-brand","embeddable":true,"href":"https:\/\/www.beatnikshoes.com\/pt-pt\/wp-json\/wp\/v2\/woo-feed-brand?post=60806"}],"curies":[{"name":"wp","href":"https:\/\/api.w.org\/{rel}","templated":true}]}}