{"id":60799,"date":"2022-06-01T13:03:46","date_gmt":"2022-06-01T11:03:46","guid":{"rendered":"https:\/\/www.beatnikshoes.com\/zapatos-hechos-a-mano\/tenis-de-couro-castanho-feitos-a-mao-para-homem-e-mulher-em-espanha\/"},"modified":"2025-12-30T10:49:39","modified_gmt":"2025-12-30T09:49:39","slug":"tenis-de-couro-castanho-feitos-a-mao-para-homem-e-mulher-em-espanha","status":"publish","type":"product","link":"https:\/\/www.beatnikshoes.com\/pt-pt\/sapatos-feitos-a-mao\/tenis-de-couro-castanho-feitos-a-mao-para-homem-e-mulher-em-espanha\/","title":{"rendered":"Sapatos de couro castanhos para homem e mulher Beatnik Castanho"},"content":{"rendered":"<h2>T\u00c9NIS DE COURO CASTANHO HARPER BROWN<\/h2>\n<p>Damos as boas-vindas a uma das <strong>sapatilhas de couro<\/strong> mais aguardadas pelos nossos amigos.<\/p>\n<p>Os <strong>sapatos de couro castanho para homem e mulher<\/strong> mais confort\u00e1veis do mercado est\u00e3o aqui. Al\u00e9m disso, a cor castanha da pele macia de vitelo combina perfeitamente com quase todos os tons de cor. Especialmente com uma combina\u00e7\u00e3o cl\u00e1ssica como todos os tons de azul. Assim, estes Beatnik Harper Browns usados com cal\u00e7as de ganga cl\u00e1ssicas ou quaisquer cal\u00e7as chino ser\u00e3o sempre uma combina\u00e7\u00e3o vencedora. E n\u00e3o apenas para um look casual.<\/p>\n<p>O design minimalista desta sapatilha em <strong>pele castanha<\/strong> \u00e9 perfeito para se vestir como um sapato quase formal, que se adequa a todos os estilos business casual ou smart casual no ambiente de trabalho atual.<\/p>\n<p>A cor castanha discreta da pele macia de bezerro combinar\u00e1 com o aspeto formal de qualquer reuni\u00e3o de neg\u00f3cios ou com o estilo mais descontra\u00eddo de muitos dos escrit\u00f3rios actuais. Assim, a sola antiderrapante apresenta-se numa cor castanha caramelo que combina com a parte superior em pele destes <strong>sapatos de vestu\u00e1rio unissexo em pele castanha<\/strong>.<\/p>\n<h3>UM CL\u00c1SSICO INSTANT\u00c2NEO<\/h3>\n<p><strong>Os sapatos sociais castanhos<\/strong> s\u00e3o um elemento b\u00e1sico, tal como os sapatos oxford castanhos num estilo mais formal. As <strong>sapatilhas Beatnik Harper Brown em pele castanha para homem e mulher<\/strong> s\u00e3o a resposta a todos os que pediam a extrema qualidade da pele de vitelo num estilo mais informal e numa cor f\u00e1cil de combinar.<\/p>\n<p>Por um lado, o design destes <strong>sapatos de couro castanho para homem e mulher<\/strong> tem uma linha muito limpa e n\u00e3o tem qualquer decora\u00e7\u00e3o. Al\u00e9m disso, a \u00faltima destas <strong>sapatilhas de couro castanho<\/strong>foi experimentada e testada. E \u00e9 perfeito para longas caminhadas ou como um sapato mais formal.<\/p>\n<p>A largura \u00e9 perfeita e adapta-se a qualquer uma destas duas utiliza\u00e7\u00f5es. A largura da sola antiderrapante \u00e9 muito confort\u00e1vel. Juntamente com a sola de couro ergon\u00f3mica, tem-se uma excelente sensa\u00e7\u00e3o sob os p\u00e9s.<\/p>\n<p>Esta sola de couro \u00e9 facilmente remov\u00edvel e substitu\u00edvel, fazendo com que dure praticamente para sempre. Todo o interior deste t\u00e9nis em pele castanha \u00e9 forrado com pele de vitelo roxa macia. Vestir-se e andar com estes <strong>sapatos de couro castanho<\/strong> para homem e mulher \u00e9 uma verdadeira sensa\u00e7\u00e3o.<\/p>\n<h3>PERFEITO EM QUALQUER ALTURA<\/h3>\n<p>Por isso, vamos pensar quando \u00e9 que podemos usar estas <strong>novas sapatilhas de pele castanha<\/strong>. Nos fins-de-semana? Perfeito para um passeio ou uma ida \u00e0s compras com todo o conforto. Durante a semana, para ir ao escrit\u00f3rio ou a uma reuni\u00e3o de neg\u00f3cios? Sem problemas. Combinados com cal\u00e7as de ganga de qualquer cor, conferem um toque ligeiramente casual, que \u00e9 atenuado pelo seu design cl\u00e1ssico e cor discreta. no ver\u00e3o e no inverno? Estamos a falar de couro da mais alta qualidade, algo que se adapta perfeitamente \u00e0 nossa pele e que se ajusta facilmente \u00e0 temperatura ambiente. E para homens e mulheres, porque o estilo, a eleg\u00e2ncia e a personalidade s\u00e3o sempre vitais para todos n\u00f3s.<\/p>\n<p>Esta esta\u00e7\u00e3o, opte pelos <strong>sapatos de couro castanho<\/strong> mais elegantes do mercado. Sabemos que os vai adorar e que n\u00e3o vai parar de os usar. Palavra.<\/p>\n","protected":false},"excerpt":{"rendered":"<h2>Sapatilhas de treino castanhas para homem e mulher, feitas \u00e0 m\u00e3o em pele de bezerro.<\/h2>\n<p>Material exterior: Pele de vaca castanha.<br \/>\nForro: Pele de vaca.<br \/>\nPalmilha amov\u00edvel.<br \/>\nMaterial da sola: composto antiderrapante castanho.<\/p>\n","protected":false},"featured_media":59216,"comment_status":"open","ping_status":"closed","template":"","meta":[],"product_brand":[],"product_cat":[9198,9228,9027,9756,9763],"product_tag":[],"woo-feed-brand":[],"class_list":{"0":"post-60799","1":"product","2":"type-product","3":"status-publish","4":"has-post-thumbnail","6":"product_cat-sapatos-de-homem","7":"product_cat-saida","8":"product_cat-sapatos-de-senhora","9":"product_cat-tenis-de-couro","10":"product_cat-tenis-de-couro-pt-pt","11":"pa_talla-zapato-38-pt-pt","12":"pa_talla-zapato-39-pt-pt","13":"pa_talla-zapato-40-pt-pt","14":"pa_talla-zapato-41-pt-pt","15":"pa_talla-zapato-42-pt-pt","16":"pa_talla-zapato-43-pt-pt","17":"pa_talla-zapato-44-pt-pt","18":"pa_talla-zapato-45-pt-pt","19":"pa_talla-zapato-46-pt-pt","21":"first","22":"instock","23":"sale","24":"taxable","25":"shipping-taxable","26":"purchasable","27":"product-type-variable"},"_links":{"self":[{"href":"https:\/\/www.beatnikshoes.com\/pt-pt\/wp-json\/wp\/v2\/product\/60799","targetHints":{"allow":["GET"]}}],"collection":[{"href":"https:\/\/www.beatnikshoes.com\/pt-pt\/wp-json\/wp\/v2\/product"}],"about":[{"href":"https:\/\/www.beatnikshoes.com\/pt-pt\/wp-json\/wp\/v2\/types\/product"}],"replies":[{"embeddable":true,"href":"https:\/\/www.beatnikshoes.com\/pt-pt\/wp-json\/wp\/v2\/comments?post=60799"}],"wp:featuredmedia":[{"embeddable":true,"href":"https:\/\/www.beatnikshoes.com\/pt-pt\/wp-json\/wp\/v2\/media\/59216"}],"wp:attachment":[{"href":"https:\/\/www.beatnikshoes.com\/pt-pt\/wp-json\/wp\/v2\/media?parent=60799"}],"wp:term":[{"taxonomy":"product_brand","embeddable":true,"href":"https:\/\/www.beatnikshoes.com\/pt-pt\/wp-json\/wp\/v2\/product_brand?post=60799"},{"taxonomy":"product_cat","embeddable":true,"href":"https:\/\/www.beatnikshoes.com\/pt-pt\/wp-json\/wp\/v2\/product_cat?post=60799"},{"taxonomy":"product_tag","embeddable":true,"href":"https:\/\/www.beatnikshoes.com\/pt-pt\/wp-json\/wp\/v2\/product_tag?post=60799"},{"taxonomy":"woo-feed-brand","embeddable":true,"href":"https:\/\/www.beatnikshoes.com\/pt-pt\/wp-json\/wp\/v2\/woo-feed-brand?post=60799"}],"curies":[{"name":"wp","href":"https:\/\/api.w.org\/{rel}","templated":true}]}}