{"id":60776,"date":"2021-12-09T19:43:33","date_gmt":"2021-12-09T18:43:33","guid":{"rendered":"https:\/\/www.beatnikshoes.com\/zapatos-hechos-a-mano\/sapatos-pretos-em-couro-assinatura-tudo-preto-para-mulher\/"},"modified":"2025-09-05T12:39:41","modified_gmt":"2025-09-05T10:39:41","slug":"sapatos-pretos-em-couro-assinatura-tudo-preto-para-mulher","status":"publish","type":"product","link":"https:\/\/www.beatnikshoes.com\/pt-pt\/sapatos-feitos-a-mao\/sapatos-pretos-em-couro-assinatura-tudo-preto-para-mulher\/","title":{"rendered":"Irma All Black mocassins de couro para mulher Irma All Black"},"content":{"rendered":"<h2>MOCASSINS PRETOS CL\u00c1SSICOS PARA MULHER EM PELE DE PRIMEIRA QUALIDADE<\/h2>\n<p>Os novos <strong>mocassins de couro para mulher Irma All Black<\/strong> s\u00e3o um dos modelos que sabemos que lhe v\u00e3o dar muita alegria. Por um lado, a parte superior de todos os nossos <strong>mocassins \u00e9 feita de uma m\u00e1scara,<\/strong> que estiliza completamente o p\u00e9. Por outro lado, o couro preto macio, a cor coringa de qualquer guarda-roupa. E ainda por cima, o couro de gr\u00e3o da melhor qualidade do mercado. Um vencedor de estilo total. Nas esta\u00e7\u00f5es mais frias, o cinzento, o preto e o branco s\u00e3o as cores mais comuns. E estes <strong>mocassins pretos de couro para mulher<\/strong> n\u00e3o podiam combinar melhor com essa e qualquer paleta de cores.<\/p>\n<p>O couro de gr\u00e3o na parte superior deste mocassim preto para mulher \u00e9 um prazer absoluto. Isto \u00e9 assim, tanto pelo brilho que proporciona como pelo ajuste perfeito que tem ao p\u00e9. A l\u00e2mina \u00e9 cosida numa s\u00f3 pe\u00e7a, para evitar o mais poss\u00edvel todas as costuras. O interior do mocassim preto Irma para mulher \u00e9 forrado em pele de vitelo roxa macia. Desta forma, a pele em contacto com o p\u00e9 fica infinitamente macia e quente. A sola \u00e9 montada sobre uma palmilha de couro. A sola exterior \u00e9 feita de spandex leve e antiderrapante para isolar o utilizador do frio e da humidade do exterior.<\/p>\n<h3>A ELEG\u00c2NCIA INTEMPORAL DO PENNY LOAFER PRETO PARA MULHER<\/h3>\n<p>Estes <strong>mocassins pretos em pele para mulher<\/strong> inspiram-se nas fontes de estilo mais cl\u00e1ssicas. O conforto do seu design faz com que, desde os anos cinquenta do s\u00e9culo passado, os mocassins sejam um dos modelos mais aceites no vestu\u00e1rio de trabalho. Os<strong>&#8220;mocassins pretos de senhora<\/strong>&#8221; s\u00e3o perfeitos com um fato, impec\u00e1veis com cal\u00e7as, confort\u00e1veis com uma saia ou um vestido, estamos a falar de um modelo que n\u00e3o pode faltar no guarda-roupa de um profissional. E tamb\u00e9m num estilo muito mais descontra\u00eddo, combinado com cal\u00e7as de ganga, para um look elegante nos dias de lazer. Poucos modelos servem como modelo universal para usar todos os dias da semana, seja qual for o contexto.<\/p>\n<p>Assim, para al\u00e9m dos nossos mocassins cheios de cor e combina\u00e7\u00f5es, tem agora \u00e0 sua disposi\u00e7\u00e3o o mais cl\u00e1ssico e vers\u00e1til <strong>mocassim preto para mulher<\/strong>.<\/p>\n","protected":false},"excerpt":{"rendered":"<h2>Mocassins pretos feitos \u00e0 m\u00e3o em Espanha<\/h2>\n<p>Material exterior: Couro de gr\u00e3o<br \/>\nRevestimento: Pele de vaca roxa<br \/>\nMaterial da sola: sola t\u00e9cnica isolante e antiderrapante<br \/>\nTipo de salto: Baixo<\/p>\n","protected":false},"featured_media":59178,"comment_status":"open","ping_status":"closed","template":"","meta":[],"product_brand":[],"product_cat":[9027,9090,9228],"product_tag":[],"woo-feed-brand":[],"class_list":{"0":"post-60776","1":"product","2":"type-product","3":"status-publish","4":"has-post-thumbnail","6":"product_cat-sapatos-de-senhora","7":"product_cat-mocassins","8":"product_cat-saida","9":"pa_talla-zapato-36-pt-pt","10":"pa_talla-zapato-37-pt-pt","11":"pa_talla-zapato-38-pt-pt","12":"pa_talla-zapato-39-pt-pt","13":"pa_talla-zapato-40-pt-pt","14":"pa_talla-zapato-41-pt-pt","16":"first","17":"instock","18":"sale","19":"taxable","20":"shipping-taxable","21":"purchasable","22":"product-type-variable"},"_links":{"self":[{"href":"https:\/\/www.beatnikshoes.com\/pt-pt\/wp-json\/wp\/v2\/product\/60776","targetHints":{"allow":["GET"]}}],"collection":[{"href":"https:\/\/www.beatnikshoes.com\/pt-pt\/wp-json\/wp\/v2\/product"}],"about":[{"href":"https:\/\/www.beatnikshoes.com\/pt-pt\/wp-json\/wp\/v2\/types\/product"}],"replies":[{"embeddable":true,"href":"https:\/\/www.beatnikshoes.com\/pt-pt\/wp-json\/wp\/v2\/comments?post=60776"}],"wp:featuredmedia":[{"embeddable":true,"href":"https:\/\/www.beatnikshoes.com\/pt-pt\/wp-json\/wp\/v2\/media\/59178"}],"wp:attachment":[{"href":"https:\/\/www.beatnikshoes.com\/pt-pt\/wp-json\/wp\/v2\/media?parent=60776"}],"wp:term":[{"taxonomy":"product_brand","embeddable":true,"href":"https:\/\/www.beatnikshoes.com\/pt-pt\/wp-json\/wp\/v2\/product_brand?post=60776"},{"taxonomy":"product_cat","embeddable":true,"href":"https:\/\/www.beatnikshoes.com\/pt-pt\/wp-json\/wp\/v2\/product_cat?post=60776"},{"taxonomy":"product_tag","embeddable":true,"href":"https:\/\/www.beatnikshoes.com\/pt-pt\/wp-json\/wp\/v2\/product_tag?post=60776"},{"taxonomy":"woo-feed-brand","embeddable":true,"href":"https:\/\/www.beatnikshoes.com\/pt-pt\/wp-json\/wp\/v2\/woo-feed-brand?post=60776"}],"curies":[{"name":"wp","href":"https:\/\/api.w.org\/{rel}","templated":true}]}}