{"id":60760,"date":"2022-04-27T11:39:35","date_gmt":"2022-04-27T09:39:35","guid":{"rendered":"https:\/\/www.beatnikshoes.com\/zapatos-hechos-a-mano\/sapatos-castanhos-em-pele-para-homem-beatnik-allen-chesnut\/"},"modified":"2025-08-26T21:01:54","modified_gmt":"2025-08-26T19:01:54","slug":"sapatos-castanhos-em-pele-para-homem-beatnik-allen-chesnut","status":"publish","type":"product","link":"https:\/\/www.beatnikshoes.com\/pt-pt\/sapatos-feitos-a-mao\/sapatos-castanhos-em-pele-para-homem-beatnik-allen-chesnut\/","title":{"rendered":"Mocassins Beatnik Allen Chesnut em pele castanha para homem"},"content":{"rendered":"<h2>OS MOCASSINS CASTANHOS MAIS CONFORT\u00c1VEIS E ELEGANTES PARA HOMEM QUE ALGUMA VEZ ENCONTRAR\u00c1<\/h2>\n<p>Apresentamos os nossos mocassins castanhos para homem em pele Beatnik Allen Chesnut. Uma das novidades mais solicitadas desde h\u00e1 muito tempo, por muitos dos nossos amigos.<\/p>\n<p>Na Beatnik adoramos a cor. E quando finalmente encontr\u00e1mos a manta de retalhos perfeita com a combina\u00e7\u00e3o certa de tom, flexibilidade e textura, decidimos que era altura de incluir este mocassim castanho para homem com decora\u00e7\u00e3o de m\u00e1scara ocular no nosso cat\u00e1logo.<\/p>\n<p>O \u00faltimo dos nossos mocassins para homem foi testado e melhorado ao longo de v\u00e1rios anos. Esta \u00e9 uma garantia de sucesso. As propor\u00e7\u00f5es perfeitas, a largura suficiente e a utiliza\u00e7\u00e3o do melhor couro garantem um conforto incr\u00edvel. A pele utilizada nestes mocassins Allen Chesnut castanhos para homem combina resist\u00eancia e elasticidade na medida certa. Suportam temperaturas frias e, ao mesmo tempo, podem ser usados confortavelmente nas esta\u00e7\u00f5es mais quentes.<\/p>\n<p>Al\u00e9m disso, o design cl\u00e1ssico destes Penny Loafers castanhos Beatnik Allen Chesnut para homem adequa-se perfeitamente a todos os estilos e idades. Com cal\u00e7as de ganga azuis, ou com cal\u00e7as de ganga em tons de marinho ou terra, este modelo torna-se um elemento de estilo elegante e cl\u00e1ssico. Al\u00e9m disso, combina na perfei\u00e7\u00e3o com um casaco e uma gravata. Sempre elegante e cl\u00e1ssico, muito f\u00e1cil de combinar em qualquer altura. Um verdadeiro elemento b\u00e1sico do guarda-roupa para qualquer esta\u00e7\u00e3o.<\/p>\n<h3>OS CL\u00c1SSICOS MOCASSINS CASTANHOS PARA HOMEM, COM UM TOQUE ESPECIAL, DE QUE ESTAVA \u00c0 PROCURA.<\/h3>\n<p>Estes mocassins de couro castanho para homem d\u00e3o um toque de cor que \u00e9 especialmente apelativo para qualquer estilo. Em contraste com a uniformidade do preto, estes mocassins de couro castanho para homem num tom castanho claro permitem que o classicismo do seu design tenha um toque menos formal.<\/p>\n<p>E veste na perfei\u00e7\u00e3o em clientes de todas as idades. Estes mocassins em pele castanha para homem foram concebidos para vestir com eleg\u00e2ncia os homens mais jovens. E para dar um toque diferente aos cl\u00e1ssicos.<\/p>\n<p>\u00c9 por isso que sabemos que os mocassins Beatnik Allen Chesnut em pele castanha para homem se v\u00e3o tornar no seu pr\u00f3ximo cal\u00e7ado favorito.<\/p>\n","protected":false},"excerpt":{"rendered":"<h2><strong>Mocassins castanhos feitos \u00e0 m\u00e3o em Espanha<\/strong><\/h2>\n<p>Material exterior: Pele de bezerro<br \/>\nForro: Pele de bezerro<br \/>\nMaterial da sola: Pele cosida e uma camada de material antiderrapante<br \/>\nFecho: Ajuste<br \/>\nTipo de salto: Baixo<\/p>\n","protected":false},"featured_media":59182,"comment_status":"open","ping_status":"closed","template":"","meta":[],"product_brand":[],"product_cat":[9198,9449,9228],"product_tag":[],"woo-feed-brand":[],"class_list":{"0":"post-60760","1":"product","2":"type-product","3":"status-publish","4":"has-post-thumbnail","6":"product_cat-sapatos-de-homem","7":"product_cat-mocassins-pt-pt","8":"product_cat-saida","9":"pa_talla-zapato-40-pt-pt","10":"pa_talla-zapato-41-pt-pt","11":"pa_talla-zapato-42-pt-pt","12":"pa_talla-zapato-43-pt-pt","13":"pa_talla-zapato-44-pt-pt","14":"pa_talla-zapato-45-pt-pt","15":"pa_talla-zapato-46-pt-pt","17":"first","18":"instock","19":"sale","20":"taxable","21":"shipping-taxable","22":"purchasable","23":"product-type-variable"},"_links":{"self":[{"href":"https:\/\/www.beatnikshoes.com\/pt-pt\/wp-json\/wp\/v2\/product\/60760","targetHints":{"allow":["GET"]}}],"collection":[{"href":"https:\/\/www.beatnikshoes.com\/pt-pt\/wp-json\/wp\/v2\/product"}],"about":[{"href":"https:\/\/www.beatnikshoes.com\/pt-pt\/wp-json\/wp\/v2\/types\/product"}],"replies":[{"embeddable":true,"href":"https:\/\/www.beatnikshoes.com\/pt-pt\/wp-json\/wp\/v2\/comments?post=60760"}],"wp:featuredmedia":[{"embeddable":true,"href":"https:\/\/www.beatnikshoes.com\/pt-pt\/wp-json\/wp\/v2\/media\/59182"}],"wp:attachment":[{"href":"https:\/\/www.beatnikshoes.com\/pt-pt\/wp-json\/wp\/v2\/media?parent=60760"}],"wp:term":[{"taxonomy":"product_brand","embeddable":true,"href":"https:\/\/www.beatnikshoes.com\/pt-pt\/wp-json\/wp\/v2\/product_brand?post=60760"},{"taxonomy":"product_cat","embeddable":true,"href":"https:\/\/www.beatnikshoes.com\/pt-pt\/wp-json\/wp\/v2\/product_cat?post=60760"},{"taxonomy":"product_tag","embeddable":true,"href":"https:\/\/www.beatnikshoes.com\/pt-pt\/wp-json\/wp\/v2\/product_tag?post=60760"},{"taxonomy":"woo-feed-brand","embeddable":true,"href":"https:\/\/www.beatnikshoes.com\/pt-pt\/wp-json\/wp\/v2\/woo-feed-brand?post=60760"}],"curies":[{"name":"wp","href":"https:\/\/api.w.org\/{rel}","templated":true}]}}