{"id":60730,"date":"2021-11-10T18:02:46","date_gmt":"2021-11-10T17:02:46","guid":{"rendered":"https:\/\/www.beatnikshoes.com\/zapatos-hechos-a-mano\/sapatos-pretos-de-fivela-dupla-para-mulher-june-preto-brogue\/"},"modified":"2025-08-26T21:23:27","modified_gmt":"2025-08-26T19:23:27","slug":"sapatos-pretos-de-fivela-dupla-para-mulher-june-preto-brogue","status":"publish","type":"product","link":"https:\/\/www.beatnikshoes.com\/pt-pt\/sapatos-feitos-a-mao\/sapatos-pretos-de-fivela-dupla-para-mulher-june-preto-brogue\/","title":{"rendered":"June Preto Brogue Feminino Fivela Dupla Preto Sapatos"},"content":{"rendered":"<h2>OS SAPATOS PRETOS DE FIVELA DUPLA PARA MULHER DE QUE ESTAVA \u00c0 ESPERA<\/h2>\n<p>Esta esta\u00e7\u00e3o, os amantes de <strong>sapatos pretos de fivela dupla para mulher<\/strong> v\u00e3o ter um prazer. De facto, todos os anos o s\u00e3o. Uma vez que <strong>os sapatos pretos de duas fivelas para mulher<\/strong> s\u00e3o sempre um modelo perfeito para o trabalho. E tamb\u00e9m para o lazer e o vestir elegante.<\/p>\n<p>Por isso, nesta esta\u00e7\u00e3o, apresentamos uma das nossas novidades mais aguardadas.<\/p>\n<p>Respeitamos sempre a tradi\u00e7\u00e3o e o classicismo como base para o desenvolvimento de inova\u00e7\u00f5es. E que s\u00f3 conhecendo as regras \u00e9 que podem ser combatidas e derrotadas. Ou, pelo menos, melhor\u00e1-los. \u00c9 por isso que, juntamente com um dos seus sapatos preferidos da nossa cole\u00e7\u00e3o, o <strong>Monkstrap<\/strong> June Black preto, sem qualquer decora\u00e7\u00e3o, vai aparecer esta nova vers\u00e3o.<\/p>\n<h3>UMA VERS\u00c3O COMPLEMENTAR E DIFERENTE DO SAPATO COM DUAS FIVELAS<\/h3>\n<p>Assim, para este <strong>sapato de senhora preto com duas fivelas<\/strong>, utiliz\u00e1mos a nossa forma mais confort\u00e1vel, a base do nosso design <strong>Monkstrap June<\/strong>, e acrescent\u00e1mos-lhe uma s\u00e9rie de altera\u00e7\u00f5es.<\/p>\n<p>Decora\u00e7\u00e3o Brogue a todo o comprimento da parte superior, como os Oxfords cl\u00e1ssicos. E para a base, em vez da tradicional sola de couro, mont\u00e1mos solas feitas de material t\u00e9cnico antiderrapante. Isto cria um perfil completamente diferente, o que tamb\u00e9m alivia consideravelmente o peso da pe\u00e7a.<\/p>\n<p>O resultado final foi totalmente surpreendente. Um modelo que veste na perfei\u00e7\u00e3o as mulheres mais cl\u00e1ssicas num dia frio ou chuvoso e que combina dando um toque cl\u00e1ssico a todas aquelas que usam um estilo mais arrojado.<\/p>\n<p>Estes sapatos <strong>monge pretos de fivela dupla para mulher<\/strong> s\u00e3o um verdadeiro mimo para o dia a dia. O seu design enquadra-se perfeitamente no ambiente de trabalho. E, por outro lado, com um estilo mais casual, mesmo com cal\u00e7as de ganga, n\u00e3o podem ser mais elegantes.<\/p>\n<p>A cor preta da sua pele de vitelo combina facilmente com todas as paletas de inverno. As cores escuras e mais s\u00e9rias que normalmente povoam os nossos guarda-roupas na esta\u00e7\u00e3o outono-inverno combinam perfeitamente com a cor da sua pele macia.<\/p>\n<p>Quentes e confort\u00e1veis, totalmente forradas em pele de vitelo roxa macia e com uma palmilha de couro almofadada, andar com elas n\u00e3o podia ser mais agrad\u00e1vel.<\/p>\n<h4>CL\u00c1SSICO, MAS N\u00c3O TRADICIONAL<\/h4>\n<p>Em suma, estes<strong> sapatos pretos de fivela dupla para mulher<\/strong> s\u00e3o um aliado inestim\u00e1vel nesta esta\u00e7\u00e3o. Estilo cl\u00e1ssico, conforto, calor e um toque ligeiramente diferente na sua decora\u00e7\u00e3o, que quebra as regras do tradicional.<\/p>\n","protected":false},"excerpt":{"rendered":"<h2>Sapatos pretos de brogue com fivela dupla feitos \u00e0 m\u00e3o em Espanha<\/h2>\n<p>Material exterior: Pele de vitelo preta<br \/>\nRevestimento: Pele de vaca roxa<br \/>\nMaterial da sola: sola t\u00e9cnica isolante e antiderrapante<br \/>\nTipo de salto: Baixo<\/p>\n","protected":false},"featured_media":76500,"comment_status":"open","ping_status":"closed","template":"","meta":[],"product_brand":[],"product_cat":[9027,9323],"product_tag":[],"woo-feed-brand":[],"class_list":{"0":"post-60730","1":"product","2":"type-product","3":"status-publish","4":"has-post-thumbnail","6":"product_cat-sapatos-de-senhora","7":"product_cat-sapato-com-fivelas","8":"pa_talla-zapato-35-pt-pt","9":"pa_talla-zapato-36-pt-pt","10":"pa_talla-zapato-37-pt-pt","11":"pa_talla-zapato-38-pt-pt","12":"pa_talla-zapato-39-pt-pt","13":"pa_talla-zapato-40-pt-pt","14":"pa_talla-zapato-41-pt-pt","15":"pa_talla-zapato-42-pt-pt","17":"first","18":"instock","19":"sale","20":"taxable","21":"shipping-taxable","22":"purchasable","23":"product-type-variable"},"_links":{"self":[{"href":"https:\/\/www.beatnikshoes.com\/pt-pt\/wp-json\/wp\/v2\/product\/60730","targetHints":{"allow":["GET"]}}],"collection":[{"href":"https:\/\/www.beatnikshoes.com\/pt-pt\/wp-json\/wp\/v2\/product"}],"about":[{"href":"https:\/\/www.beatnikshoes.com\/pt-pt\/wp-json\/wp\/v2\/types\/product"}],"replies":[{"embeddable":true,"href":"https:\/\/www.beatnikshoes.com\/pt-pt\/wp-json\/wp\/v2\/comments?post=60730"}],"wp:featuredmedia":[{"embeddable":true,"href":"https:\/\/www.beatnikshoes.com\/pt-pt\/wp-json\/wp\/v2\/media\/76500"}],"wp:attachment":[{"href":"https:\/\/www.beatnikshoes.com\/pt-pt\/wp-json\/wp\/v2\/media?parent=60730"}],"wp:term":[{"taxonomy":"product_brand","embeddable":true,"href":"https:\/\/www.beatnikshoes.com\/pt-pt\/wp-json\/wp\/v2\/product_brand?post=60730"},{"taxonomy":"product_cat","embeddable":true,"href":"https:\/\/www.beatnikshoes.com\/pt-pt\/wp-json\/wp\/v2\/product_cat?post=60730"},{"taxonomy":"product_tag","embeddable":true,"href":"https:\/\/www.beatnikshoes.com\/pt-pt\/wp-json\/wp\/v2\/product_tag?post=60730"},{"taxonomy":"woo-feed-brand","embeddable":true,"href":"https:\/\/www.beatnikshoes.com\/pt-pt\/wp-json\/wp\/v2\/woo-feed-brand?post=60730"}],"curies":[{"name":"wp","href":"https:\/\/api.w.org\/{rel}","templated":true}]}}