{"id":60729,"date":"2021-04-28T13:36:40","date_gmt":"2021-04-28T11:36:40","guid":{"rendered":"https:\/\/www.beatnikshoes.com\/zapatos-hechos-a-mano\/sapatos-de-renda-azul-oxford-estilo-oxford-mulheres-ethel-aqua\/"},"modified":"2025-10-06T21:00:28","modified_gmt":"2025-10-06T19:00:28","slug":"sapatos-de-renda-azul-oxford-estilo-oxford-mulheres-ethel-aqua","status":"publish","type":"product","link":"https:\/\/www.beatnikshoes.com\/pt-pt\/sapatos-feitos-a-mao\/sapatos-de-renda-azul-oxford-estilo-oxford-mulheres-ethel-aqua\/","title":{"rendered":"Sapatos oxford com atacadores azuis Ethel Aqua para mulher"},"content":{"rendered":"<h2>OS BLUCHERS AZUL \u00c1GUA-MARINHA DE QUE ESTAVA \u00c0 ESPERA<\/h2>\n<p>Para esta nova esta\u00e7\u00e3o, nada melhor do que aumentar a nossa cole\u00e7\u00e3o com um dos seus modelos preferidos. O Ethel Blucher, com o seu design cl\u00e1ssico brit\u00e2nico, a discreta decora\u00e7\u00e3o de <strong>brogue<\/strong> feita \u00e0 m\u00e3o na g\u00e1spea e o conforto total do seu salto confort\u00e1vel.<\/p>\n<p>Neste ano especial, decidimos dar as boas-vindas a uma cor cheia de esperan\u00e7a. E alegria por tudo de bom que est\u00e1 para vir. A \u00e1gua-marinha. Bem-vindos a esta edi\u00e7\u00e3o limitada dos sapatos oxford com atacadores <strong>azuis <\/strong>Ethel Aqua para mulher.<\/p>\n<h3>UM BLUCHER COM FORMAS CL\u00c1SSICAS EM COURO MACIO E UMA COR CHEIA DE FOR\u00c7A E PERSONALIDADE.<\/h3>\n<p>A g\u00e1spea comprida e a cor garantem que vai ser a mais chique do seu grupo de amigas este ver\u00e3o. A escolha deste tom \u00e1gua-marinha, por um lado longe das cores mais habituais e, por outro, facilmente combin\u00e1vel com todo o tipo de cores pastel, facilita a combina\u00e7\u00e3o deste Blucher com o seu guarda-roupa de ver\u00e3o.<\/p>\n<p>Tal como toda a nossa cole\u00e7\u00e3o de <strong>Oxfords e Bluchers<\/strong>, este \u00faltimo \u00e9 ultraconfort\u00e1vel, e a pele de bezerro macia, aliada ao conforto, garante que o p\u00e9 ser\u00e1 envolvido por um material respir\u00e1vel que lhe permite adaptar-se perfeitamente \u00e0 temperatura ambiente.<\/p>\n<p>Adoramo-las com cal\u00e7as de algod\u00e3o, tanto chinos como cal\u00e7\u00f5es, com um vestido comprido de ver\u00e3o ou com uma saia cl\u00e1ssica. A nossa cor para esta esta\u00e7\u00e3o \u00e9 o azul \u00e1gua-marinha (ou ser\u00e1 verde?) do nosso <strong>Derby Ethel Aqua<\/strong>.<\/p>\n","protected":false},"excerpt":{"rendered":"<h2>Sapatos oxford azuis para mulher, feitos \u00e0 m\u00e3o em Espanha<\/h2>\n<p>Material exterior: Pele de bezerro<br \/>\nRevestimento: Pele de vaca roxa<br \/>\nMaterial da sola: sola t\u00e9cnica isolante e antiderrapante<br \/>\nTipo de salto: Baixo<\/p>\n","protected":false},"featured_media":70501,"comment_status":"open","ping_status":"closed","template":"","meta":[],"product_brand":[],"product_cat":[9027,9057,9056],"product_tag":[],"woo-feed-brand":[],"class_list":{"0":"post-60729","1":"product","2":"type-product","3":"status-publish","4":"has-post-thumbnail","6":"product_cat-sapatos-de-senhora","7":"product_cat-sapatos-blucher-para-mulher","8":"product_cat-sapatos-oxford-para-mulher","9":"pa_talla-zapato-35-pt-pt","10":"pa_talla-zapato-36-pt-pt","11":"pa_talla-zapato-37-pt-pt","12":"pa_talla-zapato-38-pt-pt","13":"pa_talla-zapato-39-pt-pt","14":"pa_talla-zapato-40-pt-pt","15":"pa_talla-zapato-41-pt-pt","17":"first","18":"instock","19":"sale","20":"taxable","21":"shipping-taxable","22":"purchasable","23":"product-type-variable"},"_links":{"self":[{"href":"https:\/\/www.beatnikshoes.com\/pt-pt\/wp-json\/wp\/v2\/product\/60729","targetHints":{"allow":["GET"]}}],"collection":[{"href":"https:\/\/www.beatnikshoes.com\/pt-pt\/wp-json\/wp\/v2\/product"}],"about":[{"href":"https:\/\/www.beatnikshoes.com\/pt-pt\/wp-json\/wp\/v2\/types\/product"}],"replies":[{"embeddable":true,"href":"https:\/\/www.beatnikshoes.com\/pt-pt\/wp-json\/wp\/v2\/comments?post=60729"}],"wp:featuredmedia":[{"embeddable":true,"href":"https:\/\/www.beatnikshoes.com\/pt-pt\/wp-json\/wp\/v2\/media\/70501"}],"wp:attachment":[{"href":"https:\/\/www.beatnikshoes.com\/pt-pt\/wp-json\/wp\/v2\/media?parent=60729"}],"wp:term":[{"taxonomy":"product_brand","embeddable":true,"href":"https:\/\/www.beatnikshoes.com\/pt-pt\/wp-json\/wp\/v2\/product_brand?post=60729"},{"taxonomy":"product_cat","embeddable":true,"href":"https:\/\/www.beatnikshoes.com\/pt-pt\/wp-json\/wp\/v2\/product_cat?post=60729"},{"taxonomy":"product_tag","embeddable":true,"href":"https:\/\/www.beatnikshoes.com\/pt-pt\/wp-json\/wp\/v2\/product_tag?post=60729"},{"taxonomy":"woo-feed-brand","embeddable":true,"href":"https:\/\/www.beatnikshoes.com\/pt-pt\/wp-json\/wp\/v2\/woo-feed-brand?post=60729"}],"curies":[{"name":"wp","href":"https:\/\/api.w.org\/{rel}","templated":true}]}}