{"id":60661,"date":"2019-09-03T15:12:35","date_gmt":"2019-09-03T13:12:35","guid":{"rendered":"https:\/\/www.beatnikshoes.com\/zapatos-hechos-a-mano\/sapato-oxford-em-frente-castanho-corso-para-homem\/"},"modified":"2025-08-26T22:01:41","modified_gmt":"2025-08-26T20:01:41","slug":"sapato-oxford-em-frente-castanho-corso-para-homem","status":"publish","type":"product","link":"https:\/\/www.beatnikshoes.com\/pt-pt\/sapatos-feitos-a-mao\/sapato-oxford-em-frente-castanho-corso-para-homem\/","title":{"rendered":"Sapatos oxford para homem em camur\u00e7a castanha Corso"},"content":{"rendered":"<h2>O LOOK CASUAL INTELIGENTE<\/h2>\n<p>Estes <strong>sapatos oxford de camur\u00e7a castanha para homem<\/strong> s\u00e3o o <strong>sapato perfeito<\/strong> no cruzamento entre o elegante e o descontra\u00eddo. Um corte fino e esguio que fica bem com cal\u00e7as de algod\u00e3o ou jeans, mas tamb\u00e9m para reuni\u00f5es, para o business casual ou em muitos sectores ou ind\u00fastrias que j\u00e1 n\u00e3o optam exclusivamente pelo fato completo como vestu\u00e1rio de trabalho. Este <strong>sapato masculino de camur\u00e7a castanha com atacadores<\/strong> \u00e9 um sapato absolutamente impec\u00e1vel. Um 10 em estilo para todas as sextas-feiras casuais e casuais de neg\u00f3cios do ano.<\/p>\n<p>Este <strong>sapato de camur\u00e7a castanho com atacadores para homem<\/strong> apresenta camur\u00e7a francesa suave e \u00e9 totalmente forrado em pele de vitelo. Por fim, \u00e9 rematado com uma sola de couro cosida com uma fina camada antiderrapante.<\/p>\n<p>Estes <strong>sapatos de homem estilo<\/strong> <strong>Oxford em camur\u00e7a castanha<\/strong> s\u00e3o perfeitos tanto para uma quinta-feira \u00e0 noite como para uma sexta-feira de manh\u00e3. Perfeita para uma noite de lazer, para uma sa\u00edda \u00e0 noite sem roupa e, claro, para usar no dia a dia. Para qualquer viagem, seja ela de f\u00e9rias ou de neg\u00f3cios, o estilo e o conforto das suas \u00faltimas s\u00e3o um imperativo.<\/p>\n<p>A tonalidade destes sapatos <strong>oxford de camur\u00e7a castanha para homem<\/strong> \u00e9 perfeita para combinar com tudo o que \u00e9 azul, do marinho ao \u00edndigo. Tamb\u00e9m combina perfeitamente com tons pastel, tons de terra e at\u00e9 como contraponto a tons mais frios, como o cinzento.<\/p>\n<p>O enorme conforto do seu design, a versatilidade e a facilidade de combina\u00e7\u00e3o com todas as cores e estilos, far\u00e3o deles os seus novos sapatos preferidos. Prometido.<\/p>\n","protected":false},"excerpt":{"rendered":"<h2>Oxford de camur\u00e7a feito \u00e0 m\u00e3o em Espanha<\/h2>\n<p>Material exterior: Camur\u00e7a<br \/>\nForro: Pele de vaca roxa<br \/>\nMaterial da sola: couro genu\u00edno cosido e uma fina camada antiderrapante injectada<br \/>\nFecho: atacadores<br \/>\nTipo de salto: Baixo<\/p>\n","protected":false},"featured_media":76532,"comment_status":"open","ping_status":"closed","template":"","meta":[],"product_brand":[11792],"product_cat":[9198,9204],"product_tag":[],"woo-feed-brand":[],"class_list":{"0":"post-60661","1":"product","2":"type-product","3":"status-publish","4":"has-post-thumbnail","6":"product_brand-beatnik-shoes-pt-pt","7":"product_cat-sapatos-de-homem","8":"product_cat-sapatos-oxford-para-homem","9":"pa_talla-zapato-39-pt-pt","10":"pa_talla-zapato-40-pt-pt","11":"pa_talla-zapato-41-pt-pt","12":"pa_talla-zapato-42-pt-pt","13":"pa_talla-zapato-43-pt-pt","14":"pa_talla-zapato-44-pt-pt","15":"pa_talla-zapato-45-pt-pt","16":"pa_talla-zapato-46-pt-pt","18":"first","19":"instock","20":"sale","21":"taxable","22":"shipping-taxable","23":"purchasable","24":"product-type-variable"},"_links":{"self":[{"href":"https:\/\/www.beatnikshoes.com\/pt-pt\/wp-json\/wp\/v2\/product\/60661","targetHints":{"allow":["GET"]}}],"collection":[{"href":"https:\/\/www.beatnikshoes.com\/pt-pt\/wp-json\/wp\/v2\/product"}],"about":[{"href":"https:\/\/www.beatnikshoes.com\/pt-pt\/wp-json\/wp\/v2\/types\/product"}],"replies":[{"embeddable":true,"href":"https:\/\/www.beatnikshoes.com\/pt-pt\/wp-json\/wp\/v2\/comments?post=60661"}],"wp:featuredmedia":[{"embeddable":true,"href":"https:\/\/www.beatnikshoes.com\/pt-pt\/wp-json\/wp\/v2\/media\/76532"}],"wp:attachment":[{"href":"https:\/\/www.beatnikshoes.com\/pt-pt\/wp-json\/wp\/v2\/media?parent=60661"}],"wp:term":[{"taxonomy":"product_brand","embeddable":true,"href":"https:\/\/www.beatnikshoes.com\/pt-pt\/wp-json\/wp\/v2\/product_brand?post=60661"},{"taxonomy":"product_cat","embeddable":true,"href":"https:\/\/www.beatnikshoes.com\/pt-pt\/wp-json\/wp\/v2\/product_cat?post=60661"},{"taxonomy":"product_tag","embeddable":true,"href":"https:\/\/www.beatnikshoes.com\/pt-pt\/wp-json\/wp\/v2\/product_tag?post=60661"},{"taxonomy":"woo-feed-brand","embeddable":true,"href":"https:\/\/www.beatnikshoes.com\/pt-pt\/wp-json\/wp\/v2\/woo-feed-brand?post=60661"}],"curies":[{"name":"wp","href":"https:\/\/api.w.org\/{rel}","templated":true}]}}