{"id":60645,"date":"2023-04-10T10:49:27","date_gmt":"2023-04-10T08:49:27","guid":{"rendered":"https:\/\/www.beatnikshoes.com\/zapatos-hechos-a-mano\/oxford-charol-bicolour-bicolour-mulheres-em-charol-lena-verde-sobre-vermelho\/"},"modified":"2025-08-25T22:45:10","modified_gmt":"2025-08-25T20:45:10","slug":"oxford-charol-bicolour-bicolour-mulheres-em-charol-lena-verde-sobre-vermelho","status":"publish","type":"product","link":"https:\/\/www.beatnikshoes.com\/pt-pt\/sapatos-feitos-a-mao\/oxford-charol-bicolour-bicolour-mulheres-em-charol-lena-verde-sobre-vermelho\/","title":{"rendered":"Oxford feminino em pele envernizada bicolor Lena Verde sobre Vermelho"},"content":{"rendered":"<h2>A CORAGEM DE MUDAR FAZ DE SI UM VENCEDOR<\/h2>\n<p>O sapato que une intelig\u00eancia, charme e eleg\u00e2ncia. Um oxford bicolor em pele envernizada para mulher, a mistura perfeita entre masculino e feminino, entre eleg\u00e2ncia e cor, entre cl\u00e1ssico e moderno.<\/p>\n<p>Estes <strong>sapatos de senhora Oxford bicolor em pele<\/strong> envernizada, fabricados em Espanha em pele envernizada verde e cereja, s\u00e3o um cl\u00e1ssico em termos de estilo e corte da parte superior, pelo que brilham com luz pr\u00f3pria em qualquer estilo. Para al\u00e9m disso, este oxford, gra\u00e7as ao design da sua forma, proporciona um grande conforto ao seu propriet\u00e1rio.<\/p>\n<p>Estes sapatos<strong> oxford bicolores verdes e vermelhos para mulher <\/strong>combinam com uma grande variedade de estilos: saias fluidas, cal\u00e7as de ganga, cal\u00e7as justas, vestidos&#8230;<\/p>\n<p>A sua magia reside no conforto e no contraste de cores que oferecem ao seu propriet\u00e1rio. S\u00e3o entregues com um conjunto duplo de atacadores, em vermelho e verde, para que possa combin\u00e1-los como quiser.<\/p>\n<p>Eleg\u00e2ncia cl\u00e1ssica com um toque discreto de cor.<\/p>\n","protected":false},"excerpt":{"rendered":"<h2>Oxford feito \u00e0 m\u00e3o em Espanha em couro envernizado<\/h2>\n<p>Material exterior: Pele envernizada verde e vermelha<br \/>\nForro: Pele de vaca roxa<br \/>\nMaterial da sola: couro costurado e camada de inje\u00e7\u00e3o antiderrapante<br \/>\nFecho: Dois conjuntos de atacadores verdes e vermelhos<br \/>\nTipo de salto: Baixo<\/p>\n","protected":false},"featured_media":56784,"comment_status":"open","ping_status":"closed","template":"","meta":[],"product_brand":[11792],"product_cat":[9098,9027,9056],"product_tag":[],"woo-feed-brand":[],"class_list":{"0":"post-60645","1":"product","2":"type-product","3":"status-publish","4":"has-post-thumbnail","6":"product_brand-beatnik-shoes-pt-pt","7":"product_cat-sapatos-bicolores-para-mulher","8":"product_cat-sapatos-de-senhora","9":"product_cat-sapatos-oxford-para-mulher","10":"pa_talla-zapato-35-pt-pt","11":"pa_talla-zapato-36-pt-pt","12":"pa_talla-zapato-37-pt-pt","13":"pa_talla-zapato-38-pt-pt","14":"pa_talla-zapato-39-pt-pt","15":"pa_talla-zapato-40-pt-pt","16":"pa_talla-zapato-41-pt-pt","17":"pa_talla-zapato-42-pt-pt","19":"first","20":"instock","21":"sale","22":"taxable","23":"shipping-taxable","24":"purchasable","25":"product-type-variable"},"_links":{"self":[{"href":"https:\/\/www.beatnikshoes.com\/pt-pt\/wp-json\/wp\/v2\/product\/60645","targetHints":{"allow":["GET"]}}],"collection":[{"href":"https:\/\/www.beatnikshoes.com\/pt-pt\/wp-json\/wp\/v2\/product"}],"about":[{"href":"https:\/\/www.beatnikshoes.com\/pt-pt\/wp-json\/wp\/v2\/types\/product"}],"replies":[{"embeddable":true,"href":"https:\/\/www.beatnikshoes.com\/pt-pt\/wp-json\/wp\/v2\/comments?post=60645"}],"wp:featuredmedia":[{"embeddable":true,"href":"https:\/\/www.beatnikshoes.com\/pt-pt\/wp-json\/wp\/v2\/media\/56784"}],"wp:attachment":[{"href":"https:\/\/www.beatnikshoes.com\/pt-pt\/wp-json\/wp\/v2\/media?parent=60645"}],"wp:term":[{"taxonomy":"product_brand","embeddable":true,"href":"https:\/\/www.beatnikshoes.com\/pt-pt\/wp-json\/wp\/v2\/product_brand?post=60645"},{"taxonomy":"product_cat","embeddable":true,"href":"https:\/\/www.beatnikshoes.com\/pt-pt\/wp-json\/wp\/v2\/product_cat?post=60645"},{"taxonomy":"product_tag","embeddable":true,"href":"https:\/\/www.beatnikshoes.com\/pt-pt\/wp-json\/wp\/v2\/product_tag?post=60645"},{"taxonomy":"woo-feed-brand","embeddable":true,"href":"https:\/\/www.beatnikshoes.com\/pt-pt\/wp-json\/wp\/v2\/woo-feed-brand?post=60645"}],"curies":[{"name":"wp","href":"https:\/\/api.w.org\/{rel}","templated":true}]}}