{"id":60621,"date":"2023-05-12T12:32:08","date_gmt":"2023-05-12T10:32:08","guid":{"rendered":"https:\/\/www.beatnikshoes.com\/zapatos-hechos-a-mano\/oxford-bicolor-mulheres-preto-e-branco\/"},"modified":"2026-03-06T16:40:24","modified_gmt":"2026-03-06T15:40:24","slug":"oxford-bicolor-sapato-de-mulher-preto-e-branco","status":"publish","type":"product","link":"https:\/\/www.beatnikshoes.com\/pt-pt\/sapatos-feitos-a-mao\/oxford-bicolor-sapato-de-mulher-preto-e-branco\/","title":{"rendered":"Sapato Oxford bicolor Lena preto e branco para mulher"},"content":{"rendered":"<h2>O OXFORD ORIGINAL PARA MULHER: LENA BICOLOR PRETO E BRANCO<\/h2>\n<p>O nosso <strong>sapato oxford feminino bicolor<\/strong> personifica o classicismo, como um sapato cl\u00e1ssico para <strong>espectadores<\/strong> ou para<strong> jazz<\/strong>. Mas com um toque diferente na combina\u00e7\u00e3o de cores.<\/p>\n<p>A base \u00e9 preta para proteger a pe\u00e7a de qualquer tipo de imperfei\u00e7\u00e3o e termina em branco, \u00e0 altura do la\u00e7o, para acompanhar na perfei\u00e7\u00e3o qualquer estilo claro e escuro. Um<strong> sapato oxford feminino de dois tons com atacadores em pele<\/strong>, perfeito para o dia e para a noite.<\/p>\n<p>Feita \u00e0 m\u00e3o em Espanha com a melhor pele de vitelo do mercado, a mais macia e suave, perfeita para esta esta\u00e7\u00e3o. Forro interior em pele de vaca cor de cereja cosida \u00e0 m\u00e3o. Entregue com tr\u00eas conjuntos de atacadores, em branco, preto e vermelho. Desta forma, ter\u00e1 v\u00e1rias op\u00e7\u00f5es para combinar com qualquer um dos tons do seu guarda-roupa. Quer seja claro ou escuro, cl\u00e1ssico ou um pouco mais ousado.<\/p>\n<p>Um <strong>sapato oxford bicolor preto e branco para mulher<\/strong> que a vai fazer brilhar.<\/p>\n","protected":false},"excerpt":{"rendered":"<h2>Oxford de couro bicolor fabricado \u00e0 m\u00e3o em Espanha<\/h2>\n<p>Material exterior: Pele de bezerro<br \/>\nForro: Pele de vaca roxa<br \/>\nMaterial da sola: Couro cosido e uma fina camada antiderrapante injectada<br \/>\nFecho: atacadores<br \/>\nTipo de salto: Baixo<\/p>\n","protected":false},"featured_media":56192,"comment_status":"open","ping_status":"closed","template":"","meta":[],"product_brand":[11792],"product_cat":[9098,9027,9056],"product_tag":[],"woo-feed-brand":[],"class_list":{"0":"post-60621","1":"product","2":"type-product","3":"status-publish","4":"has-post-thumbnail","6":"product_brand-beatnik-shoes-pt-pt","7":"product_cat-sapatos-bicolores-para-mulher","8":"product_cat-sapatos-de-senhora","9":"product_cat-sapatos-oxford-para-mulher","10":"pa_talla-zapato-35-pt-pt","11":"pa_talla-zapato-36-pt-pt","12":"pa_talla-zapato-37-pt-pt","13":"pa_talla-zapato-38-pt-pt","14":"pa_talla-zapato-39-pt-pt","15":"pa_talla-zapato-40-pt-pt","16":"pa_talla-zapato-41-pt-pt","17":"pa_talla-zapato-42-pt-pt","19":"first","20":"instock","21":"sale","22":"taxable","23":"shipping-taxable","24":"purchasable","25":"product-type-variable"},"_links":{"self":[{"href":"https:\/\/www.beatnikshoes.com\/pt-pt\/wp-json\/wp\/v2\/product\/60621","targetHints":{"allow":["GET"]}}],"collection":[{"href":"https:\/\/www.beatnikshoes.com\/pt-pt\/wp-json\/wp\/v2\/product"}],"about":[{"href":"https:\/\/www.beatnikshoes.com\/pt-pt\/wp-json\/wp\/v2\/types\/product"}],"replies":[{"embeddable":true,"href":"https:\/\/www.beatnikshoes.com\/pt-pt\/wp-json\/wp\/v2\/comments?post=60621"}],"wp:featuredmedia":[{"embeddable":true,"href":"https:\/\/www.beatnikshoes.com\/pt-pt\/wp-json\/wp\/v2\/media\/56192"}],"wp:attachment":[{"href":"https:\/\/www.beatnikshoes.com\/pt-pt\/wp-json\/wp\/v2\/media?parent=60621"}],"wp:term":[{"taxonomy":"product_brand","embeddable":true,"href":"https:\/\/www.beatnikshoes.com\/pt-pt\/wp-json\/wp\/v2\/product_brand?post=60621"},{"taxonomy":"product_cat","embeddable":true,"href":"https:\/\/www.beatnikshoes.com\/pt-pt\/wp-json\/wp\/v2\/product_cat?post=60621"},{"taxonomy":"product_tag","embeddable":true,"href":"https:\/\/www.beatnikshoes.com\/pt-pt\/wp-json\/wp\/v2\/product_tag?post=60621"},{"taxonomy":"woo-feed-brand","embeddable":true,"href":"https:\/\/www.beatnikshoes.com\/pt-pt\/wp-json\/wp\/v2\/woo-feed-brand?post=60621"}],"curies":[{"name":"wp","href":"https:\/\/api.w.org\/{rel}","templated":true}]}}