{"id":60588,"date":"2023-12-15T19:33:53","date_gmt":"2023-12-15T18:33:53","guid":{"rendered":"https:\/\/www.beatnikshoes.com\/zapatos-hechos-a-mano\/oxford-shoe-bicolor-branco-e-preto-holmes\/"},"modified":"2026-03-06T16:50:07","modified_gmt":"2026-03-06T15:50:07","slug":"sapato-oxford-bicolor-branco-e-preto","status":"publish","type":"product","link":"https:\/\/www.beatnikshoes.com\/pt-pt\/sapatos-feitos-a-mao\/sapato-oxford-bicolor-branco-e-preto\/","title":{"rendered":"Sapatos Oxford Holmes bicolores pretos e brancos para homem"},"content":{"rendered":"<h2>SAPATO OXFORD BICOLOR PARA HOMEM EM PRETO E BRANCO<\/h2>\n<p>Descubra o nosso exclusivo <strong>sapato Oxford preto e branco para homem<\/strong>, uma reinterpreta\u00e7\u00e3o moderna do cl\u00e1ssico <strong>sapato Spectator<\/strong>. Criado a partir da mais suave <strong>pele de vitela<\/strong> preta e branca, este sapato apresenta delicados pormenores pontilhados que acrescentam um toque de sofistica\u00e7\u00e3o.<\/p>\n<p>Fabricado com forro em pele de vaca e sola em couro genu\u00edno, este sapato garante durabilidade e conforto a cada passo. E para ainda mais versatilidade, inclu\u00edmos um conjunto duplo de atacadores pretos e brancos, permitindo-lhe misturar e combinar os detalhes de acordo com o seu estilo pessoal.<\/p>\n<p>O <strong>sapato oxford bicolor preto e branco<\/strong> \u00e9 um cl\u00e1ssico intemporal que nunca sai de moda. Quer pretenda destacar-se de forma ousada ou dar um toque de contraste ao seu vestu\u00e1rio, este modelo \u00e9 perfeito para quem procura um estilo \u00fanico e distinto.<\/p>\n<p>Defina o seu estilo com o nosso <strong>sapato oxford preto e branco<\/strong>, o cl\u00e1ssico para os n\u00e3o convencionais. Atreva-se a destacar-se com eleg\u00e2ncia em qualquer ocasi\u00e3o.<\/p>\n<p>O derradeiro sapato oxford para quem n\u00e3o \u00e9 cl\u00e1ssico.<\/p>\n","protected":false},"excerpt":{"rendered":"<h2>Sapato oxford bicolor preto e branco feito \u00e0 m\u00e3o em Espanha<\/h2>\n<p>Material exterior: Pele de bezerro<br \/>\nForro: Pele de vaca roxa<br \/>\nMaterial da sola: Couro cosido e uma fina camada antiderrapante injectada<br \/>\nFecho: atacadores<br \/>\nTipo de salto: Baixo<\/p>\n","protected":false},"featured_media":56304,"comment_status":"open","ping_status":"closed","template":"","meta":[],"product_brand":[11792],"product_cat":[9198,9229,9204],"product_tag":[],"woo-feed-brand":[],"class_list":{"0":"post-60588","1":"product","2":"type-product","3":"status-publish","4":"has-post-thumbnail","6":"product_brand-beatnik-shoes-pt-pt","7":"product_cat-sapatos-de-homem","8":"product_cat-sapatos-bicolores-para-homem","9":"product_cat-sapatos-oxford-para-homem","10":"pa_talla-zapato-39-pt-pt","11":"pa_talla-zapato-40-pt-pt","12":"pa_talla-zapato-41-pt-pt","13":"pa_talla-zapato-42-pt-pt","14":"pa_talla-zapato-43-pt-pt","15":"pa_talla-zapato-44-pt-pt","16":"pa_talla-zapato-45-pt-pt","17":"pa_talla-zapato-46-pt-pt","19":"first","20":"instock","21":"sale","22":"taxable","23":"shipping-taxable","24":"purchasable","25":"product-type-variable"},"_links":{"self":[{"href":"https:\/\/www.beatnikshoes.com\/pt-pt\/wp-json\/wp\/v2\/product\/60588","targetHints":{"allow":["GET"]}}],"collection":[{"href":"https:\/\/www.beatnikshoes.com\/pt-pt\/wp-json\/wp\/v2\/product"}],"about":[{"href":"https:\/\/www.beatnikshoes.com\/pt-pt\/wp-json\/wp\/v2\/types\/product"}],"replies":[{"embeddable":true,"href":"https:\/\/www.beatnikshoes.com\/pt-pt\/wp-json\/wp\/v2\/comments?post=60588"}],"wp:featuredmedia":[{"embeddable":true,"href":"https:\/\/www.beatnikshoes.com\/pt-pt\/wp-json\/wp\/v2\/media\/56304"}],"wp:attachment":[{"href":"https:\/\/www.beatnikshoes.com\/pt-pt\/wp-json\/wp\/v2\/media?parent=60588"}],"wp:term":[{"taxonomy":"product_brand","embeddable":true,"href":"https:\/\/www.beatnikshoes.com\/pt-pt\/wp-json\/wp\/v2\/product_brand?post=60588"},{"taxonomy":"product_cat","embeddable":true,"href":"https:\/\/www.beatnikshoes.com\/pt-pt\/wp-json\/wp\/v2\/product_cat?post=60588"},{"taxonomy":"product_tag","embeddable":true,"href":"https:\/\/www.beatnikshoes.com\/pt-pt\/wp-json\/wp\/v2\/product_tag?post=60588"},{"taxonomy":"woo-feed-brand","embeddable":true,"href":"https:\/\/www.beatnikshoes.com\/pt-pt\/wp-json\/wp\/v2\/woo-feed-brand?post=60588"}],"curies":[{"name":"wp","href":"https:\/\/api.w.org\/{rel}","templated":true}]}}