{"id":60501,"date":"2018-12-24T01:56:37","date_gmt":"2018-12-24T00:56:37","guid":{"rendered":"https:\/\/www.beatnikshoes.com\/zapatos-hechos-a-mano\/blucher-in-burgundy-couro-com-palmilhas-de-borracha-ethel-red-brogue\/"},"modified":"2025-09-21T19:47:35","modified_gmt":"2025-09-21T17:47:35","slug":"blucher-in-burgundy-couro-com-palmilhas-de-borracha-ethel-red-brogue","status":"publish","type":"product","link":"https:\/\/www.beatnikshoes.com\/pt-pt\/sapatos-feitos-a-mao\/blucher-in-burgundy-couro-com-palmilhas-de-borracha-ethel-red-brogue\/","title":{"rendered":"Ethel Red Brogue blucher em pele cor de vinho com sola de borracha"},"content":{"rendered":"<h2>O BLUCHER VERMELHO PARA PASSOS FIRMES<\/h2>\n<p>O nosso <strong>Blucher em pele cor de vinho com sola de borracha<\/strong> que agora vos apresentamos \u00e9 um dos modelos mais aguardados por todos os nossos amigos. O nosso Ethel Red Brogue Blucher \u00e9 constru\u00eddo sobre uma forma ultra-confort\u00e1vel, forrado em pele de vitela roxa e com um toque inteligente de borgonha na g\u00e1spea para completar o seu estilo.<\/p>\n<p>Este <strong>blucher em pele cor de vinho com sola de borracha <\/strong>em pele macia de gr\u00e3o feito \u00e0 m\u00e3o \u00e9 uma combina\u00e7\u00e3o de dois elementos contrastantes. Por um lado, o classicismo no design brogue da parte superior e no tom escolhido. E, por outro lado, uma sola ultra larga antiderrapante que proporciona uma separa\u00e7\u00e3o do solo e, com ele, do frio, da humidade ou da chuva, bem como um estilo de cal\u00e7ado muito mais vigoroso. Neste design, inspir\u00e1mo-nos nos cl\u00e1ssicos creepers ou buggies, bem como nos mais tradicionais sapatos estilo Oxford.<\/p>\n<p>O resultado \u00e9 um <strong>blucher super confort\u00e1vel<\/strong>, ultra-leve e muito quente. Todo o interior \u00e9 forrado a pele de bezerro com costuras m\u00ednimas. A sola interior \u00e9 em pele e a sola exterior t\u00e9cnica \u00e9 super leve. A parte superior em couro de gr\u00e3o integral com decora\u00e7\u00e3o cl\u00e1ssica de brogue &#8220;full wingtip&#8221; protege contra as intemp\u00e9ries. A cor borgonha da l\u00e2mina combina perfeitamente com todas as gamas de azuis, pretos e cinzentos.<\/p>\n<p>O Blucher Ethel Red Brogue \u00e9 o <strong>sapato oxford vermelho<\/strong> perfeito para esta esta\u00e7\u00e3o.<\/p>\n","protected":false},"excerpt":{"rendered":"<h2>Blucher borgonha para mulher, feito \u00e0 m\u00e3o em pele de flor integral.<\/h2>\n<p>Material exterior: Couro integral<br \/>\nForro em pele de bovino<br \/>\nSola: Material comp\u00f3sito isolante e antiderrapante..<br \/>\nFecho: La\u00e7o<br \/>\nTipo de salto: Baixo<\/p>\n","protected":false},"featured_media":59086,"comment_status":"open","ping_status":"closed","template":"","meta":[],"product_brand":[],"product_cat":[9027,9057,9056],"product_tag":[],"woo-feed-brand":[],"class_list":{"0":"post-60501","1":"product","2":"type-product","3":"status-publish","4":"has-post-thumbnail","6":"product_cat-sapatos-de-senhora","7":"product_cat-sapatos-blucher-para-mulher","8":"product_cat-sapatos-oxford-para-mulher","9":"pa_talla-zapato-35-pt-pt","10":"pa_talla-zapato-36-pt-pt","11":"pa_talla-zapato-37-pt-pt","12":"pa_talla-zapato-38-pt-pt","13":"pa_talla-zapato-39-pt-pt","14":"pa_talla-zapato-40-pt-pt","15":"pa_talla-zapato-41-pt-pt","16":"pa_talla-zapato-42-pt-pt","17":"pa_talla-zapato-43-pt-pt","18":"pa_talla-zapato-44-pt-pt","19":"pa_talla-zapato-45-pt-pt","21":"first","22":"instock","23":"sale","24":"taxable","25":"shipping-taxable","26":"purchasable","27":"product-type-variable"},"_links":{"self":[{"href":"https:\/\/www.beatnikshoes.com\/pt-pt\/wp-json\/wp\/v2\/product\/60501","targetHints":{"allow":["GET"]}}],"collection":[{"href":"https:\/\/www.beatnikshoes.com\/pt-pt\/wp-json\/wp\/v2\/product"}],"about":[{"href":"https:\/\/www.beatnikshoes.com\/pt-pt\/wp-json\/wp\/v2\/types\/product"}],"replies":[{"embeddable":true,"href":"https:\/\/www.beatnikshoes.com\/pt-pt\/wp-json\/wp\/v2\/comments?post=60501"}],"wp:featuredmedia":[{"embeddable":true,"href":"https:\/\/www.beatnikshoes.com\/pt-pt\/wp-json\/wp\/v2\/media\/59086"}],"wp:attachment":[{"href":"https:\/\/www.beatnikshoes.com\/pt-pt\/wp-json\/wp\/v2\/media?parent=60501"}],"wp:term":[{"taxonomy":"product_brand","embeddable":true,"href":"https:\/\/www.beatnikshoes.com\/pt-pt\/wp-json\/wp\/v2\/product_brand?post=60501"},{"taxonomy":"product_cat","embeddable":true,"href":"https:\/\/www.beatnikshoes.com\/pt-pt\/wp-json\/wp\/v2\/product_cat?post=60501"},{"taxonomy":"product_tag","embeddable":true,"href":"https:\/\/www.beatnikshoes.com\/pt-pt\/wp-json\/wp\/v2\/product_tag?post=60501"},{"taxonomy":"woo-feed-brand","embeddable":true,"href":"https:\/\/www.beatnikshoes.com\/pt-pt\/wp-json\/wp\/v2\/woo-feed-brand?post=60501"}],"curies":[{"name":"wp","href":"https:\/\/api.w.org\/{rel}","templated":true}]}}