{"id":60478,"date":"2019-05-29T17:52:06","date_gmt":"2019-05-29T15:52:06","guid":{"rendered":"https:\/\/www.beatnikshoes.com\/zapatos-hechos-a-mano\/black-rogue-boot-black-beatnik-barbara-black-skin-lace-up-beatnik-barbara-black-boot\/"},"modified":"2025-08-26T22:16:51","modified_gmt":"2025-08-26T20:16:51","slug":"black-rogue-boot-black-beatnik-barbara-black-skin-lace-up-beatnik-barbara-black-boot","status":"publish","type":"product","link":"https:\/\/www.beatnikshoes.com\/pt-pt\/sapatos-feitos-a-mao\/black-rogue-boot-black-beatnik-barbara-black-skin-lace-up-beatnik-barbara-black-boot\/","title":{"rendered":"Beatnik Barbara Bota de couro preta com atacadores"},"content":{"rendered":"<h2>A BOTA DE COURO PRETA COM ATACADORES EM ESTILO OXFORD CL\u00c1SSICO DE QUE ESTAVA \u00c0 ESPERA<\/h2>\n<p>As esta\u00e7\u00f5es come\u00e7am e acabam mais cedo todos os anos. E como temos a sorte de ter amigos em todo o mundo, n\u00e3o resistimos a apresentar esta<strong> bota de couro preta com atacadores e<\/strong> estilo unissexo, a que cham\u00e1mos Barbara Black. \u00c9 uma vers\u00e3o da nossa cl\u00e1ssica bota Barbara em castanho caramelo, feita \u00e0 m\u00e3o com o mesmo couro.<\/p>\n<p>O mesmo conforto absoluto proporcionado pela sola dos nossos sapatos oxford. O mesmo design brit\u00e2nico cl\u00e1ssico, mas agora com um toque mais contempor\u00e2neo proporcionado pela cor preta. Uma cor que combina com todas as paletas e personalidades, em qualquer contexto.<\/p>\n<p>Esta <strong>bota de couro preta com atacadores<\/strong> \u00e9 totalmente forrada em pele de vitelo roxa. O cord\u00e3o central e um fecho de correr lateral para um acesso f\u00e1cil est\u00e3o dispon\u00edveis como fechos. A sola interior \u00e9 feita de couro e a sola exterior \u00e9 feita de couro genu\u00edno, ao qual foi adicionada uma fina camada antiderrapante. Todo o conjunto \u00e9 cosido para maior durabilidade.<\/p>\n<p>O estilo desta <strong>bota oxford preta de brogue<\/strong> adapta-se perfeitamente como bota casual com cal\u00e7as de ganga ou chinos, independentemente do comprimento ou do corte. E s\u00e3o tamb\u00e9m uma del\u00edcia como bota para combinar com um vestido ou uma saia comprida. O meio da barriga da perna pode ser escondido pela perna da cal\u00e7a e o efeito \u00e9 como usar um sapato Oxford, mas com todo o calor e conforto de usar uma bota. Em alternativa, as cal\u00e7as podem ser enfiadas no interior da perna para um efeito totalmente diferente e muito mais decantado. E para eles, o estilo cl\u00e1ssico desta bota brogue \u00e9 perfeito para um look formal. E d\u00e1 um contraponto elegante a um estilo mais casual.<\/p>\n<p>Barbara Black \u00e9 uma <strong>bota de couro preta unissexo<\/strong> com atacadores, com um design que \u00e9 perfeito para o seu estilo pessoal.<\/p>\n","protected":false},"excerpt":{"rendered":"<h2>Bota brogue preta feita \u00e0 m\u00e3o em Espanha<\/h2>\n<p>Material exterior: Pele de bezerro<br \/>\nForro: Pele de bezerro<br \/>\nMaterial da sola: Couro genu\u00edno e uma camada de material antiderrapante<br \/>\nFecho: La\u00e7o e fecho de correr<br \/>\nTipo de salto: Baixo<\/p>\n","protected":false},"featured_media":59244,"comment_status":"open","ping_status":"closed","template":"","meta":[],"product_brand":[],"product_cat":[9027,9532,9450,9520,9535,9198],"product_tag":[],"woo-feed-brand":[],"class_list":{"0":"post-60478","1":"product","2":"type-product","3":"status-publish","4":"has-post-thumbnail","6":"product_cat-sapatos-de-senhora","7":"product_cat-bota-com-cordoes","8":"product_cat-botas-pt-pt","9":"product_cat-botas-com-atacadores","10":"product_cat-botas-de-mulher","11":"product_cat-sapatos-de-homem","12":"pa_talla-zapato-35-pt-pt","13":"pa_talla-zapato-36-pt-pt","14":"pa_talla-zapato-37-pt-pt","15":"pa_talla-zapato-38-pt-pt","16":"pa_talla-zapato-39-pt-pt","17":"pa_talla-zapato-40-pt-pt","18":"pa_talla-zapato-41-pt-pt","19":"pa_talla-zapato-42-pt-pt","20":"pa_talla-zapato-43-pt-pt","21":"pa_talla-zapato-44-pt-pt","22":"pa_talla-zapato-45-pt-pt","24":"first","25":"instock","26":"sale","27":"taxable","28":"shipping-taxable","29":"purchasable","30":"product-type-variable"},"_links":{"self":[{"href":"https:\/\/www.beatnikshoes.com\/pt-pt\/wp-json\/wp\/v2\/product\/60478","targetHints":{"allow":["GET"]}}],"collection":[{"href":"https:\/\/www.beatnikshoes.com\/pt-pt\/wp-json\/wp\/v2\/product"}],"about":[{"href":"https:\/\/www.beatnikshoes.com\/pt-pt\/wp-json\/wp\/v2\/types\/product"}],"replies":[{"embeddable":true,"href":"https:\/\/www.beatnikshoes.com\/pt-pt\/wp-json\/wp\/v2\/comments?post=60478"}],"wp:featuredmedia":[{"embeddable":true,"href":"https:\/\/www.beatnikshoes.com\/pt-pt\/wp-json\/wp\/v2\/media\/59244"}],"wp:attachment":[{"href":"https:\/\/www.beatnikshoes.com\/pt-pt\/wp-json\/wp\/v2\/media?parent=60478"}],"wp:term":[{"taxonomy":"product_brand","embeddable":true,"href":"https:\/\/www.beatnikshoes.com\/pt-pt\/wp-json\/wp\/v2\/product_brand?post=60478"},{"taxonomy":"product_cat","embeddable":true,"href":"https:\/\/www.beatnikshoes.com\/pt-pt\/wp-json\/wp\/v2\/product_cat?post=60478"},{"taxonomy":"product_tag","embeddable":true,"href":"https:\/\/www.beatnikshoes.com\/pt-pt\/wp-json\/wp\/v2\/product_tag?post=60478"},{"taxonomy":"woo-feed-brand","embeddable":true,"href":"https:\/\/www.beatnikshoes.com\/pt-pt\/wp-json\/wp\/v2\/woo-feed-brand?post=60478"}],"curies":[{"name":"wp","href":"https:\/\/api.w.org\/{rel}","templated":true}]}}