{"id":60472,"date":"2023-05-08T11:44:18","date_gmt":"2023-05-08T09:44:18","guid":{"rendered":"https:\/\/www.beatnikshoes.com\/zapatos-hechos-a-mano\/sapato-vermelho-oxford-sapato-mulher-sapato-mulher-corda-muito-net\/"},"modified":"2025-08-25T22:38:06","modified_gmt":"2025-08-25T20:38:06","slug":"sapato-vermelho-oxford-sapato-mulher-sapato-mulher-corda-muito-net","status":"publish","type":"product","link":"https:\/\/www.beatnikshoes.com\/pt-pt\/sapatos-feitos-a-mao\/sapato-vermelho-oxford-sapato-mulher-sapato-mulher-corda-muito-net\/","title":{"rendered":"Sapato Oxford Vermelho Lena Too Vermelho"},"content":{"rendered":"<h2>OXFORDS VERMELHOS SI&#8230;. E DA\u00cd?<\/h2>\n<p>O nosso<strong> sapato oxford para mulher<\/strong> Lena Too Red \u00e9 uma vers\u00e3o ainda mais arrojada do cl\u00e1ssico <strong>sapato oxford para mulher <\/strong>Lena.<\/p>\n<p>Apresentamos o novo <strong>sapato oxford vermelho<\/strong> Lena Too Red para mulher. Une o conceito mais cl\u00e1ssico do <strong>sapato oxford<\/strong>, com a cor mais ousada para esta esta\u00e7\u00e3o: <strong>o vermelho<\/strong>.<\/p>\n<p>Este <strong>sapato oxford vermelho para mulher<\/strong> pode ser combinado tanto com cal\u00e7as justas como com um vestido fluido. Combinam na perfei\u00e7\u00e3o com uma saia e um fato completo.<\/p>\n<p>Calce um par de Lena Too Red e ser\u00e1 o centro das aten\u00e7\u00f5es. A textura do couro envernizado brilhante, juntamente com a suavidade da camur\u00e7a vermelha, cria um equil\u00edbrio completo na pe\u00e7a. E para que possa combinar ainda mais as cores, s\u00e3o fornecidos com dois conjuntos de atacadores brancos e vermelhos.<\/p>\n<p>E como se tudo isto n\u00e3o bastasse, o nosso Lena Too Red \u00e9 o modelo que os dois protagonistas do an\u00fancio global do <strong>Samsung Galaxy<\/strong> desejam. Um estilo que ultrapassa todas as fronteiras.<\/p>\n<p>Adequado apenas para os ousados, viciados e amantes de <strong>sapatos vermelhos<\/strong>.<\/p>\n","protected":false},"excerpt":{"rendered":"<h2>Sapato Oxford vermelho para mulher, fabricado \u00e0 m\u00e3o em Espanha<\/h2>\n<p>Material exterior: couro envernizado vermelho e camur\u00e7a vermelha<br \/>\nForro: Pele de vaca roxa<br \/>\nFecho: atacadores brancos e vermelhos<br \/>\nTipo de salto: Baixo<br \/>\nMaterial da sola: Couro cosido e uma fina camada antiderrapante injectada<\/p>\n","protected":false},"featured_media":76429,"comment_status":"open","ping_status":"closed","template":"","meta":[],"product_brand":[11792],"product_cat":[9027,9056],"product_tag":[],"woo-feed-brand":[],"class_list":{"0":"post-60472","1":"product","2":"type-product","3":"status-publish","4":"has-post-thumbnail","6":"product_brand-beatnik-shoes-pt-pt","7":"product_cat-sapatos-de-senhora","8":"product_cat-sapatos-oxford-para-mulher","9":"pa_talla-zapato-35-pt-pt","10":"pa_talla-zapato-36-pt-pt","11":"pa_talla-zapato-37-pt-pt","12":"pa_talla-zapato-38-pt-pt","13":"pa_talla-zapato-39-pt-pt","14":"pa_talla-zapato-40-pt-pt","15":"pa_talla-zapato-41-pt-pt","16":"pa_talla-zapato-42-pt-pt","17":"pa_talla-zapato-43-pt-pt","19":"first","20":"instock","21":"sale","22":"taxable","23":"shipping-taxable","24":"purchasable","25":"product-type-variable"},"_links":{"self":[{"href":"https:\/\/www.beatnikshoes.com\/pt-pt\/wp-json\/wp\/v2\/product\/60472","targetHints":{"allow":["GET"]}}],"collection":[{"href":"https:\/\/www.beatnikshoes.com\/pt-pt\/wp-json\/wp\/v2\/product"}],"about":[{"href":"https:\/\/www.beatnikshoes.com\/pt-pt\/wp-json\/wp\/v2\/types\/product"}],"replies":[{"embeddable":true,"href":"https:\/\/www.beatnikshoes.com\/pt-pt\/wp-json\/wp\/v2\/comments?post=60472"}],"wp:featuredmedia":[{"embeddable":true,"href":"https:\/\/www.beatnikshoes.com\/pt-pt\/wp-json\/wp\/v2\/media\/76429"}],"wp:attachment":[{"href":"https:\/\/www.beatnikshoes.com\/pt-pt\/wp-json\/wp\/v2\/media?parent=60472"}],"wp:term":[{"taxonomy":"product_brand","embeddable":true,"href":"https:\/\/www.beatnikshoes.com\/pt-pt\/wp-json\/wp\/v2\/product_brand?post=60472"},{"taxonomy":"product_cat","embeddable":true,"href":"https:\/\/www.beatnikshoes.com\/pt-pt\/wp-json\/wp\/v2\/product_cat?post=60472"},{"taxonomy":"product_tag","embeddable":true,"href":"https:\/\/www.beatnikshoes.com\/pt-pt\/wp-json\/wp\/v2\/product_tag?post=60472"},{"taxonomy":"woo-feed-brand","embeddable":true,"href":"https:\/\/www.beatnikshoes.com\/pt-pt\/wp-json\/wp\/v2\/woo-feed-brand?post=60472"}],"curies":[{"name":"wp","href":"https:\/\/api.w.org\/{rel}","templated":true}]}}