{"id":60470,"date":"2017-10-24T18:02:38","date_gmt":"2017-10-24T16:02:38","guid":{"rendered":"https:\/\/www.beatnikshoes.com\/zapatos-hechos-a-mano\/sapato-oxford-castanho-mulher-lena\/"},"modified":"2025-08-27T21:51:28","modified_gmt":"2025-08-27T19:51:28","slug":"sapato-oxford-castanho-mulher-lena","status":"publish","type":"product","link":"https:\/\/www.beatnikshoes.com\/pt-pt\/sapatos-feitos-a-mao\/sapato-oxford-castanho-mulher-lena\/","title":{"rendered":"Sapato Oxford Lena castanho para mulher"},"content":{"rendered":"<h2>SAPATO OXFORD CASTANHO PARA MULHER. UMA COMBINA\u00c7\u00c3O PERFEITA DE CLASSICISMO E COR<\/h2>\n<p>O \u00faltimo dos nossos <strong>oxford para senhora Lena Brown<\/strong> \u00e9 um dos preferidos de muitos dos nossos clientes pelo seu conforto infinito. E fazer uma vers\u00e3o na pele mais macia do mercado, a pele de vitelo, era um imperativo para a nossa nova cole\u00e7\u00e3o. E escolhemos uma das cores mais vers\u00e1teis de toda a paleta e uma das mais f\u00e1ceis de combinar, o castanho claro.<\/p>\n<p>O uso de sapatos confort\u00e1veis com atacadores na melhor pele remata qualquer estilo numa vasta gama de cores. Cores que v\u00e3o desde os tons terra e past\u00e9is at\u00e9 \u00e0 gama completa de cores frias. \u00c9 tamb\u00e9m um tom que combina perfeitamente com todo o tipo de estampados e padr\u00f5es.<\/p>\n<p>O cl\u00e1ssico <strong>sapato de senhora com atacadores em castanho<\/strong> \u00e9 perfeito para o local de trabalho, quer seja usado com cal\u00e7as, uma saia ou um fato completo. Por outro lado, a sua forma confort\u00e1vel \u00e9 perfeita para tardes pregui\u00e7osas. Com um vestido comprido, uma saia, um fato e, claro, com qualquer tipo de cal\u00e7as, o resultado \u00e9 impec\u00e1vel.<\/p>\n<p>Toda a pe\u00e7a \u00e9 feita \u00e0 m\u00e3o em Espanha, a sola \u00e9 cosida em pele genu\u00edna e \u00e9 rematada com uma camada de material antiderrapante. Todo o interior \u00e9 forrado com uma \u00fanica pe\u00e7a de pele de vaca roxa. Isto permite que a pele fina do p\u00e9 seja envolvida pelo couro mais macio do mercado. A pele de vitela isola e protege-o do frio e do mau tempo. S\u00e3o entregues com dois conjuntos de atacadores nas cores bege e castanho para combinar como quiser.<\/p>\n<p><strong>Sapatos de couro castanho estilo oxford para mulher<\/strong> que s\u00e3o um prazer usar durante todo o ano.<\/p>\n","protected":false},"excerpt":{"rendered":"<h2>Oxford de couro feito \u00e0 m\u00e3o em Espanha<\/h2>\n<p>Material exterior: Pele de bezerro<br \/>\nForro: Pele de vitelo roxa<br \/>\nMaterial da sola<br \/>\nCouro cosido e uma camada de material antiderrapante<br \/>\nFecho: atacadores<br \/>\nTipo de salto: Baixo<\/p>\n","protected":false},"featured_media":73601,"comment_status":"open","ping_status":"closed","template":"","meta":[],"product_brand":[11792],"product_cat":[9027,9056],"product_tag":[],"woo-feed-brand":[],"class_list":{"0":"post-60470","1":"product","2":"type-product","3":"status-publish","4":"has-post-thumbnail","6":"product_brand-beatnik-shoes-pt-pt","7":"product_cat-sapatos-de-senhora","8":"product_cat-sapatos-oxford-para-mulher","9":"pa_talla-zapato-35-pt-pt","10":"pa_talla-zapato-36-pt-pt","11":"pa_talla-zapato-37-pt-pt","12":"pa_talla-zapato-38-pt-pt","13":"pa_talla-zapato-39-pt-pt","14":"pa_talla-zapato-40-pt-pt","15":"pa_talla-zapato-41-pt-pt","16":"pa_talla-zapato-42-pt-pt","18":"first","19":"instock","20":"sale","21":"taxable","22":"shipping-taxable","23":"purchasable","24":"product-type-variable"},"_links":{"self":[{"href":"https:\/\/www.beatnikshoes.com\/pt-pt\/wp-json\/wp\/v2\/product\/60470","targetHints":{"allow":["GET"]}}],"collection":[{"href":"https:\/\/www.beatnikshoes.com\/pt-pt\/wp-json\/wp\/v2\/product"}],"about":[{"href":"https:\/\/www.beatnikshoes.com\/pt-pt\/wp-json\/wp\/v2\/types\/product"}],"replies":[{"embeddable":true,"href":"https:\/\/www.beatnikshoes.com\/pt-pt\/wp-json\/wp\/v2\/comments?post=60470"}],"wp:featuredmedia":[{"embeddable":true,"href":"https:\/\/www.beatnikshoes.com\/pt-pt\/wp-json\/wp\/v2\/media\/73601"}],"wp:attachment":[{"href":"https:\/\/www.beatnikshoes.com\/pt-pt\/wp-json\/wp\/v2\/media?parent=60470"}],"wp:term":[{"taxonomy":"product_brand","embeddable":true,"href":"https:\/\/www.beatnikshoes.com\/pt-pt\/wp-json\/wp\/v2\/product_brand?post=60470"},{"taxonomy":"product_cat","embeddable":true,"href":"https:\/\/www.beatnikshoes.com\/pt-pt\/wp-json\/wp\/v2\/product_cat?post=60470"},{"taxonomy":"product_tag","embeddable":true,"href":"https:\/\/www.beatnikshoes.com\/pt-pt\/wp-json\/wp\/v2\/product_tag?post=60470"},{"taxonomy":"woo-feed-brand","embeddable":true,"href":"https:\/\/www.beatnikshoes.com\/pt-pt\/wp-json\/wp\/v2\/woo-feed-brand?post=60470"}],"curies":[{"name":"wp","href":"https:\/\/api.w.org\/{rel}","templated":true}]}}