{"id":60419,"date":"2023-09-09T14:24:32","date_gmt":"2023-09-09T12:24:32","guid":{"rendered":"https:\/\/www.beatnikshoes.com\/zapatos-hechos-a-mano\/bota-de-couro-preta-preta-chelsea-para-homem\/"},"modified":"2025-08-25T19:56:23","modified_gmt":"2025-08-25T17:56:23","slug":"bota-de-couro-preta-preta-chelsea-para-homem","status":"publish","type":"product","link":"https:\/\/www.beatnikshoes.com\/pt-pt\/sapatos-feitos-a-mao\/bota-de-couro-preta-preta-chelsea-para-homem\/","title":{"rendered":"Bota Chelsea Cassady Black para homem em pele preta"},"content":{"rendered":"<h2>AS PESSOAS V\u00c3O OLHAR PARA SI. MELHOR COM BOTAS CHELSEA PRETAS<\/h2>\n<p><strong>Bota Chelsea para homem em pele preta<\/strong><strong> <\/strong>\u00e9 um cl\u00e1ssico entre os cl\u00e1ssicos.<\/p>\n<p>Uma das poucas coisas em que os Beatles e os Stones sempre concordaram foi na certeza de que a <strong>bota Chelsea para homem<\/strong> \u00e9 a RAINHA de todas as botas.<br \/>\n\u00c9 por isso que quem usa esta deriva\u00e7\u00e3o da bota de montaria vitoriana exala poder nos seus passos.<\/p>\n<p>\u00c9 por isso que combinam na perfei\u00e7\u00e3o com cal\u00e7as de ganga escuras ou pretas para um look mais casual. Mas s\u00e3o cada vez mais usados em ocasi\u00f5es mais formais, uma vez que o corte da g\u00e1spea \u00e9 muito estiloso e elegante.<\/p>\n<p>Para al\u00e9m disso, a nossa<strong> bota Chelsea<\/strong> \u00e9 fabricada \u00e0 m\u00e3o a partir da pele de vitela mais macia, forrada em pele roxa, com uma sola de pele genu\u00edna cosida e com um revestimento antiderrapante adicional, estas <strong>botas Chelsea pretas para homem em pele<\/strong> s\u00e3o um verdadeiro mimo e um exerc\u00edcio de estilo. Ir\u00e1 apreci\u00e1-los durante muito, muito tempo.<\/p>\n","protected":false},"excerpt":{"rendered":"<h2>Botas chelsea de couro feitas \u00e0 m\u00e3o em Espanha<\/h2>\n<p>Material exterior: Pele de bezerro<br \/>\nForro: Pele de vaca roxa<br \/>\nMaterial da sola: couro genu\u00edno cosido e uma fina camada antiderrapante injectada<br \/>\nTipo de salto: Baixo<\/p>\n","protected":false},"featured_media":57598,"comment_status":"open","ping_status":"closed","template":"","meta":[],"product_brand":[],"product_cat":[9198,9450,9455],"product_tag":[],"woo-feed-brand":[],"class_list":{"0":"post-60419","1":"product","2":"type-product","3":"status-publish","4":"has-post-thumbnail","6":"product_cat-sapatos-de-homem","7":"product_cat-botas-pt-pt","8":"product_cat-botas-chelsea-pt-pt-2","9":"pa_talla-zapato-39-pt-pt","10":"pa_talla-zapato-40-pt-pt","11":"pa_talla-zapato-41-pt-pt","12":"pa_talla-zapato-42-pt-pt","13":"pa_talla-zapato-43-pt-pt","14":"pa_talla-zapato-44-pt-pt","15":"pa_talla-zapato-45-pt-pt","16":"pa_talla-zapato-46-pt-pt","18":"first","19":"instock","20":"sale","21":"taxable","22":"shipping-taxable","23":"purchasable","24":"product-type-variable"},"_links":{"self":[{"href":"https:\/\/www.beatnikshoes.com\/pt-pt\/wp-json\/wp\/v2\/product\/60419","targetHints":{"allow":["GET"]}}],"collection":[{"href":"https:\/\/www.beatnikshoes.com\/pt-pt\/wp-json\/wp\/v2\/product"}],"about":[{"href":"https:\/\/www.beatnikshoes.com\/pt-pt\/wp-json\/wp\/v2\/types\/product"}],"replies":[{"embeddable":true,"href":"https:\/\/www.beatnikshoes.com\/pt-pt\/wp-json\/wp\/v2\/comments?post=60419"}],"wp:featuredmedia":[{"embeddable":true,"href":"https:\/\/www.beatnikshoes.com\/pt-pt\/wp-json\/wp\/v2\/media\/57598"}],"wp:attachment":[{"href":"https:\/\/www.beatnikshoes.com\/pt-pt\/wp-json\/wp\/v2\/media?parent=60419"}],"wp:term":[{"taxonomy":"product_brand","embeddable":true,"href":"https:\/\/www.beatnikshoes.com\/pt-pt\/wp-json\/wp\/v2\/product_brand?post=60419"},{"taxonomy":"product_cat","embeddable":true,"href":"https:\/\/www.beatnikshoes.com\/pt-pt\/wp-json\/wp\/v2\/product_cat?post=60419"},{"taxonomy":"product_tag","embeddable":true,"href":"https:\/\/www.beatnikshoes.com\/pt-pt\/wp-json\/wp\/v2\/product_tag?post=60419"},{"taxonomy":"woo-feed-brand","embeddable":true,"href":"https:\/\/www.beatnikshoes.com\/pt-pt\/wp-json\/wp\/v2\/woo-feed-brand?post=60419"}],"curies":[{"name":"wp","href":"https:\/\/api.w.org\/{rel}","templated":true}]}}