{"id":60402,"date":"2020-06-01T13:18:58","date_gmt":"2020-06-01T11:18:58","guid":{"rendered":"https:\/\/www.beatnikshoes.com\/zapatos-hechos-a-mano\/mocasines-bicolores-de-mujer-irma-preto-branco\/"},"modified":"2025-08-26T21:54:17","modified_gmt":"2025-08-26T19:54:17","slug":"mocasines-bicolores-de-mujer-irma-preto-branco","status":"publish","type":"product","link":"https:\/\/www.beatnikshoes.com\/pt-pt\/sapatos-feitos-a-mao\/mocasines-bicolores-de-mujer-irma-preto-branco\/","title":{"rendered":"Mocassins bicolores Irma Preto e Branco para mulher"},"content":{"rendered":"<h2>TODO O CLASSICISMO DOS PENNY LOAFERS PARA MULHER COM UM TOQUE TRANSGRESSOR<\/h2>\n<p>Bem-vindos aos nossos <strong>mocassins femininos bicolores<\/strong> Beatnik Irma Preto e Branco. Desde a nossa primeira cole\u00e7\u00e3o, inclu\u00edmos sempre sapatos de dois tons. Trata-se de modelos que agradam a clientes muito especiais que procuram algo diferente dos modelos habituais. \u00c9 por isso que, este ano, inclu\u00edmos um <strong>Penny loafer preto e branco para mulher<\/strong>.<\/p>\n<p>Os <strong>mocassins Penny em dois tons de<\/strong> <strong>preto e branco<\/strong> s\u00e3o um modelo cl\u00e1ssico usado h\u00e1 d\u00e9cadas. Isto porque a combina\u00e7\u00e3o destas duas cores b\u00e1sicas com qualquer estilo \u00e9 bastante simples. A base do mocassim \u00e9 preta, para proteger o sapato de qualquer impacto poss\u00edvel. E apenas a parte superior da l\u00e2mina \u00e9 branca. Assim, no caso de usar cores claras ou cinzentas, combina perfeitamente com a cor da parte superior do mocassim. Da mesma forma, com cores escuras, apenas uma linha de cor \u00e9 vis\u00edvel na parte superior do sapato.<\/p>\n<p>A constru\u00e7\u00e3o destes <strong>mocassins Beatnik Irma Preto e Branco bicolor<\/strong> para mulher \u00e9 feita a partir de uma \u00fanica pe\u00e7a de couro que comp\u00f5e toda a parte inferior da parte superior. O interior \u00e9 forrado com pele de vitelo roxa macia. Da mesma forma, para que estes <strong>mocassins de senhora pretos e brancos<\/strong> possam ser usados em qualquer altura do ano, mesmo em dias de chuva, a sola extra larga \u00e9 feita de um material t\u00e9cnico leve e antiderrapante.<\/p>\n<h3>MOCASSINS PARA MULHER: UM CL\u00c1SSICO QUE ACERTA SEMPRE NO ALVO<\/h3>\n<p>Os mocassins s\u00e3o um b\u00e1sico no guarda-roupa feminino que ano ap\u00f3s ano est\u00e1 a ganhar espa\u00e7o. Isto deve-se ao conforto das \u00faltimas e \u00e0 facilidade com que podem ser combinadas com estilos formais e informais. Consequentemente, existe um interesse crescente nos nossos <strong>mocassins Penny para mulher<\/strong>. \u00c9 certamente imposs\u00edvel resistir \u00e0 eleg\u00e2ncia cl\u00e1ssica do seu design com o toque bicolor que faz deles um par t\u00e3o especial de <strong>mocassins pretos e brancos para mulher<\/strong>. Os <strong>mocassins de senhora em pele bicolor<\/strong> Beatnik Irma Preto e Branco com m\u00e1scara combinam um design cl\u00e1ssico de<strong> mocassins com um toque de cor na parte superior<\/strong>.<\/p>\n<p>Algo que ir\u00e1 real\u00e7ar o estilo da sua dona por muitas esta\u00e7\u00f5es e nas muitas ocasi\u00f5es em que ela puder usar estes <strong>mocassins Penny bicolores<\/strong> femininos.<\/p>\n","protected":false},"excerpt":{"rendered":"<h2>Mocassim preto e branco feito \u00e0 m\u00e3o em Espanha<\/h2>\n<p>Material exterior: Couro de gr\u00e3o<br \/>\nRevestimento: Pele de vaca roxa<br \/>\nMaterial da sola: sola t\u00e9cnica isolante e antiderrapante<br \/>\nTipo de salto: Baixo<\/p>\n","protected":false},"featured_media":58290,"comment_status":"open","ping_status":"closed","template":"","meta":[],"product_brand":[],"product_cat":[9027,9090,9228,9098],"product_tag":[],"woo-feed-brand":[],"class_list":{"0":"post-60402","1":"product","2":"type-product","3":"status-publish","4":"has-post-thumbnail","6":"product_cat-sapatos-de-senhora","7":"product_cat-mocassins","8":"product_cat-saida","9":"product_cat-sapatos-bicolores-para-mulher","10":"pa_talla-zapato-35-pt-pt","11":"pa_talla-zapato-36-pt-pt","12":"pa_talla-zapato-37-pt-pt","13":"pa_talla-zapato-38-pt-pt","14":"pa_talla-zapato-39-pt-pt","15":"pa_talla-zapato-40-pt-pt","16":"pa_talla-zapato-41-pt-pt","18":"first","19":"instock","20":"sale","21":"taxable","22":"shipping-taxable","23":"purchasable","24":"product-type-variable"},"_links":{"self":[{"href":"https:\/\/www.beatnikshoes.com\/pt-pt\/wp-json\/wp\/v2\/product\/60402","targetHints":{"allow":["GET"]}}],"collection":[{"href":"https:\/\/www.beatnikshoes.com\/pt-pt\/wp-json\/wp\/v2\/product"}],"about":[{"href":"https:\/\/www.beatnikshoes.com\/pt-pt\/wp-json\/wp\/v2\/types\/product"}],"replies":[{"embeddable":true,"href":"https:\/\/www.beatnikshoes.com\/pt-pt\/wp-json\/wp\/v2\/comments?post=60402"}],"wp:featuredmedia":[{"embeddable":true,"href":"https:\/\/www.beatnikshoes.com\/pt-pt\/wp-json\/wp\/v2\/media\/58290"}],"wp:attachment":[{"href":"https:\/\/www.beatnikshoes.com\/pt-pt\/wp-json\/wp\/v2\/media?parent=60402"}],"wp:term":[{"taxonomy":"product_brand","embeddable":true,"href":"https:\/\/www.beatnikshoes.com\/pt-pt\/wp-json\/wp\/v2\/product_brand?post=60402"},{"taxonomy":"product_cat","embeddable":true,"href":"https:\/\/www.beatnikshoes.com\/pt-pt\/wp-json\/wp\/v2\/product_cat?post=60402"},{"taxonomy":"product_tag","embeddable":true,"href":"https:\/\/www.beatnikshoes.com\/pt-pt\/wp-json\/wp\/v2\/product_tag?post=60402"},{"taxonomy":"woo-feed-brand","embeddable":true,"href":"https:\/\/www.beatnikshoes.com\/pt-pt\/wp-json\/wp\/v2\/woo-feed-brand?post=60402"}],"curies":[{"name":"wp","href":"https:\/\/api.w.org\/{rel}","templated":true}]}}