{"id":60292,"date":"2018-11-06T13:14:10","date_gmt":"2018-11-06T12:14:10","guid":{"rendered":"https:\/\/www.beatnikshoes.com\/zapatos-hechos-a-mano\/bota-combate-vermelha-estilo-militar-beatnik-joan\/"},"modified":"2025-08-27T21:02:10","modified_gmt":"2025-08-27T19:02:10","slug":"bota-combate-vermelha-estilo-militar-beatnik-joan","status":"publish","type":"product","link":"https:\/\/www.beatnikshoes.com\/pt-pt\/sapatos-feitos-a-mao\/bota-combate-vermelha-estilo-militar-beatnik-joan\/","title":{"rendered":"Bota de combate estilo militar vermelha Beatnik Joan"},"content":{"rendered":"<h2>BOTA DE COMBATE EM PELE COR DE VINHO COM SOLA DE BORRACHA.<\/h2>\n<p><strong>Estilo<\/strong> e <strong>personalidade<\/strong> s\u00e3o dois elementos que n\u00e3o podem faltar em nenhum dos nossos modelos. A <strong>bota de combate vermelha em estilo militar ingl\u00eas<\/strong> sempre foi muito \u00fatil para as esta\u00e7\u00f5es mais frias, para os dias de chuva ou, por outro lado, para os amantes das motas. Muitos dos nossos amigos gostam de <strong>botas quentes<\/strong> e pediram-nos um modelo com o <strong>estilo militar ingl\u00eas<\/strong> cl\u00e1ssico, mas feito com materiais de qualidade e que fosse agrad\u00e1vel de usar.<\/p>\n<p>A <strong>bota unissexo Joan estilo militar bordeaux<\/strong> \u00e9 montada numa <strong>sola refor\u00e7ada antiderrapante<\/strong>. Al\u00e9m disso, \u00e9 ultraleve, pelo que o separa do ch\u00e3o e do eventual frio e chuva, permitindo-lhe us\u00e1-lo durante todo o dia sem qualquer sinal de cansa\u00e7o. Tem um forro macio em pele de vitelo para maior conforto. Quanto ao fecho, opt\u00e1mos por um fecho de correr comprido com um pr\u00e1tico fecho lateral.<\/p>\n<p>Em termos de cor, o preto \u00e9 uma cor popular, mas se acrescentarmos ao forte sotaque desta <strong>bota vermelha de estilo militar ingl\u00eas<\/strong> um toque de cor que combina com praticamente todos os tons e padr\u00f5es, encontramos um modelo que pode ser um must-have no seu guarda-roupa este ano.<\/p>\n","protected":false},"excerpt":{"rendered":"<h2>Bota feminina borgonha feita \u00e0 m\u00e3o em pele de flor integral.<\/h2>\n<p>Material exterior: Couro integral<br \/>\nForro: Pele de bovino<br \/>\nSola: Material comp\u00f3sito isolante e antiderrapante..<br \/>\nFecho: La\u00e7o e fecho de correr<br \/>\nTipo de salto: Baixo<\/p>\n","protected":false},"featured_media":69864,"comment_status":"open","ping_status":"closed","template":"","meta":[],"product_brand":[],"product_cat":[9027,9532,9450,9520,9535,9198],"product_tag":[],"woo-feed-brand":[],"class_list":{"0":"post-60292","1":"product","2":"type-product","3":"status-publish","4":"has-post-thumbnail","6":"product_cat-sapatos-de-senhora","7":"product_cat-bota-com-cordoes","8":"product_cat-botas-pt-pt","9":"product_cat-botas-com-atacadores","10":"product_cat-botas-de-mulher","11":"product_cat-sapatos-de-homem","12":"pa_talla-zapato-35-pt-pt","13":"pa_talla-zapato-36-pt-pt","14":"pa_talla-zapato-37-pt-pt","15":"pa_talla-zapato-38-pt-pt","16":"pa_talla-zapato-39-pt-pt","17":"pa_talla-zapato-40-pt-pt","18":"pa_talla-zapato-41-pt-pt","19":"pa_talla-zapato-42-pt-pt","20":"pa_talla-zapato-43-pt-pt","21":"pa_talla-zapato-44-pt-pt","22":"pa_talla-zapato-45-pt-pt","24":"first","25":"instock","26":"sale","27":"taxable","28":"shipping-taxable","29":"purchasable","30":"product-type-variable"},"_links":{"self":[{"href":"https:\/\/www.beatnikshoes.com\/pt-pt\/wp-json\/wp\/v2\/product\/60292","targetHints":{"allow":["GET"]}}],"collection":[{"href":"https:\/\/www.beatnikshoes.com\/pt-pt\/wp-json\/wp\/v2\/product"}],"about":[{"href":"https:\/\/www.beatnikshoes.com\/pt-pt\/wp-json\/wp\/v2\/types\/product"}],"replies":[{"embeddable":true,"href":"https:\/\/www.beatnikshoes.com\/pt-pt\/wp-json\/wp\/v2\/comments?post=60292"}],"wp:featuredmedia":[{"embeddable":true,"href":"https:\/\/www.beatnikshoes.com\/pt-pt\/wp-json\/wp\/v2\/media\/69864"}],"wp:attachment":[{"href":"https:\/\/www.beatnikshoes.com\/pt-pt\/wp-json\/wp\/v2\/media?parent=60292"}],"wp:term":[{"taxonomy":"product_brand","embeddable":true,"href":"https:\/\/www.beatnikshoes.com\/pt-pt\/wp-json\/wp\/v2\/product_brand?post=60292"},{"taxonomy":"product_cat","embeddable":true,"href":"https:\/\/www.beatnikshoes.com\/pt-pt\/wp-json\/wp\/v2\/product_cat?post=60292"},{"taxonomy":"product_tag","embeddable":true,"href":"https:\/\/www.beatnikshoes.com\/pt-pt\/wp-json\/wp\/v2\/product_tag?post=60292"},{"taxonomy":"woo-feed-brand","embeddable":true,"href":"https:\/\/www.beatnikshoes.com\/pt-pt\/wp-json\/wp\/v2\/woo-feed-brand?post=60292"}],"curies":[{"name":"wp","href":"https:\/\/api.w.org\/{rel}","templated":true}]}}