{"id":60290,"date":"2023-07-02T21:40:29","date_gmt":"2023-07-02T19:40:29","guid":{"rendered":"https:\/\/www.beatnikshoes.com\/zapatos-hechos-a-mano\/mocassins-castanhos-mulheres-beatnik-irma-chesnut\/"},"modified":"2026-05-09T15:19:31","modified_gmt":"2026-05-09T13:19:31","slug":"mocassins-castanhos-mulheres-beatnik-irma-chesnut","status":"publish","type":"product","link":"https:\/\/www.beatnikshoes.com\/pt-pt\/sapatos-feitos-a-mao\/mocassins-castanhos-mulheres-beatnik-irma-chesnut\/","title":{"rendered":"Mocassins castanhos Beatnik Irma Chesnut para mulher"},"content":{"rendered":"<h2>TODAS AS CORES PARA A NOSSA QUERIDA MOCASSIM IRMA<\/h2>\n<p>Un paio di <strong>mocassini da donna in pelle marrone <\/strong>\u00e8 un capo essenziale perfetto per ogni stagione. E nella nostra nuova collezione, abbiamo deciso di includere una pelle pieno fiore color castagna su una forma comoda come i nostri <strong>mocassini penny da donna<\/strong> Irma marroni. <\/p>\n<p>La forma dei nostri <strong>mocassini da donna in pelle marrone<\/strong> \u00e8 progettata per raggiungere due obiettivi. Por um lado, deve ser o mais confort\u00e1vel poss\u00edvel e ajustar-se bem a toda a volta. Por outro lado, procuramos estilizar o p\u00e9 feminino tanto quanto poss\u00edvel. Com os nossos <strong>mocassins Mask castanhos<\/strong> Irma Chesnut, alcan\u00e7\u00e1mos ambos os objectivos.<\/p>\n<p>Estes <strong>mocassins Penny castanhos<\/strong> para <strong>mulher<\/strong> s\u00e3o montados numa \u00fanica pe\u00e7a de couro para minimizar o n\u00famero de costuras. O interior \u00e9 totalmente forrado em pele de bezerro roxa macia. Para este modelo cl\u00e1ssico, inclu\u00edmos a tradicional sola de couro na sua cor natural com costura blake. Tudo isto confere um equil\u00edbrio perfeito ao conjunto e um conforto incr\u00edvel. A cor castanha deste couro de flor macia \u00e9 um castanho m\u00e9dio, com ligeiros tons avermelhados.<\/p>\n<h3>OS MOCASSINS DE SENHORA CASTANHOS MAIS F\u00c1CEIS DE COMBINAR<\/h3>\n<p>O formato dos nossos <strong>mocassins de senhora em pele castanha<\/strong> foi concebido para atingir dois objetivos.<\/p>\n<p>O castanho \u00e9 incrivelmente vers\u00e1til e adapta-se a uma vasta gama de estilos, desde o casual ao formal. <strong>Os mocassins castanhos para mulher<\/strong> destacam-se especialmente como um cal\u00e7ado baixo e confort\u00e1vel para o trabalho e o escrit\u00f3rio, proporcionando um estilo impec\u00e1vel e inigual\u00e1vel.<\/p>\n<p>Este modelo n\u00e3o \u00e9 apenas ideal para trajes formais, mas tamb\u00e9m serve como um toque cl\u00e1ssico para looks mais descontra\u00eddos. Combinadas com cal\u00e7as de ganga simples ao fim de semana, oferecem a combina\u00e7\u00e3o perfeita de estilo e conforto.<\/p>\n<p>Com o seu salto baixo e sola de couro natural, estes mocassins tornam o caminhar um verdadeiro prazer, tornando-os a escolha ideal para dias de trabalho longos e cansativos. Para a pr\u00f3xima esta\u00e7\u00e3o, estes <strong>Penny Loafers castanhos<\/strong> para mulher podem ser a adi\u00e7\u00e3o mais elegante e vers\u00e1til ao seu guarda-roupa. N\u00f3s garantimos!<\/p>\n","protected":false},"excerpt":{"rendered":"<h2>Mocassins castanhos feitos \u00e0 m\u00e3o em Espanha<\/h2>\n<p>Material exterior: Couro de gr\u00e3o<br \/>\nRevestimento: Pele de vaca roxa<br \/>\nMaterial da sola: sola t\u00e9cnica isolante e antiderrapante<br \/>\nTipo de salto: Baixo<\/p>\n","protected":false},"featured_media":59164,"comment_status":"open","ping_status":"closed","template":"","meta":[],"product_brand":[],"product_cat":[9090,9228,9027],"product_tag":[],"woo-feed-brand":[],"class_list":{"0":"post-60290","1":"product","2":"type-product","3":"status-publish","4":"has-post-thumbnail","6":"product_cat-mocassins","7":"product_cat-saida","8":"product_cat-sapatos-de-senhora","9":"pa_talla-zapato-35-pt-pt","10":"pa_talla-zapato-36-pt-pt","11":"pa_talla-zapato-37-pt-pt","12":"pa_talla-zapato-38-pt-pt","13":"pa_talla-zapato-39-pt-pt","14":"pa_talla-zapato-40-pt-pt","15":"pa_talla-zapato-41-pt-pt","17":"first","18":"outofstock","19":"sale","20":"taxable","21":"shipping-taxable","22":"purchasable","23":"product-type-variable"},"_links":{"self":[{"href":"https:\/\/www.beatnikshoes.com\/pt-pt\/wp-json\/wp\/v2\/product\/60290","targetHints":{"allow":["GET"]}}],"collection":[{"href":"https:\/\/www.beatnikshoes.com\/pt-pt\/wp-json\/wp\/v2\/product"}],"about":[{"href":"https:\/\/www.beatnikshoes.com\/pt-pt\/wp-json\/wp\/v2\/types\/product"}],"replies":[{"embeddable":true,"href":"https:\/\/www.beatnikshoes.com\/pt-pt\/wp-json\/wp\/v2\/comments?post=60290"}],"wp:featuredmedia":[{"embeddable":true,"href":"https:\/\/www.beatnikshoes.com\/pt-pt\/wp-json\/wp\/v2\/media\/59164"}],"wp:attachment":[{"href":"https:\/\/www.beatnikshoes.com\/pt-pt\/wp-json\/wp\/v2\/media?parent=60290"}],"wp:term":[{"taxonomy":"product_brand","embeddable":true,"href":"https:\/\/www.beatnikshoes.com\/pt-pt\/wp-json\/wp\/v2\/product_brand?post=60290"},{"taxonomy":"product_cat","embeddable":true,"href":"https:\/\/www.beatnikshoes.com\/pt-pt\/wp-json\/wp\/v2\/product_cat?post=60290"},{"taxonomy":"product_tag","embeddable":true,"href":"https:\/\/www.beatnikshoes.com\/pt-pt\/wp-json\/wp\/v2\/product_tag?post=60290"},{"taxonomy":"woo-feed-brand","embeddable":true,"href":"https:\/\/www.beatnikshoes.com\/pt-pt\/wp-json\/wp\/v2\/woo-feed-brand?post=60290"}],"curies":[{"name":"wp","href":"https:\/\/api.w.org\/{rel}","templated":true}]}}