{"id":60221,"date":"2022-04-23T18:39:58","date_gmt":"2022-04-23T16:39:58","guid":{"rendered":"https:\/\/www.beatnikshoes.com\/zapatos-hechos-a-mano\/sapatos-com-atacadores-bege-para-mulheres-beatnik-ethel-beige\/"},"modified":"2025-08-26T21:12:58","modified_gmt":"2025-08-26T19:12:58","slug":"sapatos-com-atacadores-bege-para-mulheres-beatnik-ethel-beige","status":"publish","type":"product","link":"https:\/\/www.beatnikshoes.com\/pt-pt\/sapatos-feitos-a-mao\/sapatos-com-atacadores-bege-para-mulheres-beatnik-ethel-beige\/","title":{"rendered":"Sapatos de renda bege para mulher Beatnik Ethel Beige"},"content":{"rendered":"<h2>O SAPATO DE SENHORA COM ATACADORES MAIS CL\u00c1SSICO NA COR MAIS ELEGANTE<\/h2>\n<p>Os nossos <strong>sapatos com atacadores estilo Derby bege para mulher<\/strong> s\u00e3o uma das novidades mais populares desta esta\u00e7\u00e3o. A combina\u00e7\u00e3o de um design <strong>cl\u00e1ssico de sapato Brogue Bl<\/strong> ucher com a pele de vitela mais macia na cor mais doce, alcan\u00e7a o resultado espantoso do nosso <strong>Ethel Beige Women&#8217;s Blucher<\/strong>.<\/p>\n<p>O \u00faltimo utilizado \u00e9 o mais confort\u00e1vel da cole\u00e7\u00e3o. Al\u00e9m disso, o design discreto da g\u00e1spea valoriza o p\u00e9 feminino. O exterior destes <strong>sapatos blucher bege para mulher<\/strong> \u00e9 inteiramente decorado com um delicado enfeite feito \u00e0 m\u00e3o.<\/p>\n<p>Todo o interior do sapato \u00e9 forrado com pele de vitelo roxa. Por fim, a sola \u00e9 cosida e fabricada em pele genu\u00edna e rematada com uma fina camada de material antiderrapante.<\/p>\n<p>Estes <strong>sapatos de renda creme para mulher<\/strong> s\u00e3o um dos mais f\u00e1ceis de combinar. Assim, \u00e9 uma das poucas cores que combina perfeitamente com o branco, o preto e todos os azuis. Para al\u00e9m destas tr\u00eas cores universais, \u00e9 perfeito com cores muito mais vivas. Assim, pode us\u00e1-los com estilo com rosa, roxo, amarelo e laranja.<\/p>\n<p>Assim, estes <strong>sapatos de senhora oxford com atacadores beges<\/strong> s\u00e3o perfeitos para um dia de trabalho em cores frias e neutras. Por outro lado, estes bluchers s\u00e3o muito atraentes combinados com um conjunto muito mais casual, mesmo com as cores mais sazonais. Da mesma forma, o contraste proporcionado pelo design cl\u00e1ssico de estilo Oxford com o delicado toque de cor ir\u00e1 real\u00e7ar o seu estilo. \u00c9 por isso que estes <strong>sapatos de senhora com atacadores beges<\/strong> ser\u00e3o um elemento b\u00e1sico do guarda-roupa nesta esta\u00e7\u00e3o.<\/p>\n<p>A pele de bezerro utilizada \u00e9 da mais alta qualidade e a manuten\u00e7\u00e3o \u00e9 bastante f\u00e1cil. Devido \u00e0s suas caracter\u00edsticas naturais, nutrir regularmente a pele com um creme incolor proporciona um resultado impec\u00e1vel. E poder\u00e1 desfrutar destes <strong>brogues femininos bege<\/strong> especiais por muito tempo.<\/p>\n","protected":false},"excerpt":{"rendered":"<h2>Blucher de couro bege feito \u00e0 m\u00e3o em Espanha<\/h2>\n<p>Material exterior: Pele de vitelo bege<br \/>\nForro: Pele de vaca roxa<br \/>\nMaterial da sola: Couro genu\u00edno<br \/>\nFecho: atacadores<br \/>\nTipo de salto: Baixo<\/p>\n","protected":false},"featured_media":74724,"comment_status":"open","ping_status":"closed","template":"","meta":[],"product_brand":[],"product_cat":[9057,9027,9056],"product_tag":[],"woo-feed-brand":[],"class_list":{"0":"post-60221","1":"product","2":"type-product","3":"status-publish","4":"has-post-thumbnail","6":"product_cat-sapatos-blucher-para-mulher","7":"product_cat-sapatos-de-senhora","8":"product_cat-sapatos-oxford-para-mulher","9":"pa_talla-zapato-35-pt-pt","10":"pa_talla-zapato-36-pt-pt","11":"pa_talla-zapato-37-pt-pt","12":"pa_talla-zapato-38-pt-pt","13":"pa_talla-zapato-39-pt-pt","14":"pa_talla-zapato-40-pt-pt","15":"pa_talla-zapato-41-pt-pt","16":"pa_talla-zapato-42-pt-pt","18":"first","19":"instock","20":"sale","21":"taxable","22":"shipping-taxable","23":"purchasable","24":"product-type-variable"},"_links":{"self":[{"href":"https:\/\/www.beatnikshoes.com\/pt-pt\/wp-json\/wp\/v2\/product\/60221","targetHints":{"allow":["GET"]}}],"collection":[{"href":"https:\/\/www.beatnikshoes.com\/pt-pt\/wp-json\/wp\/v2\/product"}],"about":[{"href":"https:\/\/www.beatnikshoes.com\/pt-pt\/wp-json\/wp\/v2\/types\/product"}],"replies":[{"embeddable":true,"href":"https:\/\/www.beatnikshoes.com\/pt-pt\/wp-json\/wp\/v2\/comments?post=60221"}],"wp:featuredmedia":[{"embeddable":true,"href":"https:\/\/www.beatnikshoes.com\/pt-pt\/wp-json\/wp\/v2\/media\/74724"}],"wp:attachment":[{"href":"https:\/\/www.beatnikshoes.com\/pt-pt\/wp-json\/wp\/v2\/media?parent=60221"}],"wp:term":[{"taxonomy":"product_brand","embeddable":true,"href":"https:\/\/www.beatnikshoes.com\/pt-pt\/wp-json\/wp\/v2\/product_brand?post=60221"},{"taxonomy":"product_cat","embeddable":true,"href":"https:\/\/www.beatnikshoes.com\/pt-pt\/wp-json\/wp\/v2\/product_cat?post=60221"},{"taxonomy":"product_tag","embeddable":true,"href":"https:\/\/www.beatnikshoes.com\/pt-pt\/wp-json\/wp\/v2\/product_tag?post=60221"},{"taxonomy":"woo-feed-brand","embeddable":true,"href":"https:\/\/www.beatnikshoes.com\/pt-pt\/wp-json\/wp\/v2\/woo-feed-brand?post=60221"}],"curies":[{"name":"wp","href":"https:\/\/api.w.org\/{rel}","templated":true}]}}