{"id":60137,"date":"2018-12-01T19:29:11","date_gmt":"2018-12-01T18:29:11","guid":{"rendered":"https:\/\/www.beatnikshoes.com\/zapatos-hechos-a-mano\/tenis-para-homem-e-mulher-harper-branco-branco-branco\/"},"modified":"2025-08-27T20:01:02","modified_gmt":"2025-08-27T18:01:02","slug":"tenis-para-homem-e-mulher-harper-branco-branco-branco","status":"publish","type":"product","link":"https:\/\/www.beatnikshoes.com\/pt-pt\/sapatos-feitos-a-mao\/tenis-para-homem-e-mulher-harper-branco-branco-branco\/","title":{"rendered":"Sapatilhas de couro para homem e senhora Harper White"},"content":{"rendered":"<h2>HARPER WHITE &#8211; SAPATILHAS DE COURO BRANCO PARA HOMEM E MULHER FEITAS \u00c0 M\u00c3O EM ESPANHA<\/h2>\n<p>Estas <strong>sapatilhas de couro branco para homem e mulher<\/strong> s\u00e3o as nossas sapatilhas mais minimalistas. Uma forma ultra-confort\u00e1vel desenvolvida com grande cuidado. Materiais de luxo seleccionados nos melhores curtumes da Europa. Artesanato com milhares de horas de experi\u00eancia por detr\u00e1s. E uma linha t\u00e3o discreta quanto elegante no seu conjunto.<\/p>\n<p>Nas passerelles internacionais, um dos elementos que irrompeu \u00e9 a utiliza\u00e7\u00e3o de linhas desportivas combinadas com estilos mais cl\u00e1ssicos. Harper White \u00e9 um <strong>t\u00e9nis cl\u00e1ssico em pele de bezerro branco<\/strong> que combina na perfei\u00e7\u00e3o com linhas contempor\u00e2neas e o estilo mais casual procurado para momentos de lazer. A sola exterior \u00e9 feita de espuma refor\u00e7ada com costura dupla e banda de rodagem antiderrapante extra larga. A sola interior \u00e9 feita de couro genu\u00edno e todo o interior \u00e9 forrado com pele de bezerro roxa. A sola, tamb\u00e9m em pele, \u00e9 facilmente amov\u00edvel e renov\u00e1vel, de modo a prolongar a dura\u00e7\u00e3o de toda a pe\u00e7a. A pele de vitelo foi tratada contra a humidade e a chuva. Um simples pano h\u00famido para remover o p\u00f3 mant\u00ea-los-\u00e1 perfeitos.<\/p>\n<p>Dentro das combina\u00e7\u00f5es de cores, o branco \u00e9 uma cor universal e \u00e9 perfeito com qualquer outra paleta de cores ou padr\u00e3o. E no que diz respeito ao design destas <strong>sapatilhas de couro branco para homem e mulher<\/strong>, as suas linhas puras e minimalistas far\u00e3o com que s\u00f3 tenha em conta o enorme conforto que o seu uso lhe proporciona.<\/p>\n","protected":false},"excerpt":{"rendered":"<h2>Sapatilha branca para homem e mulher feita \u00e0 m\u00e3o em pele de bezerro.<\/h2>\n<p>Material exterior: Pele de vaca branca.<br \/>\nForro: Pele de vaca.<br \/>\nPalmilha: Remov\u00edvel<br \/>\nMaterial da sola: Composto antiderrapante preto.<\/p>\n","protected":false},"featured_media":57080,"comment_status":"open","ping_status":"closed","template":"","meta":[],"product_brand":[],"product_cat":[9198,9228,9027,9763,9756],"product_tag":[],"woo-feed-brand":[],"class_list":{"0":"post-60137","1":"product","2":"type-product","3":"status-publish","4":"has-post-thumbnail","6":"product_cat-sapatos-de-homem","7":"product_cat-saida","8":"product_cat-sapatos-de-senhora","9":"product_cat-tenis-de-couro-pt-pt","10":"product_cat-tenis-de-couro","11":"pa_talla-zapato-35-pt-pt","12":"pa_talla-zapato-36-pt-pt","13":"pa_talla-zapato-37-pt-pt","14":"pa_talla-zapato-38-pt-pt","15":"pa_talla-zapato-39-pt-pt","16":"pa_talla-zapato-40-pt-pt","17":"pa_talla-zapato-41-pt-pt","18":"pa_talla-zapato-42-pt-pt","19":"pa_talla-zapato-43-pt-pt","20":"pa_talla-zapato-44-pt-pt","21":"pa_talla-zapato-45-pt-pt","22":"pa_talla-zapato-46-pt-pt","24":"first","25":"instock","26":"sale","27":"taxable","28":"shipping-taxable","29":"purchasable","30":"product-type-variable"},"_links":{"self":[{"href":"https:\/\/www.beatnikshoes.com\/pt-pt\/wp-json\/wp\/v2\/product\/60137","targetHints":{"allow":["GET"]}}],"collection":[{"href":"https:\/\/www.beatnikshoes.com\/pt-pt\/wp-json\/wp\/v2\/product"}],"about":[{"href":"https:\/\/www.beatnikshoes.com\/pt-pt\/wp-json\/wp\/v2\/types\/product"}],"replies":[{"embeddable":true,"href":"https:\/\/www.beatnikshoes.com\/pt-pt\/wp-json\/wp\/v2\/comments?post=60137"}],"wp:featuredmedia":[{"embeddable":true,"href":"https:\/\/www.beatnikshoes.com\/pt-pt\/wp-json\/wp\/v2\/media\/57080"}],"wp:attachment":[{"href":"https:\/\/www.beatnikshoes.com\/pt-pt\/wp-json\/wp\/v2\/media?parent=60137"}],"wp:term":[{"taxonomy":"product_brand","embeddable":true,"href":"https:\/\/www.beatnikshoes.com\/pt-pt\/wp-json\/wp\/v2\/product_brand?post=60137"},{"taxonomy":"product_cat","embeddable":true,"href":"https:\/\/www.beatnikshoes.com\/pt-pt\/wp-json\/wp\/v2\/product_cat?post=60137"},{"taxonomy":"product_tag","embeddable":true,"href":"https:\/\/www.beatnikshoes.com\/pt-pt\/wp-json\/wp\/v2\/product_tag?post=60137"},{"taxonomy":"woo-feed-brand","embeddable":true,"href":"https:\/\/www.beatnikshoes.com\/pt-pt\/wp-json\/wp\/v2\/woo-feed-brand?post=60137"}],"curies":[{"name":"wp","href":"https:\/\/api.w.org\/{rel}","templated":true}]}}