{"id":60123,"date":"2018-11-29T15:08:18","date_gmt":"2018-11-29T14:08:18","guid":{"rendered":"https:\/\/www.beatnikshoes.com\/zapatos-hechos-a-mano\/sapato-de-homem-oxford-bicolor-holmes-preto-azul\/"},"modified":"2025-08-27T20:40:37","modified_gmt":"2025-08-27T18:40:37","slug":"sapato-de-homem-oxford-bicolor-holmes-preto-azul","status":"publish","type":"product","link":"https:\/\/www.beatnikshoes.com\/pt-pt\/sapatos-feitos-a-mao\/sapato-de-homem-oxford-bicolor-holmes-preto-azul\/","title":{"rendered":"Sapato oxford Holmes preto e azul bicolor para homem"},"content":{"rendered":"<h2>SAPATO OXFORD HOLMES BICOLOR AZUL E PRETO PARA HOMEM<\/h2>\n<p>O nosso <strong>sapato Oxford Holmes Preto e Azul bicolor para homem <\/strong> tornou-se um dos seus sapatos preferidos. Para esta cole\u00e7\u00e3o, pens\u00e1mos que seria melhor oferecer-lhe este cl\u00e1ssico sapato de homem estilo Oxford com um pouco de cor.<\/p>\n<p>Olhando para os nossos roupeiros, os tons escuros e os azuis dominam no inverno. Combin\u00e1mo-los de uma forma discreta. Toda a parte superior e inferior s\u00e3o pretas, pelo que, \u00e0 primeira vista, temos um elegante brogue preto. Mas a parte superior do cord\u00e3o \u00e9 azul-cobalto escuro. Uma combina\u00e7\u00e3o simplesmente fant\u00e1stica com qualquer fato cinzento ou azul-marinho, claro ou escuro. E com qualquer padr\u00e3o de cal\u00e7as, seja liso ou com mil riscas, fica simplesmente espetacular.<\/p>\n<p>Este<strong> sapato Holmes Black &amp; Blue Oxford de duas cores para homem, fabricado em pele azul e preta, <\/strong>assenta numa parte superior em pele genu\u00edna italiana com uma fina camada de espuma antiderrapante. A sola interior \u00e9 em couro almofadado e \u00e9 totalmente forrada em pele de vitelo roxa macia, com costuras m\u00ednimas. Este oxford para homem \u00e9 decorado com um brogue cl\u00e1ssico completo, o que faz dele<strong> um<\/strong> <strong>wingtip full brogue<\/strong>. A parte superior \u00e9 feita de couro de gr\u00e3o, um tipo de pele de vaca extremamente resistente ao frio e \u00e0 humidade. Um prod\u00edgio de estilo, com um toque de cor que o distingue dos outros.<\/p>\n","protected":false},"excerpt":{"rendered":"<h2>Oxford de couro feito \u00e0 m\u00e3o em Espanha<\/h2>\n<p>Material exterior: Pele de gr\u00e3o preta e azul-cobalto<br \/>\nForro: Pele de vaca cor de vinho<br \/>\nMaterial da sola: couro genu\u00edno cosido e uma fina camada antiderrapante injectada<br \/>\nFecho: atacadores<br \/>\nTipo de salto: Baixo<\/p>\n","protected":false},"featured_media":70625,"comment_status":"open","ping_status":"closed","template":"","meta":[],"product_brand":[],"product_cat":[9198,9229,9204],"product_tag":[],"woo-feed-brand":[],"class_list":{"0":"post-60123","1":"product","2":"type-product","3":"status-publish","4":"has-post-thumbnail","6":"product_cat-sapatos-de-homem","7":"product_cat-sapatos-bicolores-para-homem","8":"product_cat-sapatos-oxford-para-homem","9":"pa_talla-zapato-39-pt-pt","10":"pa_talla-zapato-40-pt-pt","11":"pa_talla-zapato-41-pt-pt","12":"pa_talla-zapato-42-pt-pt","13":"pa_talla-zapato-43-pt-pt","14":"pa_talla-zapato-44-pt-pt","15":"pa_talla-zapato-45-pt-pt","16":"pa_talla-zapato-46-pt-pt","18":"first","19":"instock","20":"sale","21":"taxable","22":"shipping-taxable","23":"purchasable","24":"product-type-variable"},"_links":{"self":[{"href":"https:\/\/www.beatnikshoes.com\/pt-pt\/wp-json\/wp\/v2\/product\/60123","targetHints":{"allow":["GET"]}}],"collection":[{"href":"https:\/\/www.beatnikshoes.com\/pt-pt\/wp-json\/wp\/v2\/product"}],"about":[{"href":"https:\/\/www.beatnikshoes.com\/pt-pt\/wp-json\/wp\/v2\/types\/product"}],"replies":[{"embeddable":true,"href":"https:\/\/www.beatnikshoes.com\/pt-pt\/wp-json\/wp\/v2\/comments?post=60123"}],"wp:featuredmedia":[{"embeddable":true,"href":"https:\/\/www.beatnikshoes.com\/pt-pt\/wp-json\/wp\/v2\/media\/70625"}],"wp:attachment":[{"href":"https:\/\/www.beatnikshoes.com\/pt-pt\/wp-json\/wp\/v2\/media?parent=60123"}],"wp:term":[{"taxonomy":"product_brand","embeddable":true,"href":"https:\/\/www.beatnikshoes.com\/pt-pt\/wp-json\/wp\/v2\/product_brand?post=60123"},{"taxonomy":"product_cat","embeddable":true,"href":"https:\/\/www.beatnikshoes.com\/pt-pt\/wp-json\/wp\/v2\/product_cat?post=60123"},{"taxonomy":"product_tag","embeddable":true,"href":"https:\/\/www.beatnikshoes.com\/pt-pt\/wp-json\/wp\/v2\/product_tag?post=60123"},{"taxonomy":"woo-feed-brand","embeddable":true,"href":"https:\/\/www.beatnikshoes.com\/pt-pt\/wp-json\/wp\/v2\/woo-feed-brand?post=60123"}],"curies":[{"name":"wp","href":"https:\/\/api.w.org\/{rel}","templated":true}]}}