{"id":60082,"date":"2018-06-08T10:53:39","date_gmt":"2018-06-08T08:53:39","guid":{"rendered":"https:\/\/www.beatnikshoes.com\/zapatos-hechos-a-mano\/sapato-de-fivela-dupla-castanho-para-mulher\/"},"modified":"2026-05-04T22:43:48","modified_gmt":"2026-05-04T20:43:48","slug":"sapato-de-fivela-dupla-castanho-para-mulher","status":"publish","type":"product","link":"https:\/\/www.beatnikshoes.com\/pt-pt\/sapatos-feitos-a-mao\/sapato-de-fivela-dupla-castanho-para-mulher\/","title":{"rendered":"June Brown Sapato feminino castanho com fivela dupla"},"content":{"rendered":"<h2>SAPATO DE FIVELA DUPLA CASTANHO PARA MULHER.<\/h2>\n<h3>A SOLU\u00c7\u00c3O MAIS VERS\u00c1TIL.<\/h3>\n<p>A formalidade da g\u00e1spea fina do nosso <strong>sapato de senhora castanho com fivela dupla <\/strong>contrasta bem com a textura quente em caramelo da pele fina de vitelo desta pe\u00e7a. O couro macio na ponte envolve o p\u00e9. O fecho \u00e9 perfeitamente ajustado com as duas fivelas cromadas.<\/p>\n<p>Esta <strong>monkstrap castanha para mulher<\/strong>, como todos os modelos da nossa cole\u00e7\u00e3o, \u00e9 feita \u00e0 m\u00e3o. \u00c9 tamb\u00e9m forrado com pele de vitelo roxa com costuras m\u00ednimas, para que o p\u00e9 fique totalmente protegido pela pele mais macia do mercado. E a sola de couro deste <strong>sapato monge castanho para mulher <\/strong>\u00e9 rematada com uma fina camada de material antiderrapante. Tudo isto para isolar ainda mais o propriet\u00e1rio das intemp\u00e9ries.<\/p>\n<p>A cor castanha deste <strong>sapato castanho com duas fivelas <\/strong> \u00e9 um tom perfeito para combinar com toda a gama de tons de preto ou azul. E, claro, com qualquer tipo de gelado de natas ou bolos.<\/p>\n<p>Em conclus\u00e3o, esta <strong>pulseira de monge castanha feminina<\/strong> \u00e9 uma pe\u00e7a preciosa do mais fino artesanato que combina o classicismo intemporal do seu tom caramelo com o calor do melhor couro do mercado.<\/p>\n","protected":false},"excerpt":{"rendered":"<h2>Sapatos de duas fivelas castanhos feitos \u00e0 m\u00e3o<\/h2>\n<p>Material exterior: couro de vitelo castanho mogno<br \/>\nForro: Pele de bezerro<br \/>\nMaterial da sola: Pele cosida e uma camada de material antiderrapante<br \/>\nFecho: Fivelas<br \/>\nTipo de salto: Baixo<\/p>\n","protected":false},"featured_media":59004,"comment_status":"open","ping_status":"closed","template":"","meta":[],"product_brand":[],"product_cat":[9027,9323],"product_tag":[],"woo-feed-brand":[],"class_list":{"0":"post-60082","1":"product","2":"type-product","3":"status-publish","4":"has-post-thumbnail","6":"product_cat-sapatos-de-senhora","7":"product_cat-sapato-com-fivelas","8":"pa_talla-zapato-35-pt-pt","9":"pa_talla-zapato-36-pt-pt","10":"pa_talla-zapato-37-pt-pt","11":"pa_talla-zapato-38-pt-pt","12":"pa_talla-zapato-39-pt-pt","13":"pa_talla-zapato-40-pt-pt","14":"pa_talla-zapato-41-pt-pt","15":"pa_talla-zapato-42-pt-pt","17":"first","18":"instock","19":"sale","20":"taxable","21":"shipping-taxable","22":"purchasable","23":"product-type-variable"},"_links":{"self":[{"href":"https:\/\/www.beatnikshoes.com\/pt-pt\/wp-json\/wp\/v2\/product\/60082","targetHints":{"allow":["GET"]}}],"collection":[{"href":"https:\/\/www.beatnikshoes.com\/pt-pt\/wp-json\/wp\/v2\/product"}],"about":[{"href":"https:\/\/www.beatnikshoes.com\/pt-pt\/wp-json\/wp\/v2\/types\/product"}],"replies":[{"embeddable":true,"href":"https:\/\/www.beatnikshoes.com\/pt-pt\/wp-json\/wp\/v2\/comments?post=60082"}],"wp:featuredmedia":[{"embeddable":true,"href":"https:\/\/www.beatnikshoes.com\/pt-pt\/wp-json\/wp\/v2\/media\/59004"}],"wp:attachment":[{"href":"https:\/\/www.beatnikshoes.com\/pt-pt\/wp-json\/wp\/v2\/media?parent=60082"}],"wp:term":[{"taxonomy":"product_brand","embeddable":true,"href":"https:\/\/www.beatnikshoes.com\/pt-pt\/wp-json\/wp\/v2\/product_brand?post=60082"},{"taxonomy":"product_cat","embeddable":true,"href":"https:\/\/www.beatnikshoes.com\/pt-pt\/wp-json\/wp\/v2\/product_cat?post=60082"},{"taxonomy":"product_tag","embeddable":true,"href":"https:\/\/www.beatnikshoes.com\/pt-pt\/wp-json\/wp\/v2\/product_tag?post=60082"},{"taxonomy":"woo-feed-brand","embeddable":true,"href":"https:\/\/www.beatnikshoes.com\/pt-pt\/wp-json\/wp\/v2\/woo-feed-brand?post=60082"}],"curies":[{"name":"wp","href":"https:\/\/api.w.org\/{rel}","templated":true}]}}