{"id":60063,"date":"2018-05-17T13:22:13","date_gmt":"2018-05-17T11:22:13","guid":{"rendered":"https:\/\/www.beatnikshoes.com\/zapatos-hechos-a-mano\/blucher-dark-orange-crush-womens-ethel-orange-crush\/"},"modified":"2025-08-27T21:21:29","modified_gmt":"2025-08-27T19:21:29","slug":"blucher-dark-orange-crush-womens-ethel-orange-crush","status":"publish","type":"product","link":"https:\/\/www.beatnikshoes.com\/pt-pt\/sapatos-feitos-a-mao\/blucher-dark-orange-crush-womens-ethel-orange-crush\/","title":{"rendered":"Blucher laranja escuro para mulher Ethel Orange Crush"},"content":{"rendered":"<h2>A MELHOR OP\u00c7\u00c3O \u00c9 UM BLUCHER LARANJA ESCURO<\/h2>\n<h3>TODA A COR E PERSONALIDADE PARA ESTA ESTA\u00c7\u00c3O.<\/h3>\n<p>Este <strong>blucher de couro para mulher em couro vermelho<\/strong> bronzeado \u00e9 o culminar da nossa nova cole\u00e7\u00e3o. No \u00faltimo modelo mais confort\u00e1vel da nossa gama, inclu\u00edmos a <strong>pele de vitela<\/strong> mais macia e flex\u00edvel do mercado numa das tonalidades mais vibrantes que conseguimos encontrar. Um laranja tostado cheio de nuances que, consoante a luz do dia, se transforma num tom vermelho escuro avermelhado.<\/p>\n<p>O estilo cl\u00e1ssico deste <strong>sapato de senhora com atacadores vermelhos<\/strong> contrasta com o toque de cor na g\u00e1spea. Garante assim um equil\u00edbrio perfeito entre a eleg\u00e2ncia mais tradicional e o toque contempor\u00e2neo da sua colora\u00e7\u00e3o. A tonalidade deste couro \u00e9 cheia de nuances e combina perfeitamente com todos os tipos de cores pastel e terrosas, bem como com o branco e o azul, cores perfeitas para esta esta\u00e7\u00e3o. Por outro lado, o design da parte superior, o forro em pele de vitelo macio e praticamente sem costuras e a sola em couro integral garantem um conforto inigual\u00e1vel, com e sem meias. A sola de couro \u00e9 tamb\u00e9m rematada com uma fina camada antiderrapante para isolar em caso de chuva.<\/p>\n<p>Este <strong>sapato laranja estilo Oxford para mulher<\/strong> \u00e9 inteiramente <strong>feito \u00e0 m\u00e3o em Espanha <\/strong>. Une a tradi\u00e7\u00e3o secular do artesanato em couro em sapatos de luxo com o intemporal estilo brit\u00e2nico. Tudo isto d\u00e1 origem a um modelo que o acompanhar\u00e1 durante muitas esta\u00e7\u00f5es, devido ao seu conforto e eleg\u00e2ncia.<\/p>\n<p>O seu pr\u00f3ximo \u00eaxito garantido em cor de laranja.<\/p>\n","protected":false},"excerpt":{"rendered":"<h2>Blucher de couro feito \u00e0 m\u00e3o em Espanha<\/h2>\n<p>Material exterior: couro de vitelo laranja escuro<br \/>\nForro: Pele de vaca roxa<br \/>\nMaterial da sola: Couro genu\u00edno<br \/>\nFecho: atacadores<br \/>\nTipo de salto: Baixo<\/p>\n","protected":false},"featured_media":59138,"comment_status":"open","ping_status":"closed","template":"","meta":[],"product_brand":[],"product_cat":[9027,9057,9056],"product_tag":[],"woo-feed-brand":[],"class_list":{"0":"post-60063","1":"product","2":"type-product","3":"status-publish","4":"has-post-thumbnail","6":"product_cat-sapatos-de-senhora","7":"product_cat-sapatos-blucher-para-mulher","8":"product_cat-sapatos-oxford-para-mulher","9":"pa_talla-zapato-35-pt-pt","10":"pa_talla-zapato-36-pt-pt","11":"pa_talla-zapato-37-pt-pt","12":"pa_talla-zapato-38-pt-pt","13":"pa_talla-zapato-39-pt-pt","14":"pa_talla-zapato-40-pt-pt","15":"pa_talla-zapato-41-pt-pt","16":"pa_talla-zapato-42-pt-pt","17":"pa_talla-zapato-43-pt-pt","18":"pa_talla-zapato-44-pt-pt","20":"first","21":"instock","22":"sale","23":"taxable","24":"shipping-taxable","25":"purchasable","26":"product-type-variable"},"_links":{"self":[{"href":"https:\/\/www.beatnikshoes.com\/pt-pt\/wp-json\/wp\/v2\/product\/60063","targetHints":{"allow":["GET"]}}],"collection":[{"href":"https:\/\/www.beatnikshoes.com\/pt-pt\/wp-json\/wp\/v2\/product"}],"about":[{"href":"https:\/\/www.beatnikshoes.com\/pt-pt\/wp-json\/wp\/v2\/types\/product"}],"replies":[{"embeddable":true,"href":"https:\/\/www.beatnikshoes.com\/pt-pt\/wp-json\/wp\/v2\/comments?post=60063"}],"wp:featuredmedia":[{"embeddable":true,"href":"https:\/\/www.beatnikshoes.com\/pt-pt\/wp-json\/wp\/v2\/media\/59138"}],"wp:attachment":[{"href":"https:\/\/www.beatnikshoes.com\/pt-pt\/wp-json\/wp\/v2\/media?parent=60063"}],"wp:term":[{"taxonomy":"product_brand","embeddable":true,"href":"https:\/\/www.beatnikshoes.com\/pt-pt\/wp-json\/wp\/v2\/product_brand?post=60063"},{"taxonomy":"product_cat","embeddable":true,"href":"https:\/\/www.beatnikshoes.com\/pt-pt\/wp-json\/wp\/v2\/product_cat?post=60063"},{"taxonomy":"product_tag","embeddable":true,"href":"https:\/\/www.beatnikshoes.com\/pt-pt\/wp-json\/wp\/v2\/product_tag?post=60063"},{"taxonomy":"woo-feed-brand","embeddable":true,"href":"https:\/\/www.beatnikshoes.com\/pt-pt\/wp-json\/wp\/v2\/woo-feed-brand?post=60063"}],"curies":[{"name":"wp","href":"https:\/\/api.w.org\/{rel}","templated":true}]}}