{"id":60012,"date":"2017-10-11T18:00:33","date_gmt":"2017-10-11T16:00:33","guid":{"rendered":"https:\/\/www.beatnikshoes.com\/zapatos-hechos-a-mano\/homens-allen-allen-loafer-preto-reto-jaqueta\/"},"modified":"2024-09-06T00:09:21","modified_gmt":"2024-09-05T22:09:21","slug":"homens-allen-allen-loafer-preto-reto-jaqueta","status":"publish","type":"product","link":"https:\/\/www.beatnikshoes.com\/pt-pt\/sapatos-feitos-a-mao\/homens-allen-allen-loafer-preto-reto-jaqueta\/","title":{"rendered":"Loafer cl\u00e1ssico preto para homem Allen"},"content":{"rendered":"<h2>MOCASSIM CL\u00c1SSICO PRETO PARA HOMEM COM M\u00c1SCARA FEITA \u00c0 M\u00c3O. UM CL\u00c1SSICO ACTUALIZADO.<\/h2>\n<p>O nosso novo <strong>mocassim<\/strong> Allen <strong>preto<\/strong> para <strong>homem<\/strong> \u00e9 rematado com uma m\u00e1scara frontal cl\u00e1ssica, para os cl\u00e1ssicos. A g\u00e1spea fina \u00e9 constru\u00edda a partir de uma \u00fanica pe\u00e7a de couro genu\u00edno. E o interior inclui um forro em pele de vaca sem costuras, uma palmilha em pele e uma sola cosida.<\/p>\n<p>Gra\u00e7as \u00e0 conce\u00e7\u00e3o da parte superior, todo o p\u00e9 \u00e9 completamente envolvido por pele genu\u00edna, sem qualquer ponto de fric\u00e7\u00e3o, e fica protegido do calor, do frio e das intemp\u00e9ries. Tudo isto comp\u00f5e um <strong>sapato preto estilo castelhano para homem<\/strong> que \u00e9 adequado para todas as esta\u00e7\u00f5es.<\/p>\n<p>Em suma, este <strong>cl\u00e1ssico mocassim preto para homem<\/strong>, feito \u00e0 m\u00e3o em Espanha, \u00e9 perfeito para combinar com fatos formais ou com combina\u00e7\u00f5es mais descontra\u00eddas, com qualquer tipo de cal\u00e7as de qualquer cor. Como resultado, este modelo \u00e9 uma pe\u00e7a muito f\u00e1cil de usar e de combinar, oferecendo \u00e0 sua utilizadora um toque muito cl\u00e1ssico no vestir, bem como um grande conforto.<\/p>\n","protected":false},"excerpt":{"rendered":"<h2>Mocassim preto feito \u00e0 m\u00e3o em Espanha<\/h2>\n<p>Material exterior: Pele de bezerro<br \/>\nForro: Pele de bezerro<br \/>\nMaterial da sola: Pele cosida e uma camada de material antiderrapante<br \/>\nFecho: Ajuste<br \/>\nTipo de salto: Baixo<br \/>\n<strong>Nota sobre o tamanho do modelo Allen<\/strong>: Encomendar um tamanho mais pequeno do que o habitual.<\/p>\n","protected":false},"featured_media":70333,"comment_status":"open","ping_status":"closed","template":"","meta":[],"product_brand":[11792],"product_cat":[9449,9228,9198],"product_tag":[],"woo-feed-brand":[],"class_list":{"0":"post-60012","1":"product","2":"type-product","3":"status-publish","4":"has-post-thumbnail","6":"product_brand-beatnik-shoes-pt-pt","7":"product_cat-mocassins-pt-pt","8":"product_cat-saida","9":"product_cat-sapatos-de-homem","10":"pa_talla-zapato-39-pt-pt","11":"pa_talla-zapato-40-pt-pt","12":"pa_talla-zapato-41-pt-pt","13":"pa_talla-zapato-42-pt-pt","14":"pa_talla-zapato-43-pt-pt","15":"pa_talla-zapato-44-pt-pt","16":"pa_talla-zapato-45-pt-pt","17":"pa_talla-zapato-46-pt-pt","19":"first","20":"instock","21":"sale","22":"taxable","23":"shipping-taxable","24":"purchasable","25":"product-type-variable"},"_links":{"self":[{"href":"https:\/\/www.beatnikshoes.com\/pt-pt\/wp-json\/wp\/v2\/product\/60012","targetHints":{"allow":["GET"]}}],"collection":[{"href":"https:\/\/www.beatnikshoes.com\/pt-pt\/wp-json\/wp\/v2\/product"}],"about":[{"href":"https:\/\/www.beatnikshoes.com\/pt-pt\/wp-json\/wp\/v2\/types\/product"}],"replies":[{"embeddable":true,"href":"https:\/\/www.beatnikshoes.com\/pt-pt\/wp-json\/wp\/v2\/comments?post=60012"}],"wp:featuredmedia":[{"embeddable":true,"href":"https:\/\/www.beatnikshoes.com\/pt-pt\/wp-json\/wp\/v2\/media\/70333"}],"wp:attachment":[{"href":"https:\/\/www.beatnikshoes.com\/pt-pt\/wp-json\/wp\/v2\/media?parent=60012"}],"wp:term":[{"taxonomy":"product_brand","embeddable":true,"href":"https:\/\/www.beatnikshoes.com\/pt-pt\/wp-json\/wp\/v2\/product_brand?post=60012"},{"taxonomy":"product_cat","embeddable":true,"href":"https:\/\/www.beatnikshoes.com\/pt-pt\/wp-json\/wp\/v2\/product_cat?post=60012"},{"taxonomy":"product_tag","embeddable":true,"href":"https:\/\/www.beatnikshoes.com\/pt-pt\/wp-json\/wp\/v2\/product_tag?post=60012"},{"taxonomy":"woo-feed-brand","embeddable":true,"href":"https:\/\/www.beatnikshoes.com\/pt-pt\/wp-json\/wp\/v2\/woo-feed-brand?post=60012"}],"curies":[{"name":"wp","href":"https:\/\/api.w.org\/{rel}","templated":true}]}}