{"id":59953,"date":"2023-12-01T13:03:53","date_gmt":"2023-12-01T12:03:53","guid":{"rendered":"https:\/\/www.beatnikshoes.com\/zapatos-hechos-a-mano\/bota-chelsea-preta-bota-de-mulher-em-couro-carla\/"},"modified":"2025-08-25T14:43:24","modified_gmt":"2025-08-25T12:43:24","slug":"bota-chelsea-preta-bota-de-mulher-em-couro-carla","status":"publish","type":"product","link":"https:\/\/www.beatnikshoes.com\/pt-pt\/sapatos-feitos-a-mao\/bota-chelsea-preta-bota-de-mulher-em-couro-carla\/","title":{"rendered":"Bota Chelsea preta para mulher em pele Carla"},"content":{"rendered":"<h2>UMA BOTA CHELSEA CL\u00c1SSICA EM PRETO, COM TODO O ESTILO E QUALIDADE PARA SE ADAPTAR A SI COM ELEG\u00c2NCIA.<\/h2>\n<p>Estilo e personalidade s\u00e3o os elementos que tentamos manter na nossa cole\u00e7\u00e3o. E se h\u00e1 um modelo que o faz em grande estilo, \u00e9 a nossa <strong>bota Chelsea preta para mulher<\/strong>.<\/p>\n<p>O conforto \u00e9 garantido pelos oito anos de desenvolvimento do \u00faltimo, pelo trabalho artesanal e pela qualidade dos materiais utilizados.<\/p>\n<p>Descubra o design excecional da nossa <strong>bota Chelsea preta para mulher,<\/strong> concebida para adelga\u00e7ar o p\u00e9, oferecer um ajuste \u00fanico, proporcionar prote\u00e7\u00e3o ao tornozelo e um conforto t\u00e9rmico inigual\u00e1vel. A sua versatilidade \u00e9 insuper\u00e1vel, uma vez que pode ser usado tanto por dentro como por fora das cal\u00e7as, sem necessidade de o esconder.<\/p>\n<p>Esta <strong>bota Chelsea<\/strong> adapta-se a todas as cores e estilos, dando o toque perfeito a qualquer roupa do seu guarda-roupa. Com o seu design cuidadosamente trabalhado, esta bota n\u00e3o \u00e9 apenas elegante, mas tamb\u00e9m funcional e confort\u00e1vel para qualquer ocasi\u00e3o. D\u00ea um toque de estilo e praticidade aos seus looks di\u00e1rios com a nossa bota Chelsea para mulher.<\/p>\n<p>As nossas <strong>botas Chelsea pretas<\/strong> Carla s\u00e3o feitas \u00e0 m\u00e3o com a pele de bezerro mais macia, apresentam um forro interior em pele de bovino roxa costurada \u00e0 m\u00e3o e solas interiores e exteriores em pele com uma camada exterior protetora de spai antiderrapante.<\/p>\n<p>Para esta esta\u00e7\u00e3o, desfrute da melhor<strong> bota Chelsea preta para mulher<\/strong>, feita em pele de vitela preta, forro em pele de vaca roxa, sola em pele com uma fina camada de espuma antiderrapante.<\/p>\n","protected":false},"excerpt":{"rendered":"<h2>Bota chelsea feita \u00e0 m\u00e3o em Espanha<\/h2>\n<p>Material exterior: Pele de bezerro<br \/>\nForro interior: Pele de vaca roxa<br \/>\nMaterial da sola: couro genu\u00edno e uma fina camada antiderrapante injectada<br \/>\nSalto: baixo<\/p>\n","protected":false},"featured_media":59232,"comment_status":"open","ping_status":"closed","template":"","meta":[],"product_brand":[11792],"product_cat":[9590,9535,9027],"product_tag":[],"woo-feed-brand":[],"class_list":{"0":"post-59953","1":"product","2":"type-product","3":"status-publish","4":"has-post-thumbnail","6":"product_brand-beatnik-shoes-pt-pt","7":"product_cat-botas-chelsea-para-mulher","8":"product_cat-botas-de-mulher","9":"product_cat-sapatos-de-senhora","10":"pa_talla-zapato-35-pt-pt","11":"pa_talla-zapato-36-pt-pt","12":"pa_talla-zapato-37-pt-pt","13":"pa_talla-zapato-38-pt-pt","14":"pa_talla-zapato-39-pt-pt","15":"pa_talla-zapato-40-pt-pt","16":"pa_talla-zapato-41-pt-pt","17":"pa_talla-zapato-42-pt-pt","19":"first","20":"instock","21":"sale","22":"taxable","23":"shipping-taxable","24":"purchasable","25":"product-type-variable"},"_links":{"self":[{"href":"https:\/\/www.beatnikshoes.com\/pt-pt\/wp-json\/wp\/v2\/product\/59953","targetHints":{"allow":["GET"]}}],"collection":[{"href":"https:\/\/www.beatnikshoes.com\/pt-pt\/wp-json\/wp\/v2\/product"}],"about":[{"href":"https:\/\/www.beatnikshoes.com\/pt-pt\/wp-json\/wp\/v2\/types\/product"}],"replies":[{"embeddable":true,"href":"https:\/\/www.beatnikshoes.com\/pt-pt\/wp-json\/wp\/v2\/comments?post=59953"}],"wp:featuredmedia":[{"embeddable":true,"href":"https:\/\/www.beatnikshoes.com\/pt-pt\/wp-json\/wp\/v2\/media\/59232"}],"wp:attachment":[{"href":"https:\/\/www.beatnikshoes.com\/pt-pt\/wp-json\/wp\/v2\/media?parent=59953"}],"wp:term":[{"taxonomy":"product_brand","embeddable":true,"href":"https:\/\/www.beatnikshoes.com\/pt-pt\/wp-json\/wp\/v2\/product_brand?post=59953"},{"taxonomy":"product_cat","embeddable":true,"href":"https:\/\/www.beatnikshoes.com\/pt-pt\/wp-json\/wp\/v2\/product_cat?post=59953"},{"taxonomy":"product_tag","embeddable":true,"href":"https:\/\/www.beatnikshoes.com\/pt-pt\/wp-json\/wp\/v2\/product_tag?post=59953"},{"taxonomy":"woo-feed-brand","embeddable":true,"href":"https:\/\/www.beatnikshoes.com\/pt-pt\/wp-json\/wp\/v2\/woo-feed-brand?post=59953"}],"curies":[{"name":"wp","href":"https:\/\/api.w.org\/{rel}","templated":true}]}}