{"id":59947,"date":"2018-04-26T11:07:12","date_gmt":"2018-04-26T09:07:12","guid":{"rendered":"https:\/\/www.beatnikshoes.com\/zapatos-hechos-a-mano\/preto-francoise-noir-sandalia-canguru-preta-para-mulher\/"},"modified":"2025-08-27T21:31:26","modified_gmt":"2025-08-27T19:31:26","slug":"preto-francoise-noir-sandalia-canguru-preta-para-mulher","status":"publish","type":"product","link":"https:\/\/www.beatnikshoes.com\/pt-pt\/sapatos-feitos-a-mao\/preto-francoise-noir-sandalia-canguru-preta-para-mulher\/","title":{"rendered":"Fran\u00e7oise Noir sand\u00e1lia de caranguejo preta para mulher"},"content":{"rendered":"<h2>SAND\u00c1LIA FEMININA BLACK CRAB: ESTILO E CONFORTO INIGUAL\u00c1VEIS<\/h2>\n<p>Uma <strong>sand\u00e1lia de caranguejo preta para mulher<\/strong>, no melhor couro, \u00e9 a melhor solu\u00e7\u00e3o para passear nos dias e noites mais agrad\u00e1veis do sul da Europa. E estas elegantes sand\u00e1lias Beatnik com biqueira fechada e um confort\u00e1vel salto de 4 cent\u00edmetros n\u00e3o s\u00e3o apenas para a esta\u00e7\u00e3o. S\u00e3o perfeitos para todos os meses quentes de que temos a sorte de desfrutar, combinados com ou sem collants. Desenvolvemos uma forma que se adapta perfeitamente ao p\u00e9 e \u00e9 coberta por uma g\u00e1spea criada a partir de tiras finas de couro de vitelo forradas com couro de vitelo macio.<\/p>\n<p>Cada uma das<strong> sand\u00e1lias fechadas em pele preta Fran\u00e7oise noir<\/strong> \u00e9 entrela\u00e7ada com a sola e o conjunto \u00e9 rematado com a ponta fina da parte superior. O ajuste \u00e9 efectuado no tornozelo por meio de uma confort\u00e1vel fivela de metal cromado.<\/p>\n<p>Um prod\u00edgio do artesanato, utilizando apenas o melhor couro do mercado para criar uma sand\u00e1lia elegante com um salto largo confort\u00e1vel. Esta altura \u00e9, por conseguinte, a altura ideal para separar o calcanhar do eventual calor do solo. A sola \u00e9 de couro genu\u00edno e toda a sola interior \u00e9 forrada com pele de vitelo. A g\u00e1spea cuidadosamente desenhada e a cor preta da pele genu\u00edna fazem deste modelo de <strong>sand\u00e1lia preta com biqueira pontiaguda e salto baixo<\/strong> uma op\u00e7\u00e3o muito f\u00e1cil de usar com conforto e eleg\u00e2ncia nesta esta\u00e7\u00e3o. Esta sand\u00e1lia preta para mulher combina na perfei\u00e7\u00e3o com qualquer vestido curto ou comprido, saia ou cal\u00e7as.<\/p>\n<p>Devido ao seu corte, s\u00e3o perfeitos para um look mais casual ou para um estilo mais formal ou mesmo profissional. As formas org\u00e2nicas deste <strong>caranguejo preto para mulher <\/strong>rematam um look muito sofisticado e s\u00e3o perfeitas com cal\u00e7as de ganga. Isto deve-se \u00e0 sua versatilidade e facilidade de combina\u00e7\u00e3o.<\/p>\n<p>Uma aposta segura para esta \u00e9poca.<\/p>\n","protected":false},"excerpt":{"rendered":"<h2>Sand\u00e1lia de caranguejo em pele preta feita \u00e0 m\u00e3o em Espanha<\/h2>\n<p>Material exterior: couro de vitelo preto<br \/>\nForro: Pele de vaca roxa<br \/>\nMaterial da sola: Couro genu\u00edno<br \/>\nFecho: Fivelas<br \/>\nTipo de salto: M\u00e9dio<br \/>\nComposi\u00e7\u00e3o: 100 % couro<\/p>\n<p><strong>Nota sobre o tamanho do nosso modelo Fran\u00e7oise: Por favor, encomendar um tamanho acima.<\/strong><\/p>\n","protected":false},"featured_media":57222,"comment_status":"open","ping_status":"closed","template":"","meta":[],"product_brand":[11792],"product_cat":[9027,9610],"product_tag":[],"woo-feed-brand":[],"class_list":{"0":"post-59947","1":"product","2":"type-product","3":"status-publish","4":"has-post-thumbnail","6":"product_brand-beatnik-shoes-pt-pt","7":"product_cat-sapatos-de-senhora","8":"product_cat-sandalias-cangrejeras","9":"pa_talla-zapato-35-pt-pt","10":"pa_talla-zapato-36-pt-pt","11":"pa_talla-zapato-37-pt-pt","12":"pa_talla-zapato-38-pt-pt","13":"pa_talla-zapato-39-pt-pt","14":"pa_talla-zapato-40-pt-pt","15":"pa_talla-zapato-41-pt-pt","16":"pa_talla-zapato-42-pt-pt","17":"pa_talla-zapato-43-pt-pt","18":"pa_talla-zapato-44-pt-pt","19":"pa_talla-zapato-45-pt-pt","21":"first","22":"instock","23":"sale","24":"taxable","25":"shipping-taxable","26":"purchasable","27":"product-type-variable"},"_links":{"self":[{"href":"https:\/\/www.beatnikshoes.com\/pt-pt\/wp-json\/wp\/v2\/product\/59947","targetHints":{"allow":["GET"]}}],"collection":[{"href":"https:\/\/www.beatnikshoes.com\/pt-pt\/wp-json\/wp\/v2\/product"}],"about":[{"href":"https:\/\/www.beatnikshoes.com\/pt-pt\/wp-json\/wp\/v2\/types\/product"}],"replies":[{"embeddable":true,"href":"https:\/\/www.beatnikshoes.com\/pt-pt\/wp-json\/wp\/v2\/comments?post=59947"}],"wp:featuredmedia":[{"embeddable":true,"href":"https:\/\/www.beatnikshoes.com\/pt-pt\/wp-json\/wp\/v2\/media\/57222"}],"wp:attachment":[{"href":"https:\/\/www.beatnikshoes.com\/pt-pt\/wp-json\/wp\/v2\/media?parent=59947"}],"wp:term":[{"taxonomy":"product_brand","embeddable":true,"href":"https:\/\/www.beatnikshoes.com\/pt-pt\/wp-json\/wp\/v2\/product_brand?post=59947"},{"taxonomy":"product_cat","embeddable":true,"href":"https:\/\/www.beatnikshoes.com\/pt-pt\/wp-json\/wp\/v2\/product_cat?post=59947"},{"taxonomy":"product_tag","embeddable":true,"href":"https:\/\/www.beatnikshoes.com\/pt-pt\/wp-json\/wp\/v2\/product_tag?post=59947"},{"taxonomy":"woo-feed-brand","embeddable":true,"href":"https:\/\/www.beatnikshoes.com\/pt-pt\/wp-json\/wp\/v2\/woo-feed-brand?post=59947"}],"curies":[{"name":"wp","href":"https:\/\/api.w.org\/{rel}","templated":true}]}}